{"id":53420,"date":"2023-04-23T13:19:12","date_gmt":"2023-04-23T13:19:12","guid":{"rendered":"https:\/\/mavideniz.com.tr\/?page_id=53420"},"modified":"2023-04-23T13:19:17","modified_gmt":"2023-04-23T13:19:17","slug":"chypre-equipement-dintervention-en-cas-de-deversement-dhydrocarbures-de-niveau-1","status":"publish","type":"page","link":"https:\/\/mavideniz.com.tr\/fr\/actualites-evenements\/chypre-equipement-dintervention-en-cas-de-deversement-dhydrocarbures-de-niveau-1\/","title":{"rendered":"CHYPRE &#8211; \u00c9QUIPEMENT D&rsquo;INTERVENTION EN CAS DE D\u00c9VERSEMENT D&rsquo;HYDROCARBURES DE NIVEAU 1"},"content":{"rendered":"<p>Le 18 janvier 2016, Mavi Deniz a fourni un \u00e9quipement d&rsquo;intervention contre les d\u00e9versements d&rsquo;hydrocarbures de niveau 1<br \/>\n(1 \u00e9cumoire multi-huile de 30 m3 \/ h, rampe d&rsquo;huile de port de 650 m, 2 bobines de rampe \u00e9lectrique, rampe sorbante de 1 000 m, tampons, etc.) \u00e0 l&rsquo;installation de l&rsquo;Autorit\u00e9 de l&rsquo;\u00e9lectricit\u00e9 de Cyrus au port de Magosa. Apr\u00e8s le d\u00e9versement en 2013, environ 100 tonnes de carburant se sont \u00e9chapp\u00e9es dans la mer lorsqu&rsquo;un p\u00e9trolier a d\u00e9charg\u00e9 dans une centrale \u00e9lectrique mardi dans la ville de<br \/>\nGastrique (connu en turc sous le nom de Kalecik). Chypre d\u00e9veloppe sa capacit\u00e9 avec des \u00e9quipements d&rsquo;intervention en cas de mar\u00e9e noire. Mehmet Harmanci, responsable du tourisme, de l&rsquo;environnement et de la culture de la R\u00e9publique turque autoproclam\u00e9e de Chypre du Nord, a d\u00e9clar\u00e9 qu&rsquo;un navire de Turquie \u00e9quip\u00e9 d&rsquo;\u00e9quipements de contr\u00f4le de la pollution aidait au nettoyage.<br \/>\nDes t\u00e9moins ont rapport\u00e9 avoir vu des nappes de p\u00e9trole le long d&rsquo;une \u00e9tendue de jusqu&rsquo;\u00e0 cinq kilom\u00e8tres de c\u00f4te au sud de la p\u00e9ninsule de Karpas, connue sous le nom de panhandle de l&rsquo;\u00eele divis\u00e9e.<br \/>\nUn communiqu\u00e9 officiel a qualifi\u00e9 la mar\u00e9e noire de \u00ab\u00a0d\u00e9sastre environnemental\u00a0\u00bb au cours duquel 100 tonnes de carburant se sont d\u00e9vers\u00e9es dans la mer en seulement 15 minutes.<br \/>\nAu fur et \u00e0 mesure que les op\u00e9rations de nettoyage avan\u00e7aient, elle a d\u00e9clar\u00e9 que les pr\u00e9cautions n\u00e9cessaires seraient prises pour \u00e9viter de tels accidents.<br \/>\nL&rsquo;\u00eele de la M\u00e9diterran\u00e9e orientale est divis\u00e9e depuis 1974, quand les forces turques ont envahi les \u00eeles suite \u00e0 un coup d&rsquo;\u00c9tat des Chypriotes grecs qui voulaient se r\u00e9unifier avec la Gr\u00e8ce. Pour plus d&rsquo;informations, n&rsquo;h\u00e9sitez pas \u00e0 nous contacter : info@mavideniz.com.tr.<\/p>\n","protected":false},"excerpt":{"rendered":"<p>Le 18 janvier 2016, Mavi Deniz a fourni un \u00e9quipement d&rsquo;intervention contre les d\u00e9versements d&rsquo;hydrocarbures de niveau 1 (1 \u00e9cumoire [&hellip;]<\/p>\n","protected":false},"author":1,"featured_media":0,"parent":42559,"menu_order":0,"comment_status":"closed","ping_status":"closed","template":"","meta":{"site-sidebar-layout":"default","site-content-layout":"","ast-site-content-layout":"default","site-content-style":"default","site-sidebar-style":"default","ast-global-header-display":"","ast-banner-title-visibility":"","ast-main-header-display":"","ast-hfb-above-header-display":"","ast-hfb-below-header-display":"","ast-hfb-mobile-header-display":"","site-post-title":"","ast-breadcrumbs-content":"","ast-featured-img":"","footer-sml-layout":"","ast-disable-related-posts":"","theme-transparent-header-meta":"","adv-header-id-meta":"","stick-header-meta":"","header-above-stick-meta":"","header-main-stick-meta":"","header-below-stick-meta":"","astra-migrate-meta-layouts":"default","ast-page-background-enabled":"default","ast-page-background-meta":{"desktop":{"background-color":"var(--ast-global-color-5)","background-image":"","background-repeat":"repeat","background-position":"center center","background-size":"auto","background-attachment":"scroll","background-type":"","background-media":"","overlay-type":"","overlay-color":"","overlay-opacity":"","overlay-gradient":""},"tablet":{"background-color":"","background-image":"","background-repeat":"repeat","background-position":"center center","background-size":"auto","background-attachment":"scroll","background-type":"","background-media":"","overlay-type":"","overlay-color":"","overlay-opacity":"","overlay-gradient":""},"mobile":{"background-color":"","background-image":"","background-repeat":"repeat","background-position":"center center","background-size":"auto","background-attachment":"scroll","background-type":"","background-media":"","overlay-type":"","overlay-color":"","overlay-opacity":"","overlay-gradient":""}},"ast-content-background-meta":{"desktop":{"background-color":"var(--ast-global-color-4)","background-image":"","background-repeat":"repeat","background-position":"center center","background-size":"auto","background-attachment":"scroll","background-type":"","background-media":"","overlay-type":"","overlay-color":"","overlay-opacity":"","overlay-gradient":""},"tablet":{"background-color":"var(--ast-global-color-4)","background-image":"","background-repeat":"repeat","background-position":"center center","background-size":"auto","background-attachment":"scroll","background-type":"","background-media":"","overlay-type":"","overlay-color":"","overlay-opacity":"","overlay-gradient":""},"mobile":{"background-color":"var(--ast-global-color-4)","background-image":"","background-repeat":"repeat","background-position":"center center","background-size":"auto","background-attachment":"scroll","background-type":"","background-media":"","overlay-type":"","overlay-color":"","overlay-opacity":"","overlay-gradient":""}},"footnotes":""},"class_list":["post-53420","page","type-page","status-publish","hentry"],"_links":{"self":[{"href":"https:\/\/mavideniz.com.tr\/fr\/wp-json\/wp\/v2\/pages\/53420","targetHints":{"allow":["GET"]}}],"collection":[{"href":"https:\/\/mavideniz.com.tr\/fr\/wp-json\/wp\/v2\/pages"}],"about":[{"href":"https:\/\/mavideniz.com.tr\/fr\/wp-json\/wp\/v2\/types\/page"}],"author":[{"embeddable":true,"href":"https:\/\/mavideniz.com.tr\/fr\/wp-json\/wp\/v2\/users\/1"}],"replies":[{"embeddable":true,"href":"https:\/\/mavideniz.com.tr\/fr\/wp-json\/wp\/v2\/comments?post=53420"}],"version-history":[{"count":0,"href":"https:\/\/mavideniz.com.tr\/fr\/wp-json\/wp\/v2\/pages\/53420\/revisions"}],"up":[{"embeddable":true,"href":"https:\/\/mavideniz.com.tr\/fr\/wp-json\/wp\/v2\/pages\/42559"}],"wp:attachment":[{"href":"https:\/\/mavideniz.com.tr\/fr\/wp-json\/wp\/v2\/media?parent=53420"}],"curies":[{"name":"wp","href":"https:\/\/api.w.org\/{rel}","templated":true}]}}