{"id":53436,"date":"2023-04-23T13:28:31","date_gmt":"2023-04-23T13:28:31","guid":{"rendered":"https:\/\/mavideniz.com.tr\/?page_id=53436"},"modified":"2023-04-23T13:28:36","modified_gmt":"2023-04-23T13:28:36","slug":"drum-oil-skimmer-livraison-en-belgique","status":"publish","type":"page","link":"https:\/\/mavideniz.com.tr\/fr\/actualites-evenements\/drum-oil-skimmer-livraison-en-belgique\/","title":{"rendered":"DRUM OIL SKIMMER LIVRAISON EN BELGIQUE"},"content":{"rendered":"<p>MAVI DENIZ signe un accord avec OilX Hydro SPRL \/ BVBA Company pour livrer un \u00e9cumoire \u00e0 tambour avec un bloc d&rsquo;alimentation hydraulique complet et des pompes de transfert. L&rsquo;aci\u00e9rie belge a besoin de r\u00e9cup\u00e9rer les huiles et plus de lubrifiants et d&rsquo;huile hydraulique que les combustibles bruts ou lourds.<\/p>\n<p>Drum Oil Skimmer Capacit\u00e9 : 20 m3 \/ hr<\/p>\n<p>Ces \u00e9cumoire \u00e0 tambour flottant flottent sur la surface, et la flottation \u00e9tanche les rend insubmersibles. Les tambours sont motoris\u00e9s (par air ou<img loading=\"lazy\" decoding=\"async\" class=\"alignright wp-image-26072 size-full\" src=\"https:\/\/mavideniz.com.tr\/wp-content\/uploads\/Media-Centre\/News-Events\/2017\/Drum-Oil-Skimmer-2.jpg\" width=\"375\" height=\"250\" alt=\"\" title=\"\"> hydraulique) et tournent lentement, attirant l&rsquo;huile \u00e0 sa surface et tournant autour du balai d&rsquo;essuie-glace, ce qui racle l&rsquo;huile flottante, et elle s&rsquo;\u00e9coule dans la zone du puisard, o\u00f9 elle est recueillie par aspiration de la pompe et transf\u00e9r\u00e9e au stockage.<\/p>\n<p>Les \u00e9cumeurs hydrauliques peuvent \u00eatre livr\u00e9s avec des blocs d&rsquo;alimentation hydrauliques \u00e0 entra\u00eenement diesel ou \u00e9lectrique.<\/p>\n<p>Il dispose d&rsquo;un moteur diesel \u00e9lectrique de d\u00e9marrage mont\u00e9 dans un cadre en acier cage avec des commandes. Des poign\u00e9es et des roues solides sont install\u00e9es pour que l&rsquo;unit\u00e9 puisse se d\u00e9placer sur le site. Le style ouvert permet un excellent acc\u00e8s pour l&rsquo;entretien.<\/p>\n","protected":false},"excerpt":{"rendered":"<p>MAVI DENIZ signe un accord avec OilX Hydro SPRL \/ BVBA Company pour livrer un \u00e9cumoire \u00e0 tambour avec un [&hellip;]<\/p>\n","protected":false},"author":1,"featured_media":0,"parent":42559,"menu_order":0,"comment_status":"closed","ping_status":"closed","template":"","meta":{"site-sidebar-layout":"default","site-content-layout":"","ast-site-content-layout":"default","site-content-style":"default","site-sidebar-style":"default","ast-global-header-display":"","ast-banner-title-visibility":"","ast-main-header-display":"","ast-hfb-above-header-display":"","ast-hfb-below-header-display":"","ast-hfb-mobile-header-display":"","site-post-title":"","ast-breadcrumbs-content":"","ast-featured-img":"","footer-sml-layout":"","ast-disable-related-posts":"","theme-transparent-header-meta":"","adv-header-id-meta":"","stick-header-meta":"","header-above-stick-meta":"","header-main-stick-meta":"","header-below-stick-meta":"","astra-migrate-meta-layouts":"default","ast-page-background-enabled":"default","ast-page-background-meta":{"desktop":{"background-color":"var(--ast-global-color-5)","background-image":"","background-repeat":"repeat","background-position":"center center","background-size":"auto","background-attachment":"scroll","background-type":"","background-media":"","overlay-type":"","overlay-color":"","overlay-opacity":"","overlay-gradient":""},"tablet":{"background-color":"","background-image":"","background-repeat":"repeat","background-position":"center center","background-size":"auto","background-attachment":"scroll","background-type":"","background-media":"","overlay-type":"","overlay-color":"","overlay-opacity":"","overlay-gradient":""},"mobile":{"background-color":"","background-image":"","background-repeat":"repeat","background-position":"center center","background-size":"auto","background-attachment":"scroll","background-type":"","background-media":"","overlay-type":"","overlay-color":"","overlay-opacity":"","overlay-gradient":""}},"ast-content-background-meta":{"desktop":{"background-color":"var(--ast-global-color-4)","background-image":"","background-repeat":"repeat","background-position":"center center","background-size":"auto","background-attachment":"scroll","background-type":"","background-media":"","overlay-type":"","overlay-color":"","overlay-opacity":"","overlay-gradient":""},"tablet":{"background-color":"var(--ast-global-color-4)","background-image":"","background-repeat":"repeat","background-position":"center center","background-size":"auto","background-attachment":"scroll","background-type":"","background-media":"","overlay-type":"","overlay-color":"","overlay-opacity":"","overlay-gradient":""},"mobile":{"background-color":"var(--ast-global-color-4)","background-image":"","background-repeat":"repeat","background-position":"center center","background-size":"auto","background-attachment":"scroll","background-type":"","background-media":"","overlay-type":"","overlay-color":"","overlay-opacity":"","overlay-gradient":""}},"footnotes":""},"class_list":["post-53436","page","type-page","status-publish","hentry"],"_links":{"self":[{"href":"https:\/\/mavideniz.com.tr\/fr\/wp-json\/wp\/v2\/pages\/53436","targetHints":{"allow":["GET"]}}],"collection":[{"href":"https:\/\/mavideniz.com.tr\/fr\/wp-json\/wp\/v2\/pages"}],"about":[{"href":"https:\/\/mavideniz.com.tr\/fr\/wp-json\/wp\/v2\/types\/page"}],"author":[{"embeddable":true,"href":"https:\/\/mavideniz.com.tr\/fr\/wp-json\/wp\/v2\/users\/1"}],"replies":[{"embeddable":true,"href":"https:\/\/mavideniz.com.tr\/fr\/wp-json\/wp\/v2\/comments?post=53436"}],"version-history":[{"count":0,"href":"https:\/\/mavideniz.com.tr\/fr\/wp-json\/wp\/v2\/pages\/53436\/revisions"}],"up":[{"embeddable":true,"href":"https:\/\/mavideniz.com.tr\/fr\/wp-json\/wp\/v2\/pages\/42559"}],"wp:attachment":[{"href":"https:\/\/mavideniz.com.tr\/fr\/wp-json\/wp\/v2\/media?parent=53436"}],"curies":[{"name":"wp","href":"https:\/\/api.w.org\/{rel}","templated":true}]}}