{"id":53445,"date":"2023-04-23T14:28:43","date_gmt":"2023-04-23T14:28:43","guid":{"rendered":"https:\/\/mavideniz.com.tr\/?page_id=53445"},"modified":"2023-04-23T14:28:48","modified_gmt":"2023-04-23T14:28:48","slug":"georgie-rapport-detude-de-faisabilite-de-12-x-rivieres","status":"publish","type":"page","link":"https:\/\/mavideniz.com.tr\/fr\/actualites-evenements\/georgie-rapport-detude-de-faisabilite-de-12-x-rivieres\/","title":{"rendered":"GEORGIE &#8211; RAPPORT D&rsquo;ETUDE DE FAISABILITE DE 12 X RIVIERES"},"content":{"rendered":"<p>MAVI DENIZ est d&rsquo;accord avec MDF, G\u00e9orgie, sur les sujets suivants :<\/p>\n<p>Comprend (sans s&rsquo;y limiter) la recherche hydrologique, topog\u00e9od\u00e9sique, bathym\u00e9trique, g\u00e9ologique et d&rsquo;ichtyofaune.<img loading=\"lazy\" decoding=\"async\" class=\"alignright wp-image-25832 size-full\" src=\"https:\/\/mavideniz.com.tr\/wp-content\/uploads\/Media-Centre\/News-Events\/2019\/RIVER-TRASH-FEASIBILITY-STUDY-REPORT-1.jpg\" width=\"375\" height=\"250\" alt=\"\" title=\"\"><\/p>\n<ul>\n<li>Recherche hydrologique<\/li>\n<li>D\u00e9terminer le calcul du volume d&rsquo;eau et les niveaux en fonction des secteurs ;<\/li>\n<li>Identifier les \u00e9l\u00e9ments hydrauliques de la rivi\u00e8re dans la zone du projet ;<\/li>\n<li>Cr\u00e9er des crues fluviales annuelles et un calendrier de niveau d&rsquo;eau l\u00e9gal ;<\/li>\n<li>Attribution des zones c\u00f4ti\u00e8res de lutte contre les inondations et les lavages ;<\/li>\n<li>Dans les zones du fond profond, \u00e9tude de la zone du bassin cr\u00e9\u00e9e (surface, longueur\/largeur) et profondeurs \u00e0 d\u00e9terminer<\/li>\n<li>\u00c9valuation des inondations et des risques d&rsquo;inondation ;<\/li>\n<li>Donn\u00e9es sur les moyennes de boue et d&rsquo;ordures des rivi\u00e8res ;<\/li>\n<li>Relev\u00e9 bathym\u00e9trique du bassin hydrographique sur les sites de conception ; Identification des d\u00e9chets flottants sur les rivi\u00e8res (plastiques, arbres, etc.) et les mat\u00e9riaux carrel\u00e9s (sable, boue,<\/li>\n<li>Stones), ce qui provoquera des blocages de trafic pour les bateaux (si n\u00e9cessaire).<\/li>\n<li><img loading=\"lazy\" decoding=\"async\" class=\"alignright wp-image-25837 size-full\" src=\"https:\/\/mavideniz.com.tr\/wp-content\/uploads\/Media-Centre\/News-Events\/2019\/RIVER-TRASH-FEASIBILITY-STUDY-REPORT-2.jpg\" width=\"375\" height=\"250\" alt=\"\" title=\"\"><\/li>\n<li>La Commission g\u00e9ologique d&rsquo;ing\u00e9nierie avec la recherche devrait couvrir les zones s\u00e9lectionn\u00e9es dans les descriptions g\u00e9ologiques g\u00e9n\u00e9rales et les descriptions des conditions g\u00e9ologiques d&rsquo;ing\u00e9nierie dans les locaux, o\u00f9 \u00e0 l&rsquo;avenir seront plac\u00e9s des constructions sur terre pour les barri\u00e8res \u00e0 ordures.<\/li>\n<li>Choix du type\/de la sp\u00e9cificit\u00e9 des types de barri\u00e8res flottantes \u00e0 d\u00e9chets sur les rivi\u00e8res, en fonction des r\u00e9sultats de la recherche hydrologique.<\/li>\n<li>Le type et la sp\u00e9cification des machines de nettoyage\/collecte des d\u00e9chets s\u00e9lectionn\u00e9es sur des rivi\u00e8res s\u00e9par\u00e9es.<\/li>\n<\/ul>\n<p><strong>La zone de recherche est situ\u00e9e dans l&rsquo;ouest de la G\u00e9orgie, \u00e0 savoir du village d&rsquo;Anaklia \u00e0 la ville de Kobuleti, et comprend les rivi\u00e8res suivantes :<\/strong><\/p>\n<ol>\n<li>Rivi\u00e8re Little Enguri &#8211; village Anaklia<\/li>\n<li>La rivi\u00e8re Khobistskali &#8211; village de Kulevi<\/li>\n<li>Le delta du Rioni &#8211; ville de Poti<\/li>\n<li>Canal Rioni &#8211; ville de Poti<\/li>\n<li>Rivi\u00e8re Kapapartchkha &#8211; village Maltakva (Poti)<\/li>\n<li>La rivi\u00e8re. Supsa &#8211; village Supsa<\/li>\n<li>Cha\u00eene Ureki &#8211; Ureki<\/li>\n<li>La rivi\u00e8re Sepa &#8211; Ureki<\/li>\n<li>La rivi\u00e8re Natanebi &#8211; village Ordonn\u00e9<\/li>\n<li>La rivi\u00e8re Choloki &#8211; ville de Kobuleti<\/li>\n<li>La rivi\u00e8re. Kintrishi &#8211; la ville de Kobuleti<\/li>\n<li>La rivi\u00e8re Dekhva &#8211; Kobuleti<\/li>\n<\/ol>\n","protected":false},"excerpt":{"rendered":"<p>MAVI DENIZ est d&rsquo;accord avec MDF, G\u00e9orgie, sur les sujets suivants : Comprend (sans s&rsquo;y limiter) la recherche hydrologique, topog\u00e9od\u00e9sique, [&hellip;]<\/p>\n","protected":false},"author":1,"featured_media":0,"parent":42559,"menu_order":0,"comment_status":"closed","ping_status":"closed","template":"","meta":{"site-sidebar-layout":"default","site-content-layout":"","ast-site-content-layout":"default","site-content-style":"default","site-sidebar-style":"default","ast-global-header-display":"","ast-banner-title-visibility":"","ast-main-header-display":"","ast-hfb-above-header-display":"","ast-hfb-below-header-display":"","ast-hfb-mobile-header-display":"","site-post-title":"","ast-breadcrumbs-content":"","ast-featured-img":"","footer-sml-layout":"","ast-disable-related-posts":"","theme-transparent-header-meta":"","adv-header-id-meta":"","stick-header-meta":"","header-above-stick-meta":"","header-main-stick-meta":"","header-below-stick-meta":"","astra-migrate-meta-layouts":"default","ast-page-background-enabled":"default","ast-page-background-meta":{"desktop":{"background-color":"var(--ast-global-color-5)","background-image":"","background-repeat":"repeat","background-position":"center center","background-size":"auto","background-attachment":"scroll","background-type":"","background-media":"","overlay-type":"","overlay-color":"","overlay-opacity":"","overlay-gradient":""},"tablet":{"background-color":"","background-image":"","background-repeat":"repeat","background-position":"center center","background-size":"auto","background-attachment":"scroll","background-type":"","background-media":"","overlay-type":"","overlay-color":"","overlay-opacity":"","overlay-gradient":""},"mobile":{"background-color":"","background-image":"","background-repeat":"repeat","background-position":"center center","background-size":"auto","background-attachment":"scroll","background-type":"","background-media":"","overlay-type":"","overlay-color":"","overlay-opacity":"","overlay-gradient":""}},"ast-content-background-meta":{"desktop":{"background-color":"var(--ast-global-color-4)","background-image":"","background-repeat":"repeat","background-position":"center center","background-size":"auto","background-attachment":"scroll","background-type":"","background-media":"","overlay-type":"","overlay-color":"","overlay-opacity":"","overlay-gradient":""},"tablet":{"background-color":"var(--ast-global-color-4)","background-image":"","background-repeat":"repeat","background-position":"center center","background-size":"auto","background-attachment":"scroll","background-type":"","background-media":"","overlay-type":"","overlay-color":"","overlay-opacity":"","overlay-gradient":""},"mobile":{"background-color":"var(--ast-global-color-4)","background-image":"","background-repeat":"repeat","background-position":"center center","background-size":"auto","background-attachment":"scroll","background-type":"","background-media":"","overlay-type":"","overlay-color":"","overlay-opacity":"","overlay-gradient":""}},"footnotes":""},"class_list":["post-53445","page","type-page","status-publish","hentry"],"_links":{"self":[{"href":"https:\/\/mavideniz.com.tr\/fr\/wp-json\/wp\/v2\/pages\/53445","targetHints":{"allow":["GET"]}}],"collection":[{"href":"https:\/\/mavideniz.com.tr\/fr\/wp-json\/wp\/v2\/pages"}],"about":[{"href":"https:\/\/mavideniz.com.tr\/fr\/wp-json\/wp\/v2\/types\/page"}],"author":[{"embeddable":true,"href":"https:\/\/mavideniz.com.tr\/fr\/wp-json\/wp\/v2\/users\/1"}],"replies":[{"embeddable":true,"href":"https:\/\/mavideniz.com.tr\/fr\/wp-json\/wp\/v2\/comments?post=53445"}],"version-history":[{"count":0,"href":"https:\/\/mavideniz.com.tr\/fr\/wp-json\/wp\/v2\/pages\/53445\/revisions"}],"up":[{"embeddable":true,"href":"https:\/\/mavideniz.com.tr\/fr\/wp-json\/wp\/v2\/pages\/42559"}],"wp:attachment":[{"href":"https:\/\/mavideniz.com.tr\/fr\/wp-json\/wp\/v2\/media?parent=53445"}],"curies":[{"name":"wp","href":"https:\/\/api.w.org\/{rel}","templated":true}]}}