{"id":53454,"date":"2023-04-23T14:31:16","date_gmt":"2023-04-23T14:31:16","guid":{"rendered":"https:\/\/mavideniz.com.tr\/?page_id=53454"},"modified":"2023-04-23T14:31:21","modified_gmt":"2023-04-23T14:31:21","slug":"pack-hydraulique-pret-a-expedier-au-nigeria","status":"publish","type":"page","link":"https:\/\/mavideniz.com.tr\/fr\/actualites-evenements\/pack-hydraulique-pret-a-expedier-au-nigeria\/","title":{"rendered":"PACK HYDRAULIQUE PR\u00caT \u00c0 EXP\u00c9DIER AU NIGERIA"},"content":{"rendered":"<p>Le 20 novembre 2019, Mavi Deniz a sign\u00e9 un contrat avec Batok Offshore and Oil Services Nigeria Ltd pour la fourniture d&rsquo;un bloc d&rsquo;alimentation Diesel Hydraulic Driven.<\/p>\n<p><strong><img loading=\"lazy\" decoding=\"async\" class=\"alignleft wp-image-25637 size-full\" src=\"https:\/\/mavideniz.com.tr\/wp-content\/uploads\/Media-Centre\/News-Events\/2019\/hydraulic-power-pack-1.jpg\" width=\"375\" height=\"250\" alt=\"\" title=\"\">Groupe Moteur Hydraulique Diesel<\/strong><\/p>\n<p>Moteur : Perkins<\/p>\n<p>Capacit\u00e9 : Min. 55 ch<\/p>\n<p>Barre : Env. 250 &#8211; 210 bar<\/p>\n<p>D\u00e9bit de la pompe : env. 80 \u00e0 70 litres par minute<\/p>\n<p><strong><img loading=\"lazy\" decoding=\"async\" class=\"alignleft wp-image-25632 size-full\" src=\"https:\/\/mavideniz.com.tr\/wp-content\/uploads\/Media-Centre\/News-Events\/2019\/hydraulic-power-pack-3.jpg\" width=\"375\" height=\"250\" alt=\"\" title=\"\"><\/strong>R\u00e9servoir de carburant : env. 30-20 litres<\/p>\n<p>R\u00e9servoir hydraulique : Environ. 60 \u00e0 50 litres<\/p>\n<p>Le cadre de levage est inclus.<\/p>\n<p>Nous sommes \u00e9galement l&rsquo;un des fournisseurs de fabricants de blocs d&rsquo;alimentation les plus soucieux de la s\u00e9curit\u00e9 au monde.<\/p>\n","protected":false},"excerpt":{"rendered":"<p>Le 20 novembre 2019, Mavi Deniz a sign\u00e9 un contrat avec Batok Offshore and Oil Services Nigeria Ltd pour la [&hellip;]<\/p>\n","protected":false},"author":1,"featured_media":0,"parent":42559,"menu_order":0,"comment_status":"closed","ping_status":"closed","template":"","meta":{"site-sidebar-layout":"default","site-content-layout":"","ast-site-content-layout":"default","site-content-style":"default","site-sidebar-style":"default","ast-global-header-display":"","ast-banner-title-visibility":"","ast-main-header-display":"","ast-hfb-above-header-display":"","ast-hfb-below-header-display":"","ast-hfb-mobile-header-display":"","site-post-title":"","ast-breadcrumbs-content":"","ast-featured-img":"","footer-sml-layout":"","ast-disable-related-posts":"","theme-transparent-header-meta":"","adv-header-id-meta":"","stick-header-meta":"","header-above-stick-meta":"","header-main-stick-meta":"","header-below-stick-meta":"","astra-migrate-meta-layouts":"default","ast-page-background-enabled":"default","ast-page-background-meta":{"desktop":{"background-color":"var(--ast-global-color-5)","background-image":"","background-repeat":"repeat","background-position":"center center","background-size":"auto","background-attachment":"scroll","background-type":"","background-media":"","overlay-type":"","overlay-color":"","overlay-opacity":"","overlay-gradient":""},"tablet":{"background-color":"","background-image":"","background-repeat":"repeat","background-position":"center center","background-size":"auto","background-attachment":"scroll","background-type":"","background-media":"","overlay-type":"","overlay-color":"","overlay-opacity":"","overlay-gradient":""},"mobile":{"background-color":"","background-image":"","background-repeat":"repeat","background-position":"center center","background-size":"auto","background-attachment":"scroll","background-type":"","background-media":"","overlay-type":"","overlay-color":"","overlay-opacity":"","overlay-gradient":""}},"ast-content-background-meta":{"desktop":{"background-color":"var(--ast-global-color-4)","background-image":"","background-repeat":"repeat","background-position":"center center","background-size":"auto","background-attachment":"scroll","background-type":"","background-media":"","overlay-type":"","overlay-color":"","overlay-opacity":"","overlay-gradient":""},"tablet":{"background-color":"var(--ast-global-color-4)","background-image":"","background-repeat":"repeat","background-position":"center center","background-size":"auto","background-attachment":"scroll","background-type":"","background-media":"","overlay-type":"","overlay-color":"","overlay-opacity":"","overlay-gradient":""},"mobile":{"background-color":"var(--ast-global-color-4)","background-image":"","background-repeat":"repeat","background-position":"center center","background-size":"auto","background-attachment":"scroll","background-type":"","background-media":"","overlay-type":"","overlay-color":"","overlay-opacity":"","overlay-gradient":""}},"footnotes":""},"class_list":["post-53454","page","type-page","status-publish","hentry"],"_links":{"self":[{"href":"https:\/\/mavideniz.com.tr\/fr\/wp-json\/wp\/v2\/pages\/53454","targetHints":{"allow":["GET"]}}],"collection":[{"href":"https:\/\/mavideniz.com.tr\/fr\/wp-json\/wp\/v2\/pages"}],"about":[{"href":"https:\/\/mavideniz.com.tr\/fr\/wp-json\/wp\/v2\/types\/page"}],"author":[{"embeddable":true,"href":"https:\/\/mavideniz.com.tr\/fr\/wp-json\/wp\/v2\/users\/1"}],"replies":[{"embeddable":true,"href":"https:\/\/mavideniz.com.tr\/fr\/wp-json\/wp\/v2\/comments?post=53454"}],"version-history":[{"count":0,"href":"https:\/\/mavideniz.com.tr\/fr\/wp-json\/wp\/v2\/pages\/53454\/revisions"}],"up":[{"embeddable":true,"href":"https:\/\/mavideniz.com.tr\/fr\/wp-json\/wp\/v2\/pages\/42559"}],"wp:attachment":[{"href":"https:\/\/mavideniz.com.tr\/fr\/wp-json\/wp\/v2\/media?parent=53454"}],"curies":[{"name":"wp","href":"https:\/\/api.w.org\/{rel}","templated":true}]}}