{"id":53462,"date":"2023-04-23T14:34:28","date_gmt":"2023-04-23T14:34:28","guid":{"rendered":"https:\/\/mavideniz.com.tr\/?page_id=53462"},"modified":"2023-04-23T14:34:33","modified_gmt":"2023-04-23T14:34:33","slug":"la-centrale-hydroelectrique-choisit-le-systeme-de-barriere-de-debris-mavi-deniz","status":"publish","type":"page","link":"https:\/\/mavideniz.com.tr\/fr\/actualites-evenements\/la-centrale-hydroelectrique-choisit-le-systeme-de-barriere-de-debris-mavi-deniz\/","title":{"rendered":"LA CENTRALE HYDRO\u00c9LECTRIQUE CHOISIT LE SYST\u00c8ME DE BARRI\u00c8RE DE D\u00c9BRIS MAVI DENIZ"},"content":{"rendered":"<p>Le 11 juin 2016, les centrales hydro\u00e9lectriques, connues sous le nom de HEPP d&rsquo;une capacit\u00e9 de 36,26 MW, ont sign\u00e9 l&rsquo;accord avec Mavi Deniz pour installer le syst\u00e8me DEBRIS BARRIER pour emp\u00eacher le nettoyage des d\u00e9chets, qui est situ\u00e9 dans la province de Giresun (province \u00c7epni) est un district. Le comt\u00e9 forme la majorit\u00e9 du peuple turkm\u00e8ne \u00c7epniler. Le nord et l&rsquo;est de l&rsquo;Espagne, Alura et \u015eebinkarahisar au sud-ouest sont voisins des districts de Kesap et Dereli. La communaut\u00e9 fond\u00e9e, \u00e0 14 km \u00e0 l&rsquo;int\u00e9rieur de la mer, est \u00e0 50 m d&rsquo;altitude.<\/p>\n<p>Mavi Deniz est le leader mondial en mati\u00e8re de contr\u00f4le des d\u00e9bris flottants. Nous offrons de multiples styles de syst\u00e8mes de barri\u00e8res de billes et de d\u00e9bris utilis\u00e9s pour contr\u00f4ler les d\u00e9chets flottants, les plantes aquatiques envahissantes telles que le myriophylle et la jacinthe, les ordures flottantes, les arbres, les feuilles, les b\u00e2tons et autres d\u00e9bris flottants.<\/p>\n<p>Les barri\u00e8res anti-d\u00e9bris de Mavi Deniz sont con\u00e7ues pour l&rsquo;esp\u00e9rance de vie \u00e0 long terme, commun\u00e9ment appel\u00e9es barri\u00e8res anti-d\u00e9bris et barri\u00e8res anti-d\u00e9bris. Contrairement aux barri\u00e8res de confinement standard, les barri\u00e8res de Mavi Deniz sont con\u00e7ues pour r\u00e9sister aux charges massives cr\u00e9\u00e9es lorsque des vitesses d&rsquo;eau de surface \u00e9lev\u00e9es se combinent avec des d\u00e9bris de surface lourds, des d\u00e9chets flottants, des vents forts et des niveaux d&rsquo;eau changeants.<\/p>\n<p>DEBRIS BARRIER s&rsquo;appuie sur l&rsquo;engagement de Mavi Deniz envers un service \u00e0 la client\u00e8le exceptionnel, y compris l&rsquo;ing\u00e9nierie de qualit\u00e9, le soutien \u00e0 l&rsquo;installation, l&rsquo;inventaire important et le personnel de logistique d\u00e9di\u00e9.<\/p>\n<p><strong>Contr\u00f4le Des D\u00e9bris<\/strong><\/p>\n<ul>\n<li>Grumes, Troncs D&rsquo;Arbre, B\u00e2tons, Feuilles.<\/li>\n<li>D\u00e9chets, gobelets flottants, canettes, bouteilles et autres d\u00e9chets.<\/li>\n<li>V\u00e9g\u00e9tation, jacinthe d&rsquo;eau, herbe, myriophylle, algues.<\/li>\n<li>Glace et neige fondante (frazil ice)<\/li>\n<\/ul>\n<p><strong>S\u00e9curit\u00e9 Des Barrages<\/strong><\/p>\n<ul>\n<li>Barri\u00e8res pour bateaux de s\u00e9curit\u00e9 publique<\/li>\n<li>Protection contre les trous Morning Glory<\/li>\n<li>Cano\u00eb &amp; Kayak Portage Guide Barri\u00e8res<\/li>\n<li>Barri\u00e8res De D\u00e9versoir<\/li>\n<li>Protection D&rsquo;Admission<\/li>\n<li>Barri\u00e8res \u00c9clair\u00e9es La Nuit<\/li>\n<\/ul>\n","protected":false},"excerpt":{"rendered":"<p>Le 11 juin 2016, les centrales hydro\u00e9lectriques, connues sous le nom de HEPP d&rsquo;une capacit\u00e9 de 36,26 MW, ont sign\u00e9 [&hellip;]<\/p>\n","protected":false},"author":1,"featured_media":0,"parent":42559,"menu_order":0,"comment_status":"closed","ping_status":"closed","template":"","meta":{"site-sidebar-layout":"default","site-content-layout":"","ast-site-content-layout":"default","site-content-style":"default","site-sidebar-style":"default","ast-global-header-display":"","ast-banner-title-visibility":"","ast-main-header-display":"","ast-hfb-above-header-display":"","ast-hfb-below-header-display":"","ast-hfb-mobile-header-display":"","site-post-title":"","ast-breadcrumbs-content":"","ast-featured-img":"","footer-sml-layout":"","ast-disable-related-posts":"","theme-transparent-header-meta":"","adv-header-id-meta":"","stick-header-meta":"","header-above-stick-meta":"","header-main-stick-meta":"","header-below-stick-meta":"","astra-migrate-meta-layouts":"default","ast-page-background-enabled":"default","ast-page-background-meta":{"desktop":{"background-color":"var(--ast-global-color-5)","background-image":"","background-repeat":"repeat","background-position":"center center","background-size":"auto","background-attachment":"scroll","background-type":"","background-media":"","overlay-type":"","overlay-color":"","overlay-opacity":"","overlay-gradient":""},"tablet":{"background-color":"","background-image":"","background-repeat":"repeat","background-position":"center center","background-size":"auto","background-attachment":"scroll","background-type":"","background-media":"","overlay-type":"","overlay-color":"","overlay-opacity":"","overlay-gradient":""},"mobile":{"background-color":"","background-image":"","background-repeat":"repeat","background-position":"center center","background-size":"auto","background-attachment":"scroll","background-type":"","background-media":"","overlay-type":"","overlay-color":"","overlay-opacity":"","overlay-gradient":""}},"ast-content-background-meta":{"desktop":{"background-color":"var(--ast-global-color-4)","background-image":"","background-repeat":"repeat","background-position":"center center","background-size":"auto","background-attachment":"scroll","background-type":"","background-media":"","overlay-type":"","overlay-color":"","overlay-opacity":"","overlay-gradient":""},"tablet":{"background-color":"var(--ast-global-color-4)","background-image":"","background-repeat":"repeat","background-position":"center center","background-size":"auto","background-attachment":"scroll","background-type":"","background-media":"","overlay-type":"","overlay-color":"","overlay-opacity":"","overlay-gradient":""},"mobile":{"background-color":"var(--ast-global-color-4)","background-image":"","background-repeat":"repeat","background-position":"center center","background-size":"auto","background-attachment":"scroll","background-type":"","background-media":"","overlay-type":"","overlay-color":"","overlay-opacity":"","overlay-gradient":""}},"footnotes":""},"class_list":["post-53462","page","type-page","status-publish","hentry"],"_links":{"self":[{"href":"https:\/\/mavideniz.com.tr\/fr\/wp-json\/wp\/v2\/pages\/53462","targetHints":{"allow":["GET"]}}],"collection":[{"href":"https:\/\/mavideniz.com.tr\/fr\/wp-json\/wp\/v2\/pages"}],"about":[{"href":"https:\/\/mavideniz.com.tr\/fr\/wp-json\/wp\/v2\/types\/page"}],"author":[{"embeddable":true,"href":"https:\/\/mavideniz.com.tr\/fr\/wp-json\/wp\/v2\/users\/1"}],"replies":[{"embeddable":true,"href":"https:\/\/mavideniz.com.tr\/fr\/wp-json\/wp\/v2\/comments?post=53462"}],"version-history":[{"count":0,"href":"https:\/\/mavideniz.com.tr\/fr\/wp-json\/wp\/v2\/pages\/53462\/revisions"}],"up":[{"embeddable":true,"href":"https:\/\/mavideniz.com.tr\/fr\/wp-json\/wp\/v2\/pages\/42559"}],"wp:attachment":[{"href":"https:\/\/mavideniz.com.tr\/fr\/wp-json\/wp\/v2\/media?parent=53462"}],"curies":[{"name":"wp","href":"https:\/\/api.w.org\/{rel}","templated":true}]}}