{"id":53470,"date":"2023-04-23T14:36:12","date_gmt":"2023-04-23T14:36:12","guid":{"rendered":"https:\/\/mavideniz.com.tr\/?page_id=53470"},"modified":"2023-04-23T14:39:03","modified_gmt":"2023-04-23T14:39:03","slug":"indian-coast-guard-mumbai-commande-6-x-dispersant-spray-systems","status":"publish","type":"page","link":"https:\/\/mavideniz.com.tr\/fr\/actualites-evenements\/indian-coast-guard-mumbai-commande-6-x-dispersant-spray-systems\/","title":{"rendered":"INDIAN COAST GUARD, MUMBAI COMMANDE 6 x DISPERSANT SPRAY SYSTEMS"},"content":{"rendered":"<p>3 ao\u00fbt 2016, Mavi Deniz remporte l&rsquo;appel d&rsquo;offres pour la fourniture de 6 ensembles de syst\u00e8mes de pulv\u00e9risation de dispersant avec des bras de pulv\u00e9risation en aluminium r\u00e9tractable de 6 m de longueur ; le syst\u00e8me de dilution de la pompe est de 0-20% minimum avec 60<img loading=\"lazy\" decoding=\"async\" class=\"size-full wp-image-26386 alignright\" src=\"https:\/\/mavideniz.com.tr\/wp-content\/uploads\/Media-Centre\/News-Events\/2016\/INDIAN-COAST-GUARD-DISPERSANT-SPRAY-SYSTEM-2.jpg\" alt=\"\" width=\"375\" height=\"250\" title=\"\"><\/p>\n<p>capacit\u00e9 de l\/m, d\u00e9bitm\u00e8tre, syst\u00e8me de contr\u00f4le du d\u00e9bit de dispersant, 2 lances \u00e0 main avec d\u00e9clencheur actionn\u00e9, roues amovibles, moteur diesel avec parafoudres d&rsquo;\u00e9chappement et syst\u00e8mes de buses pour l&rsquo;application dilu\u00e9e et nette Normes ASTM avec certificat de classe BV et pi\u00e8ces de rechange de 1 an pour la Garde c\u00f4ti\u00e8re indienne.<\/p>\n<ul>\n<li>Le 3 ao\u00fbt 2016, Mavi Deniz remporte l&rsquo;appel d&rsquo;offres pour la fourniture de 6 ensembles de syst\u00e8mes de pulv\u00e9risation de dispersant.<\/li>\n<li>Bras de pulv\u00e9risation en aluminium r\u00e9tractable de 6 m de longueur<\/li>\n<li>Le syst\u00e8me de dilution de la pompe est de 0 \u00e0 20 % au minimum avec une capacit\u00e9 de 60 l\/m,<\/li>\n<li>D\u00e9bitm\u00e8tre, syst\u00e8me de contr\u00f4le du d\u00e9bit de dispersant,<\/li>\n<li>2 lances \u00e0 main pcs avec d\u00e9clenchement,<\/li>\n<li>Roues amovibles,<\/li>\n<li>Moteur diesel avec pare-\u00e9tincelles d&rsquo;\u00e9chappement et<\/li>\n<li>Syst\u00e8mes de buses pour application dilu\u00e9e et nette selon les normes ASTM<\/li>\n<\/ul>\n","protected":false},"excerpt":{"rendered":"<p>3 ao\u00fbt 2016, Mavi Deniz remporte l&rsquo;appel d&rsquo;offres pour la fourniture de 6 ensembles de syst\u00e8mes de pulv\u00e9risation de dispersant [&hellip;]<\/p>\n","protected":false},"author":1,"featured_media":0,"parent":42559,"menu_order":0,"comment_status":"closed","ping_status":"closed","template":"","meta":{"site-sidebar-layout":"default","site-content-layout":"","ast-site-content-layout":"default","site-content-style":"default","site-sidebar-style":"default","ast-global-header-display":"","ast-banner-title-visibility":"","ast-main-header-display":"","ast-hfb-above-header-display":"","ast-hfb-below-header-display":"","ast-hfb-mobile-header-display":"","site-post-title":"","ast-breadcrumbs-content":"","ast-featured-img":"","footer-sml-layout":"","ast-disable-related-posts":"","theme-transparent-header-meta":"","adv-header-id-meta":"","stick-header-meta":"","header-above-stick-meta":"","header-main-stick-meta":"","header-below-stick-meta":"","astra-migrate-meta-layouts":"default","ast-page-background-enabled":"default","ast-page-background-meta":{"desktop":{"background-color":"var(--ast-global-color-5)","background-image":"","background-repeat":"repeat","background-position":"center center","background-size":"auto","background-attachment":"scroll","background-type":"","background-media":"","overlay-type":"","overlay-color":"","overlay-opacity":"","overlay-gradient":""},"tablet":{"background-color":"","background-image":"","background-repeat":"repeat","background-position":"center center","background-size":"auto","background-attachment":"scroll","background-type":"","background-media":"","overlay-type":"","overlay-color":"","overlay-opacity":"","overlay-gradient":""},"mobile":{"background-color":"","background-image":"","background-repeat":"repeat","background-position":"center center","background-size":"auto","background-attachment":"scroll","background-type":"","background-media":"","overlay-type":"","overlay-color":"","overlay-opacity":"","overlay-gradient":""}},"ast-content-background-meta":{"desktop":{"background-color":"var(--ast-global-color-4)","background-image":"","background-repeat":"repeat","background-position":"center center","background-size":"auto","background-attachment":"scroll","background-type":"","background-media":"","overlay-type":"","overlay-color":"","overlay-opacity":"","overlay-gradient":""},"tablet":{"background-color":"var(--ast-global-color-4)","background-image":"","background-repeat":"repeat","background-position":"center center","background-size":"auto","background-attachment":"scroll","background-type":"","background-media":"","overlay-type":"","overlay-color":"","overlay-opacity":"","overlay-gradient":""},"mobile":{"background-color":"var(--ast-global-color-4)","background-image":"","background-repeat":"repeat","background-position":"center center","background-size":"auto","background-attachment":"scroll","background-type":"","background-media":"","overlay-type":"","overlay-color":"","overlay-opacity":"","overlay-gradient":""}},"footnotes":""},"class_list":["post-53470","page","type-page","status-publish","hentry"],"_links":{"self":[{"href":"https:\/\/mavideniz.com.tr\/fr\/wp-json\/wp\/v2\/pages\/53470","targetHints":{"allow":["GET"]}}],"collection":[{"href":"https:\/\/mavideniz.com.tr\/fr\/wp-json\/wp\/v2\/pages"}],"about":[{"href":"https:\/\/mavideniz.com.tr\/fr\/wp-json\/wp\/v2\/types\/page"}],"author":[{"embeddable":true,"href":"https:\/\/mavideniz.com.tr\/fr\/wp-json\/wp\/v2\/users\/1"}],"replies":[{"embeddable":true,"href":"https:\/\/mavideniz.com.tr\/fr\/wp-json\/wp\/v2\/comments?post=53470"}],"version-history":[{"count":0,"href":"https:\/\/mavideniz.com.tr\/fr\/wp-json\/wp\/v2\/pages\/53470\/revisions"}],"up":[{"embeddable":true,"href":"https:\/\/mavideniz.com.tr\/fr\/wp-json\/wp\/v2\/pages\/42559"}],"wp:attachment":[{"href":"https:\/\/mavideniz.com.tr\/fr\/wp-json\/wp\/v2\/media?parent=53470"}],"curies":[{"name":"wp","href":"https:\/\/api.w.org\/{rel}","templated":true}]}}