{"id":53480,"date":"2023-04-23T15:34:47","date_gmt":"2023-04-23T15:34:47","guid":{"rendered":"https:\/\/mavideniz.com.tr\/?page_id=53480"},"modified":"2023-04-23T15:34:51","modified_gmt":"2023-04-23T15:34:51","slug":"indonesie-multi-skimmer-_-commande-de-rampes","status":"publish","type":"page","link":"https:\/\/mavideniz.com.tr\/fr\/actualites-evenements\/indonesie-multi-skimmer-_-commande-de-rampes\/","title":{"rendered":"INDON\u00c9SIE \u2013 MULTI SKIMMER _ COMMANDE DE RAMPES"},"content":{"rendered":"<p>MAVI DENIZ est un fabricant leader mondial de syst\u00e8mes de r\u00e9cup\u00e9ration des d\u00e9versements d&rsquo;hydrocarbures pour les autorit\u00e9s portuaires. L&rsquo;\u00e9quipement d&rsquo;intervention en cas de d\u00e9versement de p\u00e9trole de niveau 1 sera utilis\u00e9 \u00e0 Belawan, une ville portuaire de Sumatra, en Indon\u00e9sie. Situ\u00e9 sur la rivi\u00e8re Deli pr\u00e8s de Medan, Belawan est le port indon\u00e9sien le plus fr\u00e9quent\u00e9 en dehors de Java.<\/p>\n<p>Le port de Belawan a remis en \u00e9tat les postes d&rsquo;amarrage fortement d\u00e9t\u00e9rior\u00e9s et les am\u00e9liorations apport\u00e9es aux syst\u00e8mes de chargement de vrac sec<img loading=\"lazy\" decoding=\"async\" class=\"size-full wp-image-26517 alignright\" src=\"https:\/\/mavideniz.com.tr\/wp-content\/uploads\/Media-Centre\/News-Events\/2015\/oil-fence-boom-boom-reel.jpg\" alt=\"\" width=\"375\" height=\"250\" title=\"\"> et d&rsquo;huile de palme du terminal d&rsquo;Ujung Baru, la r\u00e9installation du terminal de passagers et la construction d&rsquo;un nouvel \u00e9quipement de manutention de conteneurs \u00e0 poste d&rsquo;amarrage pour passagers.<\/p>\n<p>L&rsquo;huile de palme brute (CPO) est devenue le principal produit d&rsquo;exportation du port maritime de Belawan suite \u00e0 la demande croissante pour le produit de plantation ; en cas d&rsquo;accident de d\u00e9versement d&rsquo;huile, l&rsquo;\u00e9quipement sera situ\u00e9 dans 3 endroits diff\u00e9rents d&rsquo;intervention d&rsquo;urgence.<\/p>\n<p>Le Plan national d&rsquo;urgence en cas de mar\u00e9e noire a donn\u00e9 son approbation au gouvernement indon\u00e9sien en 2007. L&rsquo;organisme responsable de la pr\u00e9paration et de l&rsquo;intervention en cas de d\u00e9versement d&rsquo;hydrocarbures est la Direction g\u00e9n\u00e9rale du transport maritime (DGST).<\/p>\n<p>Une \u00e9quipe nationale d&rsquo;intervention en cas de mar\u00e9e noire a \u00e9t\u00e9 cr\u00e9\u00e9e, compos\u00e9e de la Direction g\u00e9n\u00e9rale des mines et du gaz et d&rsquo;autres minist\u00e8res et organismes gouvernementaux.<\/p>\n<p>L&rsquo;\u00e9quipe nationale est charg\u00e9e de coordonner la mise en oeuvre de l&rsquo;intervention d&rsquo;urgence en mer lors d&rsquo;incidents importants. Il fournit \u00e9galement un soutien juridique aux personnes qui subissent des pertes financi\u00e8res en raison du d\u00e9versement.<\/p>\n<p>Avec la nouvelle commande dat\u00e9e du 30 juillet 2015, Mavi Deniz fournira un \u00e9cumoire multi-huile avec la capacit\u00e9 des modules de brosse, disque et tambour de 20 m3\/h.<\/p>\n<p>Le module de brosse est utilis\u00e9 pour les huiles lourdes ; le module de disque est utilis\u00e9 pour les d\u00e9versements d&rsquo;huile l\u00e9g\u00e8re.1000 m Oil Fence Booms avec stockage de type de port sur les 3 pcs s\u00e9par\u00e9ment boom stockage bobines comprennent kit de r\u00e9paration et syst\u00e8me de kit d&rsquo;ancrage pour l&rsquo;autorit\u00e9 portuaire d&rsquo;Indon\u00e9sie.<\/p>\n<p>Mavi Deniz poursuit sa croissance dans la r\u00e9gion Asie du Sud-Est.<\/p>\n","protected":false},"excerpt":{"rendered":"<p>MAVI DENIZ est un fabricant leader mondial de syst\u00e8mes de r\u00e9cup\u00e9ration des d\u00e9versements d&rsquo;hydrocarbures pour les autorit\u00e9s portuaires. L&rsquo;\u00e9quipement d&rsquo;intervention [&hellip;]<\/p>\n","protected":false},"author":1,"featured_media":0,"parent":42559,"menu_order":0,"comment_status":"closed","ping_status":"closed","template":"","meta":{"site-sidebar-layout":"default","site-content-layout":"","ast-site-content-layout":"default","site-content-style":"default","site-sidebar-style":"default","ast-global-header-display":"","ast-banner-title-visibility":"","ast-main-header-display":"","ast-hfb-above-header-display":"","ast-hfb-below-header-display":"","ast-hfb-mobile-header-display":"","site-post-title":"","ast-breadcrumbs-content":"","ast-featured-img":"","footer-sml-layout":"","ast-disable-related-posts":"","theme-transparent-header-meta":"","adv-header-id-meta":"","stick-header-meta":"","header-above-stick-meta":"","header-main-stick-meta":"","header-below-stick-meta":"","astra-migrate-meta-layouts":"default","ast-page-background-enabled":"default","ast-page-background-meta":{"desktop":{"background-color":"var(--ast-global-color-5)","background-image":"","background-repeat":"repeat","background-position":"center center","background-size":"auto","background-attachment":"scroll","background-type":"","background-media":"","overlay-type":"","overlay-color":"","overlay-opacity":"","overlay-gradient":""},"tablet":{"background-color":"","background-image":"","background-repeat":"repeat","background-position":"center center","background-size":"auto","background-attachment":"scroll","background-type":"","background-media":"","overlay-type":"","overlay-color":"","overlay-opacity":"","overlay-gradient":""},"mobile":{"background-color":"","background-image":"","background-repeat":"repeat","background-position":"center center","background-size":"auto","background-attachment":"scroll","background-type":"","background-media":"","overlay-type":"","overlay-color":"","overlay-opacity":"","overlay-gradient":""}},"ast-content-background-meta":{"desktop":{"background-color":"var(--ast-global-color-4)","background-image":"","background-repeat":"repeat","background-position":"center center","background-size":"auto","background-attachment":"scroll","background-type":"","background-media":"","overlay-type":"","overlay-color":"","overlay-opacity":"","overlay-gradient":""},"tablet":{"background-color":"var(--ast-global-color-4)","background-image":"","background-repeat":"repeat","background-position":"center center","background-size":"auto","background-attachment":"scroll","background-type":"","background-media":"","overlay-type":"","overlay-color":"","overlay-opacity":"","overlay-gradient":""},"mobile":{"background-color":"var(--ast-global-color-4)","background-image":"","background-repeat":"repeat","background-position":"center center","background-size":"auto","background-attachment":"scroll","background-type":"","background-media":"","overlay-type":"","overlay-color":"","overlay-opacity":"","overlay-gradient":""}},"footnotes":""},"class_list":["post-53480","page","type-page","status-publish","hentry"],"_links":{"self":[{"href":"https:\/\/mavideniz.com.tr\/fr\/wp-json\/wp\/v2\/pages\/53480","targetHints":{"allow":["GET"]}}],"collection":[{"href":"https:\/\/mavideniz.com.tr\/fr\/wp-json\/wp\/v2\/pages"}],"about":[{"href":"https:\/\/mavideniz.com.tr\/fr\/wp-json\/wp\/v2\/types\/page"}],"author":[{"embeddable":true,"href":"https:\/\/mavideniz.com.tr\/fr\/wp-json\/wp\/v2\/users\/1"}],"replies":[{"embeddable":true,"href":"https:\/\/mavideniz.com.tr\/fr\/wp-json\/wp\/v2\/comments?post=53480"}],"version-history":[{"count":0,"href":"https:\/\/mavideniz.com.tr\/fr\/wp-json\/wp\/v2\/pages\/53480\/revisions"}],"up":[{"embeddable":true,"href":"https:\/\/mavideniz.com.tr\/fr\/wp-json\/wp\/v2\/pages\/42559"}],"wp:attachment":[{"href":"https:\/\/mavideniz.com.tr\/fr\/wp-json\/wp\/v2\/media?parent=53480"}],"curies":[{"name":"wp","href":"https:\/\/api.w.org\/{rel}","templated":true}]}}