{"id":53513,"date":"2023-04-23T16:01:58","date_gmt":"2023-04-23T16:01:58","guid":{"rendered":"https:\/\/mavideniz.com.tr\/?page_id=53513"},"modified":"2023-04-23T16:02:02","modified_gmt":"2023-04-23T16:02:02","slug":"livraison-dequipements-de-reponse-a-la-pollution-eaux-interieure-a-lindonesie","status":"publish","type":"page","link":"https:\/\/mavideniz.com.tr\/fr\/actualites-evenements\/livraison-dequipements-de-reponse-a-la-pollution-eaux-interieure-a-lindonesie\/","title":{"rendered":"LIVRAISON D&rsquo;\u00c9QUIPEMENTS DE R\u00c9PONSE \u00c0 LA POLLUTION Eaux Int\u00e9rieure \u00c0 L&rsquo;INDON\u00c9SIE"},"content":{"rendered":"<p>Le 01 octobre 2018, Mavi Deniz a sign\u00e9 un contrat avec Musim Mas Group pour la fourniture d&rsquo;\u00e9quipements de d\u00e9versement de p\u00e9trole \u00e0 l&rsquo;Indon\u00e9sie.<\/p>\n<p>Bas\u00e9e \u00e0 Singapour, Musim Mas est pr\u00e9sente dans 13 pays d&rsquo;Asie-Pacifique, d&rsquo;Europe et d&rsquo;Am\u00e9rique du Nord et du Sud. Le groupe poss\u00e8de l&rsquo;un des plus grands r\u00e9seaux mondiaux de raffineries d&rsquo;huile de palme et est l&rsquo;un des acteurs les plus importants du raffinage d&rsquo;huile v\u00e9g\u00e9tale. Elle fabrique<img loading=\"lazy\" decoding=\"async\" class=\"alignright wp-image-25964 size-full\" src=\"https:\/\/mavideniz.com.tr\/wp-content\/uploads\/Media-Centre\/News-Events\/2018\/INLAND-POLLUTION-RESPONSE-EQUIPMENT-4.jpg\" width=\"375\" height=\"250\" alt=\"\" title=\"\"> \u00e9galement des biens de consommation en Indon\u00e9sie, produisant des marques de savon et d&rsquo;huile de cuisine comme Sunco. Musim Mas dispose d&rsquo;une main-d&rsquo;oeuvre de 37 000 personnes, soutenue par un r\u00e9seau logistique complet de p\u00e9troliers, barges, remorqueurs et installations de vrac chimiques et c\u00f4tiers dans d&rsquo;importants ports \u00e0 travers l&rsquo;Indon\u00e9sie et d&rsquo;autres parties strat\u00e9giques du monde.<\/p>\n<p>Musim Mas est la premi\u00e8re entreprise en Indon\u00e9sie \u00e0 obtenir la certification Roundtable on Sustainable Palm Oil (RSPO), et son pr\u00e9sident ex\u00e9cutif a si\u00e9g\u00e9 au premier conseil ex\u00e9cutif de RSPO.<\/p>\n<p>Mavi Deniz est l&rsquo;un des principaux fournisseurs d&rsquo;expertise et de services d&rsquo;assistance en cas de d\u00e9versement en Turquie. Mavi Deniz est l&rsquo;une des rares entreprises \u00e0 fournir une gamme compl\u00e8te de services de lutte contre la pollution int\u00e9rieure \u00e0 tous les types d&rsquo;industrie dans toute la Turquie. Cela permet \u00e0 nos clients de b\u00e9n\u00e9ficier d&rsquo;une connaissance pr\u00e9cieuse et approfondie du climat commercial et r\u00e9glementaire de nos clients.<\/p>\n<p>Nous sommes \u00e9galement l&rsquo;un des fournisseurs les plus soucieux de la s\u00e9curit\u00e9 en mati\u00e8re d&rsquo;intervention en cas de d\u00e9versement.<\/p>\n","protected":false},"excerpt":{"rendered":"<p>Le 01 octobre 2018, Mavi Deniz a sign\u00e9 un contrat avec Musim Mas Group pour la fourniture d&rsquo;\u00e9quipements de d\u00e9versement [&hellip;]<\/p>\n","protected":false},"author":1,"featured_media":0,"parent":42559,"menu_order":0,"comment_status":"closed","ping_status":"closed","template":"","meta":{"site-sidebar-layout":"default","site-content-layout":"","ast-site-content-layout":"default","site-content-style":"default","site-sidebar-style":"default","ast-global-header-display":"","ast-banner-title-visibility":"","ast-main-header-display":"","ast-hfb-above-header-display":"","ast-hfb-below-header-display":"","ast-hfb-mobile-header-display":"","site-post-title":"","ast-breadcrumbs-content":"","ast-featured-img":"","footer-sml-layout":"","ast-disable-related-posts":"","theme-transparent-header-meta":"","adv-header-id-meta":"","stick-header-meta":"","header-above-stick-meta":"","header-main-stick-meta":"","header-below-stick-meta":"","astra-migrate-meta-layouts":"default","ast-page-background-enabled":"default","ast-page-background-meta":{"desktop":{"background-color":"var(--ast-global-color-5)","background-image":"","background-repeat":"repeat","background-position":"center center","background-size":"auto","background-attachment":"scroll","background-type":"","background-media":"","overlay-type":"","overlay-color":"","overlay-opacity":"","overlay-gradient":""},"tablet":{"background-color":"","background-image":"","background-repeat":"repeat","background-position":"center center","background-size":"auto","background-attachment":"scroll","background-type":"","background-media":"","overlay-type":"","overlay-color":"","overlay-opacity":"","overlay-gradient":""},"mobile":{"background-color":"","background-image":"","background-repeat":"repeat","background-position":"center center","background-size":"auto","background-attachment":"scroll","background-type":"","background-media":"","overlay-type":"","overlay-color":"","overlay-opacity":"","overlay-gradient":""}},"ast-content-background-meta":{"desktop":{"background-color":"var(--ast-global-color-4)","background-image":"","background-repeat":"repeat","background-position":"center center","background-size":"auto","background-attachment":"scroll","background-type":"","background-media":"","overlay-type":"","overlay-color":"","overlay-opacity":"","overlay-gradient":""},"tablet":{"background-color":"var(--ast-global-color-4)","background-image":"","background-repeat":"repeat","background-position":"center center","background-size":"auto","background-attachment":"scroll","background-type":"","background-media":"","overlay-type":"","overlay-color":"","overlay-opacity":"","overlay-gradient":""},"mobile":{"background-color":"var(--ast-global-color-4)","background-image":"","background-repeat":"repeat","background-position":"center center","background-size":"auto","background-attachment":"scroll","background-type":"","background-media":"","overlay-type":"","overlay-color":"","overlay-opacity":"","overlay-gradient":""}},"footnotes":""},"class_list":["post-53513","page","type-page","status-publish","hentry"],"_links":{"self":[{"href":"https:\/\/mavideniz.com.tr\/fr\/wp-json\/wp\/v2\/pages\/53513","targetHints":{"allow":["GET"]}}],"collection":[{"href":"https:\/\/mavideniz.com.tr\/fr\/wp-json\/wp\/v2\/pages"}],"about":[{"href":"https:\/\/mavideniz.com.tr\/fr\/wp-json\/wp\/v2\/types\/page"}],"author":[{"embeddable":true,"href":"https:\/\/mavideniz.com.tr\/fr\/wp-json\/wp\/v2\/users\/1"}],"replies":[{"embeddable":true,"href":"https:\/\/mavideniz.com.tr\/fr\/wp-json\/wp\/v2\/comments?post=53513"}],"version-history":[{"count":0,"href":"https:\/\/mavideniz.com.tr\/fr\/wp-json\/wp\/v2\/pages\/53513\/revisions"}],"up":[{"embeddable":true,"href":"https:\/\/mavideniz.com.tr\/fr\/wp-json\/wp\/v2\/pages\/42559"}],"wp:attachment":[{"href":"https:\/\/mavideniz.com.tr\/fr\/wp-json\/wp\/v2\/media?parent=53513"}],"curies":[{"name":"wp","href":"https:\/\/api.w.org\/{rel}","templated":true}]}}