{"id":53530,"date":"2023-04-23T16:27:12","date_gmt":"2023-04-23T16:27:12","guid":{"rendered":"https:\/\/mavideniz.com.tr\/?page_id=53530"},"modified":"2023-04-23T16:27:16","modified_gmt":"2023-04-23T16:27:16","slug":"la-municipalite-dizmir-utilise-un-bateau-ecumeur-de-dechets-de-17-m-dans-la-mer-egee_","status":"publish","type":"page","link":"https:\/\/mavideniz.com.tr\/fr\/actualites-evenements\/la-municipalite-dizmir-utilise-un-bateau-ecumeur-de-dechets-de-17-m-dans-la-mer-egee_\/","title":{"rendered":"LA MUNICIPALIT\u00c9 D&rsquo;IZMIR UTILISE UN BATEAU \u00c9CUMEUR DE D\u00c9CHETS DE 17\u00a0M DANS LA MER \u00c9G\u00c9E_"},"content":{"rendered":"<p>Les bateaux de collecte des ordures et des ordures de Mavi Deniz peuvent \u00eatre utilis\u00e9s dans le monde entier dans plus de 15 pays, y compris l&rsquo;Azerba\u00efdjan, l&rsquo;Italie, le Pakistan, la Gr\u00e8ce, le Bangladesh, la Tunisie, le Ghana et le Nigeria.<\/p>\n<p>La municipalit\u00e9 d&rsquo;Izmir dans la mer \u00c9g\u00e9e recueille toutes sortes de polluants flottants et semi-submerg\u00e9s, y compris les mati\u00e8res plastiques, les d\u00e9chets,<img loading=\"lazy\" decoding=\"async\" class=\"size-full wp-image-26359 alignright\" src=\"https:\/\/mavideniz.com.tr\/wp-content\/uploads\/Media-Centre\/News-Events\/2016\/Trash-Skimmer-Boat-1.jpg\" alt=\"\" width=\"375\" height=\"250\" title=\"\"> la liti\u00e8re, les bouteilles, les cigarettes, les bois, les algues, les d\u00e9bris solides et les mati\u00e8res organiques \u00e0 la surface de la mer toute l&rsquo;ann\u00e9e.<\/p>\n<p>La capacit\u00e9 des bacs \u00e0 ordures\/poubelles est de 20 m3, et la capacit\u00e9 des bacs \u00e0 d\u00e9chets huileux est de 40 m3. La capacit\u00e9 de la grue hydraulique est de 6 m @ 1 tonne.<\/p>\n<p><strong>Caract\u00e9ristiques<\/strong><\/p>\n<p>Collecte des d\u00e9chets solides flottants et des macro-polluants semi-submerg\u00e9s (plastique, plantes, canettes, bois, algues, algues, etc.)<\/p>\n<p>Les ordures sont stock\u00e9es dans un conteneur.<\/p>\n<p><strong>Trash skimmer boat Sp\u00e9cification<\/strong><\/p>\n<p>Longueur : 17 m<br \/>\nFaisceau : 6 m<br \/>\nTirant d&rsquo;eau : 1 m<br \/>\nR\u00e9servoir de d\u00e9chets : 20 m3<br \/>\nR\u00e9servoir de d\u00e9chets huileux : 40 m3<br \/>\nType de coque : Acier<\/p>\n","protected":false},"excerpt":{"rendered":"<p>Les bateaux de collecte des ordures et des ordures de Mavi Deniz peuvent \u00eatre utilis\u00e9s dans le monde entier dans [&hellip;]<\/p>\n","protected":false},"author":1,"featured_media":0,"parent":42559,"menu_order":0,"comment_status":"closed","ping_status":"closed","template":"","meta":{"site-sidebar-layout":"default","site-content-layout":"","ast-site-content-layout":"default","site-content-style":"default","site-sidebar-style":"default","ast-global-header-display":"","ast-banner-title-visibility":"","ast-main-header-display":"","ast-hfb-above-header-display":"","ast-hfb-below-header-display":"","ast-hfb-mobile-header-display":"","site-post-title":"","ast-breadcrumbs-content":"","ast-featured-img":"","footer-sml-layout":"","ast-disable-related-posts":"","theme-transparent-header-meta":"","adv-header-id-meta":"","stick-header-meta":"","header-above-stick-meta":"","header-main-stick-meta":"","header-below-stick-meta":"","astra-migrate-meta-layouts":"default","ast-page-background-enabled":"default","ast-page-background-meta":{"desktop":{"background-color":"var(--ast-global-color-5)","background-image":"","background-repeat":"repeat","background-position":"center center","background-size":"auto","background-attachment":"scroll","background-type":"","background-media":"","overlay-type":"","overlay-color":"","overlay-opacity":"","overlay-gradient":""},"tablet":{"background-color":"","background-image":"","background-repeat":"repeat","background-position":"center center","background-size":"auto","background-attachment":"scroll","background-type":"","background-media":"","overlay-type":"","overlay-color":"","overlay-opacity":"","overlay-gradient":""},"mobile":{"background-color":"","background-image":"","background-repeat":"repeat","background-position":"center center","background-size":"auto","background-attachment":"scroll","background-type":"","background-media":"","overlay-type":"","overlay-color":"","overlay-opacity":"","overlay-gradient":""}},"ast-content-background-meta":{"desktop":{"background-color":"var(--ast-global-color-4)","background-image":"","background-repeat":"repeat","background-position":"center center","background-size":"auto","background-attachment":"scroll","background-type":"","background-media":"","overlay-type":"","overlay-color":"","overlay-opacity":"","overlay-gradient":""},"tablet":{"background-color":"var(--ast-global-color-4)","background-image":"","background-repeat":"repeat","background-position":"center center","background-size":"auto","background-attachment":"scroll","background-type":"","background-media":"","overlay-type":"","overlay-color":"","overlay-opacity":"","overlay-gradient":""},"mobile":{"background-color":"var(--ast-global-color-4)","background-image":"","background-repeat":"repeat","background-position":"center center","background-size":"auto","background-attachment":"scroll","background-type":"","background-media":"","overlay-type":"","overlay-color":"","overlay-opacity":"","overlay-gradient":""}},"footnotes":""},"class_list":["post-53530","page","type-page","status-publish","hentry"],"_links":{"self":[{"href":"https:\/\/mavideniz.com.tr\/fr\/wp-json\/wp\/v2\/pages\/53530","targetHints":{"allow":["GET"]}}],"collection":[{"href":"https:\/\/mavideniz.com.tr\/fr\/wp-json\/wp\/v2\/pages"}],"about":[{"href":"https:\/\/mavideniz.com.tr\/fr\/wp-json\/wp\/v2\/types\/page"}],"author":[{"embeddable":true,"href":"https:\/\/mavideniz.com.tr\/fr\/wp-json\/wp\/v2\/users\/1"}],"replies":[{"embeddable":true,"href":"https:\/\/mavideniz.com.tr\/fr\/wp-json\/wp\/v2\/comments?post=53530"}],"version-history":[{"count":0,"href":"https:\/\/mavideniz.com.tr\/fr\/wp-json\/wp\/v2\/pages\/53530\/revisions"}],"up":[{"embeddable":true,"href":"https:\/\/mavideniz.com.tr\/fr\/wp-json\/wp\/v2\/pages\/42559"}],"wp:attachment":[{"href":"https:\/\/mavideniz.com.tr\/fr\/wp-json\/wp\/v2\/media?parent=53530"}],"curies":[{"name":"wp","href":"https:\/\/api.w.org\/{rel}","templated":true}]}}