{"id":53538,"date":"2023-04-23T16:28:34","date_gmt":"2023-04-23T16:28:34","guid":{"rendered":"https:\/\/mavideniz.com.tr\/?page_id=53538"},"modified":"2023-04-23T16:28:37","modified_gmt":"2023-04-23T16:28:37","slug":"projet-de-nettoyage-de-la-surface-de-la-mer-de-marmara","status":"publish","type":"page","link":"https:\/\/mavideniz.com.tr\/fr\/actualites-evenements\/projet-de-nettoyage-de-la-surface-de-la-mer-de-marmara\/","title":{"rendered":"PROJET DE NETTOYAGE DE LA SURFACE DE LA MER DE MARMARA"},"content":{"rendered":"<p>Mavi Deniz est le leader mondial de la protection des \u00e9cosyst\u00e8mes marins dans le monde entier. Le changement climatique et la propagation<img loading=\"lazy\" decoding=\"async\" class=\"alignright wp-image-26619 size-full\" src=\"https:\/\/mavideniz.com.tr\/wp-content\/uploads\/Media-Centre\/News-Events\/2021\/MARMARA-SEA-SURFACE-CLEANING-PROJECT-Trash-Skimmer-Boat-2.jpg\" width=\"375\" height=\"250\" alt=\"\" title=\"\"> potentielle des mauvaises herbes marines, du mucilage marin et des agents pathog\u00e8nes microbiens dans la mer de Marmara sont tr\u00e8s \u00e9lev\u00e9s en saison\u00a0estivale, de sorte que Mavi Deniz signe un accord avec les municipalit\u00e9s qui ont un littoral dans la mer de Marmara qui comprend le nettoyage de la surface de la mer avec ses trucs et 5 pcs multi-usage \u00e9cologique r\u00e9ponse des bateaux \u00e0 ordures.<\/p>\n<p><strong>Bateaux Polyvalents \u00c0 \u00c9cume De D\u00e9chets ;<\/strong><\/p>\n<p>&#8211; Quantit\u00e9 : 3 pi\u00e8ces<br \/>\n&#8211; Mod\u00e8le : Sea Cat<br \/>\n&#8211; Longueur : 17 m &amp; 15 m<br \/>\n&#8211; Large : 6 m &amp; 5 m<br \/>\n&#8211; R\u00e9servoir de d\u00e9chets solides Capacit\u00e9 : 25 m3<\/p>\n<p><strong>Bateaux Polyvalents \u00c0 \u00c9cume De D\u00e9chets ;<\/strong><\/p>\n<p>&#8211; Quantit\u00e9 : 2 pi\u00e8ces<br \/>\n&#8211; Mod\u00e8le : Mini Cat<br \/>\n&#8211; Longueur : 10 m &amp; 8 m &amp; 6 m<br \/>\n&#8211; Largeur : 2,5 m<br \/>\n&#8211; Capacit\u00e9 du r\u00e9servoir de d\u00e9chets solides : 1,5 m3<\/p>\n","protected":false},"excerpt":{"rendered":"<p>Mavi Deniz est le leader mondial de la protection des \u00e9cosyst\u00e8mes marins dans le monde entier. Le changement climatique et [&hellip;]<\/p>\n","protected":false},"author":1,"featured_media":0,"parent":42559,"menu_order":0,"comment_status":"closed","ping_status":"closed","template":"","meta":{"site-sidebar-layout":"default","site-content-layout":"","ast-site-content-layout":"default","site-content-style":"default","site-sidebar-style":"default","ast-global-header-display":"","ast-banner-title-visibility":"","ast-main-header-display":"","ast-hfb-above-header-display":"","ast-hfb-below-header-display":"","ast-hfb-mobile-header-display":"","site-post-title":"","ast-breadcrumbs-content":"","ast-featured-img":"","footer-sml-layout":"","ast-disable-related-posts":"","theme-transparent-header-meta":"","adv-header-id-meta":"","stick-header-meta":"","header-above-stick-meta":"","header-main-stick-meta":"","header-below-stick-meta":"","astra-migrate-meta-layouts":"default","ast-page-background-enabled":"default","ast-page-background-meta":{"desktop":{"background-color":"var(--ast-global-color-5)","background-image":"","background-repeat":"repeat","background-position":"center center","background-size":"auto","background-attachment":"scroll","background-type":"","background-media":"","overlay-type":"","overlay-color":"","overlay-opacity":"","overlay-gradient":""},"tablet":{"background-color":"","background-image":"","background-repeat":"repeat","background-position":"center center","background-size":"auto","background-attachment":"scroll","background-type":"","background-media":"","overlay-type":"","overlay-color":"","overlay-opacity":"","overlay-gradient":""},"mobile":{"background-color":"","background-image":"","background-repeat":"repeat","background-position":"center center","background-size":"auto","background-attachment":"scroll","background-type":"","background-media":"","overlay-type":"","overlay-color":"","overlay-opacity":"","overlay-gradient":""}},"ast-content-background-meta":{"desktop":{"background-color":"var(--ast-global-color-4)","background-image":"","background-repeat":"repeat","background-position":"center center","background-size":"auto","background-attachment":"scroll","background-type":"","background-media":"","overlay-type":"","overlay-color":"","overlay-opacity":"","overlay-gradient":""},"tablet":{"background-color":"var(--ast-global-color-4)","background-image":"","background-repeat":"repeat","background-position":"center center","background-size":"auto","background-attachment":"scroll","background-type":"","background-media":"","overlay-type":"","overlay-color":"","overlay-opacity":"","overlay-gradient":""},"mobile":{"background-color":"var(--ast-global-color-4)","background-image":"","background-repeat":"repeat","background-position":"center center","background-size":"auto","background-attachment":"scroll","background-type":"","background-media":"","overlay-type":"","overlay-color":"","overlay-opacity":"","overlay-gradient":""}},"footnotes":""},"class_list":["post-53538","page","type-page","status-publish","hentry"],"_links":{"self":[{"href":"https:\/\/mavideniz.com.tr\/fr\/wp-json\/wp\/v2\/pages\/53538","targetHints":{"allow":["GET"]}}],"collection":[{"href":"https:\/\/mavideniz.com.tr\/fr\/wp-json\/wp\/v2\/pages"}],"about":[{"href":"https:\/\/mavideniz.com.tr\/fr\/wp-json\/wp\/v2\/types\/page"}],"author":[{"embeddable":true,"href":"https:\/\/mavideniz.com.tr\/fr\/wp-json\/wp\/v2\/users\/1"}],"replies":[{"embeddable":true,"href":"https:\/\/mavideniz.com.tr\/fr\/wp-json\/wp\/v2\/comments?post=53538"}],"version-history":[{"count":0,"href":"https:\/\/mavideniz.com.tr\/fr\/wp-json\/wp\/v2\/pages\/53538\/revisions"}],"up":[{"embeddable":true,"href":"https:\/\/mavideniz.com.tr\/fr\/wp-json\/wp\/v2\/pages\/42559"}],"wp:attachment":[{"href":"https:\/\/mavideniz.com.tr\/fr\/wp-json\/wp\/v2\/media?parent=53538"}],"curies":[{"name":"wp","href":"https:\/\/api.w.org\/{rel}","templated":true}]}}