{"id":53546,"date":"2023-04-23T16:32:02","date_gmt":"2023-04-23T16:32:02","guid":{"rendered":"https:\/\/mavideniz.com.tr\/?page_id=53546"},"modified":"2023-04-23T16:32:07","modified_gmt":"2023-04-23T16:32:07","slug":"mavi-deniz-recoit-1-bateau-dintervention-en-cas-de-deversement-dhuile-de-14-m-_-equipement","status":"publish","type":"page","link":"https:\/\/mavideniz.com.tr\/fr\/actualites-evenements\/mavi-deniz-recoit-1-bateau-dintervention-en-cas-de-deversement-dhuile-de-14-m-_-equipement\/","title":{"rendered":"MAVI DENIZ RE\u00c7OIT 1 BATEAU D&rsquo;INTERVENTION EN CAS DE D\u00c9VERSEMENT D&rsquo;HUILE DE 14 M _ \u00c9QUIPEMENT"},"content":{"rendered":"<p>2 mars 2017, Mavi Deniz a \u00e9t\u00e9 engag\u00e9 et lanc\u00e9 pour fournir l&rsquo;ing\u00e9nierie de l&rsquo;acier en acier de 17 m de bateau d&rsquo;intervention en cas de d\u00e9versement<img loading=\"lazy\" decoding=\"async\" class=\"alignright wp-image-26304 size-full\" src=\"https:\/\/mavideniz.com.tr\/wp-content\/uploads\/Media-Centre\/News-Events\/2017\/OIL-SPILL-RESPONSE-BOAT-1.jpg\" width=\"375\" height=\"250\" alt=\"\" title=\"\"> d&rsquo;hydrocarbures et de bateau de collecte de d\u00e9chets huileux pour ses clients albanais \u00e0 op\u00e9rer dans les ports de Durres avec des estacades, des kits de d\u00e9versement, des produits chimiques, EPI avec une capacit\u00e9 de 20 m3 de l&rsquo;arc collecteur d&rsquo;\u00e9quipements de r\u00e9cup\u00e9ration d&rsquo;huile sont install\u00e9s selon les exigences des clients.<\/p>\n<p>Le BATEAU D&rsquo;INTERVENTION EN CAS DE D\u00c9VERSEMENT D&rsquo;HUILE peut recueillir les d\u00e9chets huileux (huiles lourdes, boues, boues et eaux huileuses) et les d\u00e9chets solides d&rsquo;ordures avec son syst\u00e8me de convoyeur avant.<\/p>\n<p><strong>Sp\u00e9cifications<\/strong><\/p>\n<p>Longueur : 14 m<img loading=\"lazy\" decoding=\"async\" class=\"alignright wp-image-26299 size-full\" src=\"https:\/\/mavideniz.com.tr\/wp-content\/uploads\/Media-Centre\/News-Events\/2017\/OIL-SPILL-RESPONSE-BOAT-3.jpg\" width=\"375\" height=\"250\" alt=\"\" title=\"\"><br \/>\nFaisceau : 3,96 m<br \/>\nProfondeur : 2 m<br \/>\nTirant d&rsquo;eau : 1,3 m<br \/>\nType de coque : Acier<br \/>\nR\u00e9servoir de d\u00e9chets : 1 m3<br \/>\nR\u00e9servoir de d\u00e9chets huileux : 20 m3<br \/>\nCapacit\u00e9 de r\u00e9cup\u00e9ration d&rsquo;huile : 20 m3\/h<br \/>\nRampe d&rsquo;huile : 200 m @ bobine de rampe hydraulique<br \/>\nVitesse : 8 noeuds<\/p>\n","protected":false},"excerpt":{"rendered":"<p>2 mars 2017, Mavi Deniz a \u00e9t\u00e9 engag\u00e9 et lanc\u00e9 pour fournir l&rsquo;ing\u00e9nierie de l&rsquo;acier en acier de 17 m [&hellip;]<\/p>\n","protected":false},"author":1,"featured_media":0,"parent":42559,"menu_order":0,"comment_status":"closed","ping_status":"closed","template":"","meta":{"site-sidebar-layout":"default","site-content-layout":"","ast-site-content-layout":"default","site-content-style":"default","site-sidebar-style":"default","ast-global-header-display":"","ast-banner-title-visibility":"","ast-main-header-display":"","ast-hfb-above-header-display":"","ast-hfb-below-header-display":"","ast-hfb-mobile-header-display":"","site-post-title":"","ast-breadcrumbs-content":"","ast-featured-img":"","footer-sml-layout":"","ast-disable-related-posts":"","theme-transparent-header-meta":"","adv-header-id-meta":"","stick-header-meta":"","header-above-stick-meta":"","header-main-stick-meta":"","header-below-stick-meta":"","astra-migrate-meta-layouts":"default","ast-page-background-enabled":"default","ast-page-background-meta":{"desktop":{"background-color":"var(--ast-global-color-5)","background-image":"","background-repeat":"repeat","background-position":"center center","background-size":"auto","background-attachment":"scroll","background-type":"","background-media":"","overlay-type":"","overlay-color":"","overlay-opacity":"","overlay-gradient":""},"tablet":{"background-color":"","background-image":"","background-repeat":"repeat","background-position":"center center","background-size":"auto","background-attachment":"scroll","background-type":"","background-media":"","overlay-type":"","overlay-color":"","overlay-opacity":"","overlay-gradient":""},"mobile":{"background-color":"","background-image":"","background-repeat":"repeat","background-position":"center center","background-size":"auto","background-attachment":"scroll","background-type":"","background-media":"","overlay-type":"","overlay-color":"","overlay-opacity":"","overlay-gradient":""}},"ast-content-background-meta":{"desktop":{"background-color":"var(--ast-global-color-4)","background-image":"","background-repeat":"repeat","background-position":"center center","background-size":"auto","background-attachment":"scroll","background-type":"","background-media":"","overlay-type":"","overlay-color":"","overlay-opacity":"","overlay-gradient":""},"tablet":{"background-color":"var(--ast-global-color-4)","background-image":"","background-repeat":"repeat","background-position":"center center","background-size":"auto","background-attachment":"scroll","background-type":"","background-media":"","overlay-type":"","overlay-color":"","overlay-opacity":"","overlay-gradient":""},"mobile":{"background-color":"var(--ast-global-color-4)","background-image":"","background-repeat":"repeat","background-position":"center center","background-size":"auto","background-attachment":"scroll","background-type":"","background-media":"","overlay-type":"","overlay-color":"","overlay-opacity":"","overlay-gradient":""}},"footnotes":""},"class_list":["post-53546","page","type-page","status-publish","hentry"],"_links":{"self":[{"href":"https:\/\/mavideniz.com.tr\/fr\/wp-json\/wp\/v2\/pages\/53546","targetHints":{"allow":["GET"]}}],"collection":[{"href":"https:\/\/mavideniz.com.tr\/fr\/wp-json\/wp\/v2\/pages"}],"about":[{"href":"https:\/\/mavideniz.com.tr\/fr\/wp-json\/wp\/v2\/types\/page"}],"author":[{"embeddable":true,"href":"https:\/\/mavideniz.com.tr\/fr\/wp-json\/wp\/v2\/users\/1"}],"replies":[{"embeddable":true,"href":"https:\/\/mavideniz.com.tr\/fr\/wp-json\/wp\/v2\/comments?post=53546"}],"version-history":[{"count":0,"href":"https:\/\/mavideniz.com.tr\/fr\/wp-json\/wp\/v2\/pages\/53546\/revisions"}],"up":[{"embeddable":true,"href":"https:\/\/mavideniz.com.tr\/fr\/wp-json\/wp\/v2\/pages\/42559"}],"wp:attachment":[{"href":"https:\/\/mavideniz.com.tr\/fr\/wp-json\/wp\/v2\/media?parent=53546"}],"curies":[{"name":"wp","href":"https:\/\/api.w.org\/{rel}","templated":true}]}}