{"id":53554,"date":"2023-04-23T16:33:19","date_gmt":"2023-04-23T16:33:19","guid":{"rendered":"https:\/\/mavideniz.com.tr\/?page_id=53554"},"modified":"2023-04-23T16:33:24","modified_gmt":"2023-04-23T16:33:24","slug":"mavi-deniz-recoit-1-navire-de-collecte-des-dechets-marpol-de-30-m-_-equipement","status":"publish","type":"page","link":"https:\/\/mavideniz.com.tr\/fr\/actualites-evenements\/mavi-deniz-recoit-1-navire-de-collecte-des-dechets-marpol-de-30-m-_-equipement\/","title":{"rendered":"MAVI DENIZ RE\u00c7OIT 1 NAVIRE DE COLLECTE DES D\u00c9CHETS MARPOL DE 30 M _ \u00c9QUIPEMENT"},"content":{"rendered":"<p>Le 05 f\u00e9vrier 2016, Mavi Deniz a \u00e9t\u00e9 engag\u00e9 et lanc\u00e9 pour fournir un navire de collecte de d\u00e9chets MARPOL de 30 m pour la Soci\u00e9t\u00e9 G\u00e9n\u00e9rale du Minist\u00e8re des Transports pour les Ports d&rsquo;Irak avec une capacit\u00e9 de 100 m3 d&rsquo;\u00e9quipement de r\u00e9cup\u00e9ration de p\u00e9trole selon les exigences des clients. Le navire peut recueillir les d\u00e9chets huileux MARPOL (boues, boues, cales, eaux d&rsquo;\u00e9gout) et les d\u00e9chets solides de d\u00e9chets dans sa cuve s\u00e9par\u00e9e. Le navire a 2 pi\u00e8ces de moteur Yanmar de 1,472 kW et son \u00e9quipement de d\u00e9versement d\u2019huile de 500 m de rampe d\u2019huile de port, 2 x bobine de rampe hydraulique, 2 x \u00e9cr\u00e9meuse \u00e0 collecteur lat\u00e9ral, 2 x \u00e9cr\u00e9meuse multiple 30, 1 x kits de d\u00e9versement d\u2019huile, 1 x bateau de sauvetage de 6 m \u00e0 bord. Les navires sont \u00e9quip\u00e9s de 1 x canons \u00e0 eau de lutte contre l&rsquo;incendie pour les situations d&rsquo;urgence dans le port. Grue hydraulique \u00e0 fl\u00e8che @ capacit\u00e9 de 1 tonne est install\u00e9 sur le pont. 1 x Le syst\u00e8me de traitement biologique est fourni avec le navire \u00e0 l&rsquo;autorit\u00e9 portuaire.<\/p>\n","protected":false},"excerpt":{"rendered":"<p>Le 05 f\u00e9vrier 2016, Mavi Deniz a \u00e9t\u00e9 engag\u00e9 et lanc\u00e9 pour fournir un navire de collecte de d\u00e9chets MARPOL [&hellip;]<\/p>\n","protected":false},"author":1,"featured_media":0,"parent":42559,"menu_order":0,"comment_status":"closed","ping_status":"closed","template":"","meta":{"site-sidebar-layout":"default","site-content-layout":"","ast-site-content-layout":"default","site-content-style":"default","site-sidebar-style":"default","ast-global-header-display":"","ast-banner-title-visibility":"","ast-main-header-display":"","ast-hfb-above-header-display":"","ast-hfb-below-header-display":"","ast-hfb-mobile-header-display":"","site-post-title":"","ast-breadcrumbs-content":"","ast-featured-img":"","footer-sml-layout":"","ast-disable-related-posts":"","theme-transparent-header-meta":"","adv-header-id-meta":"","stick-header-meta":"","header-above-stick-meta":"","header-main-stick-meta":"","header-below-stick-meta":"","astra-migrate-meta-layouts":"default","ast-page-background-enabled":"default","ast-page-background-meta":{"desktop":{"background-color":"var(--ast-global-color-5)","background-image":"","background-repeat":"repeat","background-position":"center center","background-size":"auto","background-attachment":"scroll","background-type":"","background-media":"","overlay-type":"","overlay-color":"","overlay-opacity":"","overlay-gradient":""},"tablet":{"background-color":"","background-image":"","background-repeat":"repeat","background-position":"center center","background-size":"auto","background-attachment":"scroll","background-type":"","background-media":"","overlay-type":"","overlay-color":"","overlay-opacity":"","overlay-gradient":""},"mobile":{"background-color":"","background-image":"","background-repeat":"repeat","background-position":"center center","background-size":"auto","background-attachment":"scroll","background-type":"","background-media":"","overlay-type":"","overlay-color":"","overlay-opacity":"","overlay-gradient":""}},"ast-content-background-meta":{"desktop":{"background-color":"var(--ast-global-color-4)","background-image":"","background-repeat":"repeat","background-position":"center center","background-size":"auto","background-attachment":"scroll","background-type":"","background-media":"","overlay-type":"","overlay-color":"","overlay-opacity":"","overlay-gradient":""},"tablet":{"background-color":"var(--ast-global-color-4)","background-image":"","background-repeat":"repeat","background-position":"center center","background-size":"auto","background-attachment":"scroll","background-type":"","background-media":"","overlay-type":"","overlay-color":"","overlay-opacity":"","overlay-gradient":""},"mobile":{"background-color":"var(--ast-global-color-4)","background-image":"","background-repeat":"repeat","background-position":"center center","background-size":"auto","background-attachment":"scroll","background-type":"","background-media":"","overlay-type":"","overlay-color":"","overlay-opacity":"","overlay-gradient":""}},"footnotes":""},"class_list":["post-53554","page","type-page","status-publish","hentry"],"_links":{"self":[{"href":"https:\/\/mavideniz.com.tr\/fr\/wp-json\/wp\/v2\/pages\/53554","targetHints":{"allow":["GET"]}}],"collection":[{"href":"https:\/\/mavideniz.com.tr\/fr\/wp-json\/wp\/v2\/pages"}],"about":[{"href":"https:\/\/mavideniz.com.tr\/fr\/wp-json\/wp\/v2\/types\/page"}],"author":[{"embeddable":true,"href":"https:\/\/mavideniz.com.tr\/fr\/wp-json\/wp\/v2\/users\/1"}],"replies":[{"embeddable":true,"href":"https:\/\/mavideniz.com.tr\/fr\/wp-json\/wp\/v2\/comments?post=53554"}],"version-history":[{"count":0,"href":"https:\/\/mavideniz.com.tr\/fr\/wp-json\/wp\/v2\/pages\/53554\/revisions"}],"up":[{"embeddable":true,"href":"https:\/\/mavideniz.com.tr\/fr\/wp-json\/wp\/v2\/pages\/42559"}],"wp:attachment":[{"href":"https:\/\/mavideniz.com.tr\/fr\/wp-json\/wp\/v2\/media?parent=53554"}],"curies":[{"name":"wp","href":"https:\/\/api.w.org\/{rel}","templated":true}]}}