{"id":53562,"date":"2023-04-23T16:39:53","date_gmt":"2023-04-23T16:39:53","guid":{"rendered":"https:\/\/mavideniz.com.tr\/?page_id=53562"},"modified":"2023-04-23T16:39:57","modified_gmt":"2023-04-23T16:39:57","slug":"mavi-deniz-recoit-1-bateau-ecumeur-de-dechets-de-6-m-_-barriere-de-dechets-de-200-m-au-barrage-wapda","status":"publish","type":"page","link":"https:\/\/mavideniz.com.tr\/fr\/actualites-evenements\/mavi-deniz-recoit-1-bateau-ecumeur-de-dechets-de-6-m-_-barriere-de-dechets-de-200-m-au-barrage-wapda\/","title":{"rendered":"MAVI DENIZ RE\u00c7OIT 1 BATEAU \u00c9CUMEUR DE D\u00c9CHETS DE 6 M _ BARRI\u00c8RE DE D\u00c9CHETS DE 200 M AU BARRAGE WAPDA"},"content":{"rendered":"<p>Mavi Deniz a \u00e9t\u00e9 engag\u00e9 et lanc\u00e9 pour fournir l&rsquo;ing\u00e9nierie de l&rsquo;aluminium fait de bateau \u00e9cumeur de d\u00e9chets con\u00e7u selon les exigences des clients.<\/p>\n<p>Trash Skimmer Boat peut collecter les d\u00e9chets solides et les ordures avec son syst\u00e8me de convoyeur avant au barrage d&rsquo;eau douce.<img loading=\"lazy\" decoding=\"async\" class=\"alignright wp-image-26023 size-full\" src=\"https:\/\/mavideniz.com.tr\/wp-content\/uploads\/Media-Centre\/News-Events\/2018\/Trash-Skimmer-Boat-Aluminium.jpg\" width=\"375\" height=\"250\" alt=\"\" title=\"\"><\/p>\n<p>Trash Skimmer Boat collectera toutes sortes de polluants flottants et semi-submerg\u00e9s, y compris les mati\u00e8res plastiques, les d\u00e9chets, la liti\u00e8re, les bouteilles, les cigarettes, les bois, les algues, les d\u00e9bris solides et les mati\u00e8res organiques.<\/p>\n<p>Les navires de r\u00e9cup\u00e9ration des ordures de Mavi Deniz sont utilis\u00e9s dans le monde entier.<\/p>\n<p><strong>Caract\u00e9ristiques<\/strong><\/p>\n<ul>\n<li>Collecte des d\u00e9chets solides flottants et des macro-polluants semi-submerg\u00e9s (plastique, plantes, canettes, bois, algues, algues, etc.)<\/li>\n<li>Les ordures sont stock\u00e9es dans un conteneur.<img loading=\"lazy\" decoding=\"async\" class=\"size-full wp-image-26018 alignright\" src=\"https:\/\/mavideniz.com.tr\/wp-content\/uploads\/Media-Centre\/News-Events\/2018\/TRASH-BARRIER-DAM.jpg\" alt=\"\" width=\"375\" height=\"251\" title=\"\"><\/li>\n<\/ul>\n<p><strong>Sp\u00e9cifications<\/strong><\/p>\n<ul>\n<li>Longueur : 6,4 m<\/li>\n<li>Faisceau : 2,5 m<\/li>\n<li>Tirant d&rsquo;eau : 0,8 m<\/li>\n<li>R\u00e9servoir de d\u00e9chets : 1 m3<\/li>\n<li>Type de coque : Aluminium<\/li>\n<\/ul>\n<p>Mavi Deniz est le leader mondial en mati\u00e8re de contr\u00f4le des d\u00e9bris flottants. Nous offrons de multiples styles de syst\u00e8mes de barri\u00e8res de billes et de d\u00e9bris utilis\u00e9s pour contr\u00f4ler les d\u00e9chets flottants, les plantes aquatiques envahissantes telles que le myriophylle et la jacinthe, les ordures flottantes, les arbres, les feuilles, les b\u00e2tons et autres d\u00e9bris flottants.<\/p>\n<p><strong>Caract\u00e9ristiques<\/strong><\/p>\n<p>Stopper les d\u00e9chets solides flottants et les macro-polluants semi-submerg\u00e9s (plastique, plantes, canettes, bois, algues, algues, etc.)<\/p>\n","protected":false},"excerpt":{"rendered":"<p>Mavi Deniz a \u00e9t\u00e9 engag\u00e9 et lanc\u00e9 pour fournir l&rsquo;ing\u00e9nierie de l&rsquo;aluminium fait de bateau \u00e9cumeur de d\u00e9chets con\u00e7u selon [&hellip;]<\/p>\n","protected":false},"author":1,"featured_media":0,"parent":42559,"menu_order":0,"comment_status":"closed","ping_status":"closed","template":"","meta":{"site-sidebar-layout":"default","site-content-layout":"","ast-site-content-layout":"default","site-content-style":"default","site-sidebar-style":"default","ast-global-header-display":"","ast-banner-title-visibility":"","ast-main-header-display":"","ast-hfb-above-header-display":"","ast-hfb-below-header-display":"","ast-hfb-mobile-header-display":"","site-post-title":"","ast-breadcrumbs-content":"","ast-featured-img":"","footer-sml-layout":"","ast-disable-related-posts":"","theme-transparent-header-meta":"","adv-header-id-meta":"","stick-header-meta":"","header-above-stick-meta":"","header-main-stick-meta":"","header-below-stick-meta":"","astra-migrate-meta-layouts":"default","ast-page-background-enabled":"default","ast-page-background-meta":{"desktop":{"background-color":"var(--ast-global-color-5)","background-image":"","background-repeat":"repeat","background-position":"center center","background-size":"auto","background-attachment":"scroll","background-type":"","background-media":"","overlay-type":"","overlay-color":"","overlay-opacity":"","overlay-gradient":""},"tablet":{"background-color":"","background-image":"","background-repeat":"repeat","background-position":"center center","background-size":"auto","background-attachment":"scroll","background-type":"","background-media":"","overlay-type":"","overlay-color":"","overlay-opacity":"","overlay-gradient":""},"mobile":{"background-color":"","background-image":"","background-repeat":"repeat","background-position":"center center","background-size":"auto","background-attachment":"scroll","background-type":"","background-media":"","overlay-type":"","overlay-color":"","overlay-opacity":"","overlay-gradient":""}},"ast-content-background-meta":{"desktop":{"background-color":"var(--ast-global-color-4)","background-image":"","background-repeat":"repeat","background-position":"center center","background-size":"auto","background-attachment":"scroll","background-type":"","background-media":"","overlay-type":"","overlay-color":"","overlay-opacity":"","overlay-gradient":""},"tablet":{"background-color":"var(--ast-global-color-4)","background-image":"","background-repeat":"repeat","background-position":"center center","background-size":"auto","background-attachment":"scroll","background-type":"","background-media":"","overlay-type":"","overlay-color":"","overlay-opacity":"","overlay-gradient":""},"mobile":{"background-color":"var(--ast-global-color-4)","background-image":"","background-repeat":"repeat","background-position":"center center","background-size":"auto","background-attachment":"scroll","background-type":"","background-media":"","overlay-type":"","overlay-color":"","overlay-opacity":"","overlay-gradient":""}},"footnotes":""},"class_list":["post-53562","page","type-page","status-publish","hentry"],"_links":{"self":[{"href":"https:\/\/mavideniz.com.tr\/fr\/wp-json\/wp\/v2\/pages\/53562","targetHints":{"allow":["GET"]}}],"collection":[{"href":"https:\/\/mavideniz.com.tr\/fr\/wp-json\/wp\/v2\/pages"}],"about":[{"href":"https:\/\/mavideniz.com.tr\/fr\/wp-json\/wp\/v2\/types\/page"}],"author":[{"embeddable":true,"href":"https:\/\/mavideniz.com.tr\/fr\/wp-json\/wp\/v2\/users\/1"}],"replies":[{"embeddable":true,"href":"https:\/\/mavideniz.com.tr\/fr\/wp-json\/wp\/v2\/comments?post=53562"}],"version-history":[{"count":0,"href":"https:\/\/mavideniz.com.tr\/fr\/wp-json\/wp\/v2\/pages\/53562\/revisions"}],"up":[{"embeddable":true,"href":"https:\/\/mavideniz.com.tr\/fr\/wp-json\/wp\/v2\/pages\/42559"}],"wp:attachment":[{"href":"https:\/\/mavideniz.com.tr\/fr\/wp-json\/wp\/v2\/media?parent=53562"}],"curies":[{"name":"wp","href":"https:\/\/api.w.org\/{rel}","templated":true}]}}