{"id":53571,"date":"2023-04-23T16:41:02","date_gmt":"2023-04-23T16:41:02","guid":{"rendered":"https:\/\/mavideniz.com.tr\/?page_id=53571"},"modified":"2023-04-23T16:41:06","modified_gmt":"2023-04-23T16:41:06","slug":"mavi-deniz-a-lance-un-navire-de-recuperation-dhuile-de-2-x-40-m","status":"publish","type":"page","link":"https:\/\/mavideniz.com.tr\/fr\/actualites-evenements\/mavi-deniz-a-lance-un-navire-de-recuperation-dhuile-de-2-x-40-m\/","title":{"rendered":"MAVI DENIZ A LANCE UN NAVIRE DE RECUPERATION D&rsquo;HUILE DE 2 X 40 M"},"content":{"rendered":"<p>Le 21 d\u00e9cembre 2015, Mavi Deniz a lanc\u00e9 le navire de r\u00e9cup\u00e9ration de p\u00e9trole de 2 pcs 40 m pour Sea Horizon General Trading Company sur l&rsquo;accident de la mar\u00e9e noire au port d&rsquo;Irak \u00e0 Bassorah. Le navire a 2 pcs 600 Bhp Volvo Engine et son \u00e9quipement de d\u00e9versement d&rsquo;huile de 500 m Harbour Oil Boom, 2 x Bobine de fl\u00e8che hydraulique, 2 x Side Collector Brush Conveyor Skimmer, 2 x Multi Skimmer 20, 1 x Oil Spill Kits \u00e0 bord. Les navires sont \u00e9quip\u00e9s de 1 x canons \u00e0 eau de lutte contre l&rsquo;incendie pour les situations d&rsquo;urgence dans le port. Grue hydraulique \u00e0 fl\u00e8che @ capacit\u00e9 de 1 tonne est install\u00e9 sur le pont.<\/p>\n","protected":false},"excerpt":{"rendered":"<p>Le 21 d\u00e9cembre 2015, Mavi Deniz a lanc\u00e9 le navire de r\u00e9cup\u00e9ration de p\u00e9trole de 2 pcs 40 m pour [&hellip;]<\/p>\n","protected":false},"author":1,"featured_media":0,"parent":42559,"menu_order":0,"comment_status":"closed","ping_status":"closed","template":"","meta":{"site-sidebar-layout":"default","site-content-layout":"","ast-site-content-layout":"default","site-content-style":"default","site-sidebar-style":"default","ast-global-header-display":"","ast-banner-title-visibility":"","ast-main-header-display":"","ast-hfb-above-header-display":"","ast-hfb-below-header-display":"","ast-hfb-mobile-header-display":"","site-post-title":"","ast-breadcrumbs-content":"","ast-featured-img":"","footer-sml-layout":"","ast-disable-related-posts":"","theme-transparent-header-meta":"","adv-header-id-meta":"","stick-header-meta":"","header-above-stick-meta":"","header-main-stick-meta":"","header-below-stick-meta":"","astra-migrate-meta-layouts":"default","ast-page-background-enabled":"default","ast-page-background-meta":{"desktop":{"background-color":"var(--ast-global-color-5)","background-image":"","background-repeat":"repeat","background-position":"center center","background-size":"auto","background-attachment":"scroll","background-type":"","background-media":"","overlay-type":"","overlay-color":"","overlay-opacity":"","overlay-gradient":""},"tablet":{"background-color":"","background-image":"","background-repeat":"repeat","background-position":"center center","background-size":"auto","background-attachment":"scroll","background-type":"","background-media":"","overlay-type":"","overlay-color":"","overlay-opacity":"","overlay-gradient":""},"mobile":{"background-color":"","background-image":"","background-repeat":"repeat","background-position":"center center","background-size":"auto","background-attachment":"scroll","background-type":"","background-media":"","overlay-type":"","overlay-color":"","overlay-opacity":"","overlay-gradient":""}},"ast-content-background-meta":{"desktop":{"background-color":"var(--ast-global-color-4)","background-image":"","background-repeat":"repeat","background-position":"center center","background-size":"auto","background-attachment":"scroll","background-type":"","background-media":"","overlay-type":"","overlay-color":"","overlay-opacity":"","overlay-gradient":""},"tablet":{"background-color":"var(--ast-global-color-4)","background-image":"","background-repeat":"repeat","background-position":"center center","background-size":"auto","background-attachment":"scroll","background-type":"","background-media":"","overlay-type":"","overlay-color":"","overlay-opacity":"","overlay-gradient":""},"mobile":{"background-color":"var(--ast-global-color-4)","background-image":"","background-repeat":"repeat","background-position":"center center","background-size":"auto","background-attachment":"scroll","background-type":"","background-media":"","overlay-type":"","overlay-color":"","overlay-opacity":"","overlay-gradient":""}},"footnotes":""},"class_list":["post-53571","page","type-page","status-publish","hentry"],"_links":{"self":[{"href":"https:\/\/mavideniz.com.tr\/fr\/wp-json\/wp\/v2\/pages\/53571","targetHints":{"allow":["GET"]}}],"collection":[{"href":"https:\/\/mavideniz.com.tr\/fr\/wp-json\/wp\/v2\/pages"}],"about":[{"href":"https:\/\/mavideniz.com.tr\/fr\/wp-json\/wp\/v2\/types\/page"}],"author":[{"embeddable":true,"href":"https:\/\/mavideniz.com.tr\/fr\/wp-json\/wp\/v2\/users\/1"}],"replies":[{"embeddable":true,"href":"https:\/\/mavideniz.com.tr\/fr\/wp-json\/wp\/v2\/comments?post=53571"}],"version-history":[{"count":0,"href":"https:\/\/mavideniz.com.tr\/fr\/wp-json\/wp\/v2\/pages\/53571\/revisions"}],"up":[{"embeddable":true,"href":"https:\/\/mavideniz.com.tr\/fr\/wp-json\/wp\/v2\/pages\/42559"}],"wp:attachment":[{"href":"https:\/\/mavideniz.com.tr\/fr\/wp-json\/wp\/v2\/media?parent=53571"}],"curies":[{"name":"wp","href":"https:\/\/api.w.org\/{rel}","templated":true}]}}