{"id":53579,"date":"2023-04-23T16:51:07","date_gmt":"2023-04-23T16:51:07","guid":{"rendered":"https:\/\/mavideniz.com.tr\/?page_id=53579"},"modified":"2023-04-23T16:51:11","modified_gmt":"2023-04-23T16:51:11","slug":"mavi-deniz-a-participe-au-seminaire-sur-la-pollution-marine-organise-par-pmsa-a-2016","status":"publish","type":"page","link":"https:\/\/mavideniz.com.tr\/fr\/actualites-evenements\/mavi-deniz-a-participe-au-seminaire-sur-la-pollution-marine-organise-par-pmsa-a-2016\/","title":{"rendered":"MAVI DENIZ A PARTICIP\u00c9 AU S\u00c9MINAIRE SUR LA POLLUTION MARINE ORGANIS\u00c9 PAR PMSA \u00c0 2016"},"content":{"rendered":"<p>L&rsquo;Agence pakistanaise de s\u00e9curit\u00e9 maritime (PMSA) a organis\u00e9 un s\u00e9minaire international sur la mar\u00e9e noire et son m\u00e9canisme d&rsquo;intervention.<\/p>\n<p>Des d\u00e9fenseurs de l&rsquo;environnement, des experts maritimes et des responsables de la marine pakistanaise ont particip\u00e9 \u00e0 ce s\u00e9minaire pour discuter des<img loading=\"lazy\" decoding=\"async\" class=\"alignright wp-image-26341 size-full\" src=\"https:\/\/mavideniz.com.tr\/wp-content\/uploads\/Media-Centre\/News-Events\/2016\/SEMINAR-ON-MARINE-POLLUTION-Oil-Spill-2.jpg\" width=\"375\" height=\"250\" alt=\"\" title=\"\"> questions li\u00e9es \u00e0 la pollution de l&rsquo;eau de mer et des mesures pr\u00e9ventives \u00e0 prendre pour maintenir la propret\u00e9 des ports et des mers.<\/p>\n<p>Les orateurs ont d\u00e9clar\u00e9 que l&rsquo;eau de mer le long de la c\u00f4te de Karachi avait \u00e9t\u00e9 gravement pollu\u00e9e par les d\u00e9versements d&rsquo;hydrocarbures des navires et les eaux us\u00e9es et les d\u00e9chets industriels qui se d\u00e9versaient dans la mer, ce qui mena\u00e7ait gravement la vie marine.<\/p>\n<p>\u00ab 78 pour cent des eaux us\u00e9es produites \u00e0 Karachi sont d\u00e9vers\u00e9es dans la mer sans \u00eatre trait\u00e9es, outre les d\u00e9versements de p\u00e9trole des navires, ce qui fait que 60 pour cent de la vie marine en souffre gravement ces derni\u00e8res ann\u00e9es \u00bb, a d\u00e9clar\u00e9 un expert.<\/p>\n<p>Mavi Deniz est le seul conf\u00e9rencier \u00e9tranger \u00e0 l&rsquo;\u00e9v\u00e9nement. Emre Altuntop de Mavi Deniz, Yahiya Usmani de l&rsquo;Acad\u00e9mie de la Marine, Shahid Lutfi, et Muhammad Moazzam Khan ont donn\u00e9 un briefing de sensibilisation et r\u00e9pondu aux questions du public.<\/p>\n","protected":false},"excerpt":{"rendered":"<p>L&rsquo;Agence pakistanaise de s\u00e9curit\u00e9 maritime (PMSA) a organis\u00e9 un s\u00e9minaire international sur la mar\u00e9e noire et son m\u00e9canisme d&rsquo;intervention. Des [&hellip;]<\/p>\n","protected":false},"author":1,"featured_media":0,"parent":42559,"menu_order":0,"comment_status":"closed","ping_status":"closed","template":"","meta":{"site-sidebar-layout":"default","site-content-layout":"","ast-site-content-layout":"default","site-content-style":"default","site-sidebar-style":"default","ast-global-header-display":"","ast-banner-title-visibility":"","ast-main-header-display":"","ast-hfb-above-header-display":"","ast-hfb-below-header-display":"","ast-hfb-mobile-header-display":"","site-post-title":"","ast-breadcrumbs-content":"","ast-featured-img":"","footer-sml-layout":"","ast-disable-related-posts":"","theme-transparent-header-meta":"","adv-header-id-meta":"","stick-header-meta":"","header-above-stick-meta":"","header-main-stick-meta":"","header-below-stick-meta":"","astra-migrate-meta-layouts":"default","ast-page-background-enabled":"default","ast-page-background-meta":{"desktop":{"background-color":"var(--ast-global-color-5)","background-image":"","background-repeat":"repeat","background-position":"center center","background-size":"auto","background-attachment":"scroll","background-type":"","background-media":"","overlay-type":"","overlay-color":"","overlay-opacity":"","overlay-gradient":""},"tablet":{"background-color":"","background-image":"","background-repeat":"repeat","background-position":"center center","background-size":"auto","background-attachment":"scroll","background-type":"","background-media":"","overlay-type":"","overlay-color":"","overlay-opacity":"","overlay-gradient":""},"mobile":{"background-color":"","background-image":"","background-repeat":"repeat","background-position":"center center","background-size":"auto","background-attachment":"scroll","background-type":"","background-media":"","overlay-type":"","overlay-color":"","overlay-opacity":"","overlay-gradient":""}},"ast-content-background-meta":{"desktop":{"background-color":"var(--ast-global-color-4)","background-image":"","background-repeat":"repeat","background-position":"center center","background-size":"auto","background-attachment":"scroll","background-type":"","background-media":"","overlay-type":"","overlay-color":"","overlay-opacity":"","overlay-gradient":""},"tablet":{"background-color":"var(--ast-global-color-4)","background-image":"","background-repeat":"repeat","background-position":"center center","background-size":"auto","background-attachment":"scroll","background-type":"","background-media":"","overlay-type":"","overlay-color":"","overlay-opacity":"","overlay-gradient":""},"mobile":{"background-color":"var(--ast-global-color-4)","background-image":"","background-repeat":"repeat","background-position":"center center","background-size":"auto","background-attachment":"scroll","background-type":"","background-media":"","overlay-type":"","overlay-color":"","overlay-opacity":"","overlay-gradient":""}},"footnotes":""},"class_list":["post-53579","page","type-page","status-publish","hentry"],"_links":{"self":[{"href":"https:\/\/mavideniz.com.tr\/fr\/wp-json\/wp\/v2\/pages\/53579","targetHints":{"allow":["GET"]}}],"collection":[{"href":"https:\/\/mavideniz.com.tr\/fr\/wp-json\/wp\/v2\/pages"}],"about":[{"href":"https:\/\/mavideniz.com.tr\/fr\/wp-json\/wp\/v2\/types\/page"}],"author":[{"embeddable":true,"href":"https:\/\/mavideniz.com.tr\/fr\/wp-json\/wp\/v2\/users\/1"}],"replies":[{"embeddable":true,"href":"https:\/\/mavideniz.com.tr\/fr\/wp-json\/wp\/v2\/comments?post=53579"}],"version-history":[{"count":0,"href":"https:\/\/mavideniz.com.tr\/fr\/wp-json\/wp\/v2\/pages\/53579\/revisions"}],"up":[{"embeddable":true,"href":"https:\/\/mavideniz.com.tr\/fr\/wp-json\/wp\/v2\/pages\/42559"}],"wp:attachment":[{"href":"https:\/\/mavideniz.com.tr\/fr\/wp-json\/wp\/v2\/media?parent=53579"}],"curies":[{"name":"wp","href":"https:\/\/api.w.org\/{rel}","templated":true}]}}