{"id":53587,"date":"2023-04-23T16:52:44","date_gmt":"2023-04-23T16:52:44","guid":{"rendered":"https:\/\/mavideniz.com.tr\/?page_id=53587"},"modified":"2023-04-23T16:52:48","modified_gmt":"2023-04-23T16:52:48","slug":"mavi-deniz-services-de-nettoyage-de-plage-en-sous-traitance-modele-de-plage-xxl-nouveau","status":"publish","type":"page","link":"https:\/\/mavideniz.com.tr\/fr\/actualites-evenements\/mavi-deniz-services-de-nettoyage-de-plage-en-sous-traitance-modele-de-plage-xxl-nouveau\/","title":{"rendered":"MAVI DENIZ SERVICES DE NETTOYAGE DE PLAGE EN SOUS-TRAITANCE (MOD\u00c8LE DE PLAGE XXL NOUVEAU !!!)"},"content":{"rendered":"<p>15 Septembre 2016, Mavi Deniz a attribu\u00e9 l&rsquo;appel d&rsquo;offres concernant les services de nettoyage de plage avec un total de 140 travailleurs, 2 pcs bateau de collecte des ordures, 2 pcs bateaux \u00e0 ordures, 2 pcs tracteur, 2 pcs machines de nettoyage de plage, 10 pcs 4&#215;4 pick-ups, 2 pcs camion \u00e0 ordures pour la collecte des d\u00e9chets solides sont utilis\u00e9s pour le nettoyage sur le littoral qui appartient au D\u00e9partement de la protection de l&rsquo;environnement et de l&rsquo;utilisation des d\u00e9chets de la municipalit\u00e9 d&rsquo;Adana y Hatay.<\/p>\n<p>Les d\u00e9chets solides affectent la vie marine et les \u00e9cosyst\u00e8mes ; nos \u00e9quipes de plongeurs utilisent nos \u00e9quipements professionnels et modernes. Les<img loading=\"lazy\" decoding=\"async\" class=\"size-full wp-image-26370 alignright\" src=\"https:\/\/mavideniz.com.tr\/wp-content\/uploads\/Media-Centre\/News-Events\/2016\/BEACH-CLEANING-Service-1.jpg\" alt=\"\" width=\"375\" height=\"250\" title=\"\"> employ\u00e9s en particulier continuent de nettoyer la zone des d\u00e9chets qui ont touch\u00e9 le nettoyage des rives dans la r\u00e9gion m\u00e9diterran\u00e9enne de la Turquie. Des machines de nettoyage de plage et du sable de plage apr\u00e8s correction du nettoyage fin et grossier sont \u00e9galement effectu\u00e9s.<\/p>\n<p>Mavi Deniz est le leader mondial de la technologie de nettoyage des plages. Plage XXL Mod\u00e8le avec de meilleures performances jusqu&rsquo;\u00e0 30.000 m2 \/ h. Depuis plus de 10 ans, le monde utilise des machines de nettoyage de plage d&rsquo;Asie en Europe et du Canada en Nouvelle-Z\u00e9lande. Le mod\u00e8le Beach XXL dispose d&rsquo;un syst\u00e8me d&rsquo;entra\u00eenement hydraulique entra\u00een\u00e9 par prise de force et mont\u00e9 sur machine. La vitesse de la courroie et de la bobine d&rsquo;alimentation est contr\u00f4l\u00e9e \u00e0 partir du si\u00e8ge de l&rsquo;op\u00e9rateur pour changer de vitesse en fonction des conditions de sable. Les deux syst\u00e8mes d&rsquo;entra\u00eenement sont con\u00e7us pour des ann\u00e9es de service fiable. Deux machines de nettoyage de plage de mod\u00e8le Beach XL contribuent au d\u00e9veloppement touristique \u00e0 grande \u00e9chelle de la r\u00e9gion de la mer M\u00e9diterran\u00e9e en Turquie. La qualit\u00e9 des plages sera un facteur important de la r\u00e9ussite globale de la r\u00e9gion !<\/p>\n<p><strong>Nettoyage de la plage sur n&rsquo;importe quel sable ; la bonne r\u00e9ponse pour toute contamination<\/strong><\/p>\n<p>Rien n&rsquo;est laiss\u00e9 par les m\u00e9gots, les morceaux de verre, les bouteilles en plastique, les d\u00e9bris flottants ou les algues, gr\u00e2ce aux machines de nettoyage de plage Mavi Deniz, au ratissage, au criblage et \u00e0 la technologie de nettoyage combin\u00e9e. Gr\u00e2ce \u00e0 la technologie de raclage, le sable humide peut \u00eatre nettoy\u00e9 de fa\u00e7on optimale et le sable sec peut \u00eatre trait\u00e9 rapidement. La technologie de criblage consiste \u00e0 enlever une fine couche de sable sec et \u00e0 la nettoyer m\u00eame des petits contaminants (p. ex. les cigarettes). Il ramasse tout. Qu&rsquo;il s&rsquo;agisse de d\u00e9chets, d&rsquo;algues ou de pierres.<\/p>\n<p><strong>Le commutateur sans arr\u00eat<\/strong><\/p>\n<p>Gr\u00e2ce \u00e0 la technologie de nettoyage combin\u00e9e, le conducteur peut combiner les deux m\u00e9thodes de nettoyage en une op\u00e9ration continue. Le basculement entre le ratissage, le criblage et le nettoyage mixte se fait sans arr\u00eat. Le v\u00e9hicule est pr\u00eat pour toutes les zones de plage gr\u00e2ce \u00e0 l&rsquo;utilisation variable des diff\u00e9rentes technologies de nettoyage.<\/p>\n<p><strong>Technologie de rangement<\/strong><\/p>\n<ul>\n<li>Sable : humide et sec<\/li>\n<li>Nettoyage de surface<\/li>\n<li>Contaminants grossiers (p. ex. algues)<\/li>\n<\/ul>\n<p><strong>technologie de d\u00e9pistage<\/strong><\/p>\n<ul>\n<li>Sable : sec<\/li>\n<li>Nettoyage de surface et profond<\/li>\n<li>Petits contaminants (p. ex., bouts de cigarettes, bouchons de bouteilles et morceaux de verre)<\/li>\n<\/ul>\n<p><strong>Technologie de nettoyage combin\u00e9e<\/strong><\/p>\n<ul>\n<li>Sable : sec \u00e0 humide<\/li>\n<li>Nettoyage de surface et profond<\/li>\n<li>Contaminants grossiers et fins<\/li>\n<\/ul>\n","protected":false},"excerpt":{"rendered":"<p>15 Septembre 2016, Mavi Deniz a attribu\u00e9 l&rsquo;appel d&rsquo;offres concernant les services de nettoyage de plage avec un total de [&hellip;]<\/p>\n","protected":false},"author":1,"featured_media":0,"parent":42559,"menu_order":0,"comment_status":"closed","ping_status":"closed","template":"","meta":{"site-sidebar-layout":"default","site-content-layout":"","ast-site-content-layout":"default","site-content-style":"default","site-sidebar-style":"default","ast-global-header-display":"","ast-banner-title-visibility":"","ast-main-header-display":"","ast-hfb-above-header-display":"","ast-hfb-below-header-display":"","ast-hfb-mobile-header-display":"","site-post-title":"","ast-breadcrumbs-content":"","ast-featured-img":"","footer-sml-layout":"","ast-disable-related-posts":"","theme-transparent-header-meta":"","adv-header-id-meta":"","stick-header-meta":"","header-above-stick-meta":"","header-main-stick-meta":"","header-below-stick-meta":"","astra-migrate-meta-layouts":"default","ast-page-background-enabled":"default","ast-page-background-meta":{"desktop":{"background-color":"var(--ast-global-color-5)","background-image":"","background-repeat":"repeat","background-position":"center center","background-size":"auto","background-attachment":"scroll","background-type":"","background-media":"","overlay-type":"","overlay-color":"","overlay-opacity":"","overlay-gradient":""},"tablet":{"background-color":"","background-image":"","background-repeat":"repeat","background-position":"center center","background-size":"auto","background-attachment":"scroll","background-type":"","background-media":"","overlay-type":"","overlay-color":"","overlay-opacity":"","overlay-gradient":""},"mobile":{"background-color":"","background-image":"","background-repeat":"repeat","background-position":"center center","background-size":"auto","background-attachment":"scroll","background-type":"","background-media":"","overlay-type":"","overlay-color":"","overlay-opacity":"","overlay-gradient":""}},"ast-content-background-meta":{"desktop":{"background-color":"var(--ast-global-color-4)","background-image":"","background-repeat":"repeat","background-position":"center center","background-size":"auto","background-attachment":"scroll","background-type":"","background-media":"","overlay-type":"","overlay-color":"","overlay-opacity":"","overlay-gradient":""},"tablet":{"background-color":"var(--ast-global-color-4)","background-image":"","background-repeat":"repeat","background-position":"center center","background-size":"auto","background-attachment":"scroll","background-type":"","background-media":"","overlay-type":"","overlay-color":"","overlay-opacity":"","overlay-gradient":""},"mobile":{"background-color":"var(--ast-global-color-4)","background-image":"","background-repeat":"repeat","background-position":"center center","background-size":"auto","background-attachment":"scroll","background-type":"","background-media":"","overlay-type":"","overlay-color":"","overlay-opacity":"","overlay-gradient":""}},"footnotes":""},"class_list":["post-53587","page","type-page","status-publish","hentry"],"_links":{"self":[{"href":"https:\/\/mavideniz.com.tr\/fr\/wp-json\/wp\/v2\/pages\/53587","targetHints":{"allow":["GET"]}}],"collection":[{"href":"https:\/\/mavideniz.com.tr\/fr\/wp-json\/wp\/v2\/pages"}],"about":[{"href":"https:\/\/mavideniz.com.tr\/fr\/wp-json\/wp\/v2\/types\/page"}],"author":[{"embeddable":true,"href":"https:\/\/mavideniz.com.tr\/fr\/wp-json\/wp\/v2\/users\/1"}],"replies":[{"embeddable":true,"href":"https:\/\/mavideniz.com.tr\/fr\/wp-json\/wp\/v2\/comments?post=53587"}],"version-history":[{"count":0,"href":"https:\/\/mavideniz.com.tr\/fr\/wp-json\/wp\/v2\/pages\/53587\/revisions"}],"up":[{"embeddable":true,"href":"https:\/\/mavideniz.com.tr\/fr\/wp-json\/wp\/v2\/pages\/42559"}],"wp:attachment":[{"href":"https:\/\/mavideniz.com.tr\/fr\/wp-json\/wp\/v2\/media?parent=53587"}],"curies":[{"name":"wp","href":"https:\/\/api.w.org\/{rel}","templated":true}]}}