{"id":53595,"date":"2023-04-23T16:58:38","date_gmt":"2023-04-23T16:58:38","guid":{"rendered":"https:\/\/mavideniz.com.tr\/?page_id=53595"},"modified":"2023-04-23T16:58:42","modified_gmt":"2023-04-23T16:58:42","slug":"mavi-deniz-coastal-sous-traite-3-x-osrv-1-x-bateau-de-controle-de-la-pollution","status":"publish","type":"page","link":"https:\/\/mavideniz.com.tr\/fr\/actualites-evenements\/mavi-deniz-coastal-sous-traite-3-x-osrv-1-x-bateau-de-controle-de-la-pollution\/","title":{"rendered":"MAVI DENIZ COASTAL SOUS-TRAIT\u00c9 3 X OSRV + 1 X BATEAU DE CONTR\u00d4LE DE LA POLLUTION"},"content":{"rendered":"<p>28 mai 2017, Mavi Deniz a \u00e9t\u00e9 sous-trait\u00e9 pour fournir trois pi\u00e8ces c\u00f4ti\u00e8res 15 m acier Sea Cat, 2 x 8 m aluminium Anti-Pollution Vaisseaux pour r\u00e9cup\u00e9rer les ordures, les d\u00e9chets solides, les plastiques, le nylon, les mauvaises herbes, les cigarettes et les ordures sur l&rsquo;eau, et 1 x 115 hp hors-bord bateau de contr\u00f4le de la pollution du moteur dans la r\u00e9gion de la mer de Marmara \u00e0 la ville de Kocaeli Municipalit\u00e9 pour des services d&rsquo;exploitation \u00e0 long terme.<\/p>\n<p>MAVI DENIZ plusieurs navires sont utilis\u00e9s pour les march\u00e9s nationaux et internationaux des d\u00e9chets et des d\u00e9versements d&rsquo;hydrocarbures.<\/p>\n","protected":false},"excerpt":{"rendered":"<p>28 mai 2017, Mavi Deniz a \u00e9t\u00e9 sous-trait\u00e9 pour fournir trois pi\u00e8ces c\u00f4ti\u00e8res 15 m acier Sea Cat, 2 x [&hellip;]<\/p>\n","protected":false},"author":1,"featured_media":0,"parent":42559,"menu_order":0,"comment_status":"closed","ping_status":"closed","template":"","meta":{"site-sidebar-layout":"default","site-content-layout":"","ast-site-content-layout":"default","site-content-style":"default","site-sidebar-style":"default","ast-global-header-display":"","ast-banner-title-visibility":"","ast-main-header-display":"","ast-hfb-above-header-display":"","ast-hfb-below-header-display":"","ast-hfb-mobile-header-display":"","site-post-title":"","ast-breadcrumbs-content":"","ast-featured-img":"","footer-sml-layout":"","ast-disable-related-posts":"","theme-transparent-header-meta":"","adv-header-id-meta":"","stick-header-meta":"","header-above-stick-meta":"","header-main-stick-meta":"","header-below-stick-meta":"","astra-migrate-meta-layouts":"default","ast-page-background-enabled":"default","ast-page-background-meta":{"desktop":{"background-color":"var(--ast-global-color-5)","background-image":"","background-repeat":"repeat","background-position":"center center","background-size":"auto","background-attachment":"scroll","background-type":"","background-media":"","overlay-type":"","overlay-color":"","overlay-opacity":"","overlay-gradient":""},"tablet":{"background-color":"","background-image":"","background-repeat":"repeat","background-position":"center center","background-size":"auto","background-attachment":"scroll","background-type":"","background-media":"","overlay-type":"","overlay-color":"","overlay-opacity":"","overlay-gradient":""},"mobile":{"background-color":"","background-image":"","background-repeat":"repeat","background-position":"center center","background-size":"auto","background-attachment":"scroll","background-type":"","background-media":"","overlay-type":"","overlay-color":"","overlay-opacity":"","overlay-gradient":""}},"ast-content-background-meta":{"desktop":{"background-color":"var(--ast-global-color-4)","background-image":"","background-repeat":"repeat","background-position":"center center","background-size":"auto","background-attachment":"scroll","background-type":"","background-media":"","overlay-type":"","overlay-color":"","overlay-opacity":"","overlay-gradient":""},"tablet":{"background-color":"var(--ast-global-color-4)","background-image":"","background-repeat":"repeat","background-position":"center center","background-size":"auto","background-attachment":"scroll","background-type":"","background-media":"","overlay-type":"","overlay-color":"","overlay-opacity":"","overlay-gradient":""},"mobile":{"background-color":"var(--ast-global-color-4)","background-image":"","background-repeat":"repeat","background-position":"center center","background-size":"auto","background-attachment":"scroll","background-type":"","background-media":"","overlay-type":"","overlay-color":"","overlay-opacity":"","overlay-gradient":""}},"footnotes":""},"class_list":["post-53595","page","type-page","status-publish","hentry"],"_links":{"self":[{"href":"https:\/\/mavideniz.com.tr\/fr\/wp-json\/wp\/v2\/pages\/53595","targetHints":{"allow":["GET"]}}],"collection":[{"href":"https:\/\/mavideniz.com.tr\/fr\/wp-json\/wp\/v2\/pages"}],"about":[{"href":"https:\/\/mavideniz.com.tr\/fr\/wp-json\/wp\/v2\/types\/page"}],"author":[{"embeddable":true,"href":"https:\/\/mavideniz.com.tr\/fr\/wp-json\/wp\/v2\/users\/1"}],"replies":[{"embeddable":true,"href":"https:\/\/mavideniz.com.tr\/fr\/wp-json\/wp\/v2\/comments?post=53595"}],"version-history":[{"count":0,"href":"https:\/\/mavideniz.com.tr\/fr\/wp-json\/wp\/v2\/pages\/53595\/revisions"}],"up":[{"embeddable":true,"href":"https:\/\/mavideniz.com.tr\/fr\/wp-json\/wp\/v2\/pages\/42559"}],"wp:attachment":[{"href":"https:\/\/mavideniz.com.tr\/fr\/wp-json\/wp\/v2\/media?parent=53595"}],"curies":[{"name":"wp","href":"https:\/\/api.w.org\/{rel}","templated":true}]}}