{"id":53603,"date":"2023-04-23T16:59:47","date_gmt":"2023-04-23T16:59:47","guid":{"rendered":"https:\/\/mavideniz.com.tr\/?page_id=53603"},"modified":"2023-04-23T16:59:52","modified_gmt":"2023-04-23T16:59:52","slug":"mavi-deniz-fournit-2-x-bateau-anti-pollution","status":"publish","type":"page","link":"https:\/\/mavideniz.com.tr\/fr\/actualites-evenements\/mavi-deniz-fournit-2-x-bateau-anti-pollution\/","title":{"rendered":"MAVI DENIZ FOURNIT 2 X BATEAU ANTI-POLLUTION"},"content":{"rendered":"<p>27 avril 2016, Mavi Deniz a \u00e9t\u00e9 sous-trait\u00e9 pour fournir un pcs 17 m et 1 x 11 m Sea Cat type Anti Pollution Vessel pour r\u00e9cup\u00e9rer les ordures, les d\u00e9chets solides, les plastiques, le nylon, les mauvaises herbes, la cigarette et les ordures sur l&rsquo;eau dans la r\u00e9gion de la mer M\u00e9diterran\u00e9e \u00e0 la ville<img loading=\"lazy\" decoding=\"async\" class=\"alignright wp-image-26435 size-full\" src=\"https:\/\/mavideniz.com.tr\/wp-content\/uploads\/Media-Centre\/News-Events\/2016\/anti-pollution-vessel-2.jpg\" width=\"375\" height=\"250\" alt=\"\" title=\"\"> d&rsquo;Iskenderun ( Alexandretta ) Municipalit\u00e9 pour des services d&rsquo;exploitation \u00e0 long terme.<\/p>\n<p>MAVI DENIZ plusieurs navires sont utilis\u00e9s pour le march\u00e9 int\u00e9rieur et le march\u00e9 international des d\u00e9versements d&rsquo;hydrocarbures.<\/p>\n<ul>\n<li>Le navire Sea Cat, qui est un navire tr\u00e8s innovant,<\/li>\n<li>Travaux dans les ports, canaux, baies et le long de la c\u00f4te ;<\/li>\n<li>Collecte, stockage et rejet de macro-polluants flottants et semi-submerg\u00e9s (plastique, plantes, canettes, bois, etc.);<\/li>\n<li>Collecte des produits hydrocarbon\u00e9s ;<\/li>\n<li>Lutte contre l&rsquo;incendie et nettoyage des quais au moyen d&rsquo;un canon \u00e0 eau plac\u00e9 sur le pont ;<\/li>\n<li>Enl\u00e8vement de la mousse et des films superficiels ;<\/li>\n<li>Surveillance, lutte contre la pollution et analyse des eaux ;<\/li>\n<\/ul>\n","protected":false},"excerpt":{"rendered":"<p>27 avril 2016, Mavi Deniz a \u00e9t\u00e9 sous-trait\u00e9 pour fournir un pcs 17 m et 1 x 11 m Sea [&hellip;]<\/p>\n","protected":false},"author":1,"featured_media":0,"parent":42559,"menu_order":0,"comment_status":"closed","ping_status":"closed","template":"","meta":{"site-sidebar-layout":"default","site-content-layout":"","ast-site-content-layout":"default","site-content-style":"default","site-sidebar-style":"default","ast-global-header-display":"","ast-banner-title-visibility":"","ast-main-header-display":"","ast-hfb-above-header-display":"","ast-hfb-below-header-display":"","ast-hfb-mobile-header-display":"","site-post-title":"","ast-breadcrumbs-content":"","ast-featured-img":"","footer-sml-layout":"","ast-disable-related-posts":"","theme-transparent-header-meta":"","adv-header-id-meta":"","stick-header-meta":"","header-above-stick-meta":"","header-main-stick-meta":"","header-below-stick-meta":"","astra-migrate-meta-layouts":"default","ast-page-background-enabled":"default","ast-page-background-meta":{"desktop":{"background-color":"var(--ast-global-color-5)","background-image":"","background-repeat":"repeat","background-position":"center center","background-size":"auto","background-attachment":"scroll","background-type":"","background-media":"","overlay-type":"","overlay-color":"","overlay-opacity":"","overlay-gradient":""},"tablet":{"background-color":"","background-image":"","background-repeat":"repeat","background-position":"center center","background-size":"auto","background-attachment":"scroll","background-type":"","background-media":"","overlay-type":"","overlay-color":"","overlay-opacity":"","overlay-gradient":""},"mobile":{"background-color":"","background-image":"","background-repeat":"repeat","background-position":"center center","background-size":"auto","background-attachment":"scroll","background-type":"","background-media":"","overlay-type":"","overlay-color":"","overlay-opacity":"","overlay-gradient":""}},"ast-content-background-meta":{"desktop":{"background-color":"var(--ast-global-color-4)","background-image":"","background-repeat":"repeat","background-position":"center center","background-size":"auto","background-attachment":"scroll","background-type":"","background-media":"","overlay-type":"","overlay-color":"","overlay-opacity":"","overlay-gradient":""},"tablet":{"background-color":"var(--ast-global-color-4)","background-image":"","background-repeat":"repeat","background-position":"center center","background-size":"auto","background-attachment":"scroll","background-type":"","background-media":"","overlay-type":"","overlay-color":"","overlay-opacity":"","overlay-gradient":""},"mobile":{"background-color":"var(--ast-global-color-4)","background-image":"","background-repeat":"repeat","background-position":"center center","background-size":"auto","background-attachment":"scroll","background-type":"","background-media":"","overlay-type":"","overlay-color":"","overlay-opacity":"","overlay-gradient":""}},"footnotes":""},"class_list":["post-53603","page","type-page","status-publish","hentry"],"_links":{"self":[{"href":"https:\/\/mavideniz.com.tr\/fr\/wp-json\/wp\/v2\/pages\/53603","targetHints":{"allow":["GET"]}}],"collection":[{"href":"https:\/\/mavideniz.com.tr\/fr\/wp-json\/wp\/v2\/pages"}],"about":[{"href":"https:\/\/mavideniz.com.tr\/fr\/wp-json\/wp\/v2\/types\/page"}],"author":[{"embeddable":true,"href":"https:\/\/mavideniz.com.tr\/fr\/wp-json\/wp\/v2\/users\/1"}],"replies":[{"embeddable":true,"href":"https:\/\/mavideniz.com.tr\/fr\/wp-json\/wp\/v2\/comments?post=53603"}],"version-history":[{"count":0,"href":"https:\/\/mavideniz.com.tr\/fr\/wp-json\/wp\/v2\/pages\/53603\/revisions"}],"up":[{"embeddable":true,"href":"https:\/\/mavideniz.com.tr\/fr\/wp-json\/wp\/v2\/pages\/42559"}],"wp:attachment":[{"href":"https:\/\/mavideniz.com.tr\/fr\/wp-json\/wp\/v2\/media?parent=53603"}],"curies":[{"name":"wp","href":"https:\/\/api.w.org\/{rel}","templated":true}]}}