{"id":53614,"date":"2023-04-23T17:08:37","date_gmt":"2023-04-23T17:08:37","guid":{"rendered":"https:\/\/mavideniz.com.tr\/?page_id=53614"},"modified":"2023-04-23T17:08:42","modified_gmt":"2023-04-23T17:08:42","slug":"mavi-deniz-a-recu-le-contrat-de-nettoyage-de-plage-et-de-nettoyage-de-barrage-par-la-municipalite-dadana","status":"publish","type":"page","link":"https:\/\/mavideniz.com.tr\/fr\/actualites-evenements\/mavi-deniz-a-recu-le-contrat-de-nettoyage-de-plage-et-de-nettoyage-de-barrage-par-la-municipalite-dadana\/","title":{"rendered":"MAVI DENIZ A RE\u00c7U LE \u00ab CONTRAT DE NETTOYAGE DE PLAGE ET DE NETTOYAGE DE BARRAGE \u00bb PAR LA MUNICIPALIT\u00c9 D&rsquo;ADANA"},"content":{"rendered":"<p>10 Juillet 2017, Mavi Deniz a \u00e9t\u00e9 sous-trait\u00e9 nettoyage de la plage et nettoyage des barrages avec 80 personnes, y compris les machines de nettoyage de la plage, tracteurs, 8 pcs 4&#215;4 pick-ups, 3 pcs bateaux c\u00f4tiers de collecte des ordures pour collecter les ordures, d\u00e9chets solides, plastiques, nylon, mauvaises herbes, cigarette, et les ordures sur le barrage, les rivi\u00e8res dans la ville d&rsquo;Adana Municipalit\u00e9 pour des services d&rsquo;exploitation \u00e0 long terme.<img loading=\"lazy\" decoding=\"async\" class=\"alignright wp-image-26245 size-full\" src=\"https:\/\/mavideniz.com.tr\/wp-content\/uploads\/Media-Centre\/News-Events\/2017\/Beach-Cleaning-Service-Municipality-2.jpg\" width=\"375\" height=\"250\" alt=\"\" title=\"\"><\/p>\n<p>Nous avons divis\u00e9 le groupe en deux parties \u2014 une qui ramasse les ordures sur la plage, et l&rsquo;autre ramasse le plastique et d&rsquo;autres d\u00e9bris dans la zone du barrage. Apr\u00e8s le nettoyage, nous avons pu voir que l&rsquo;eau \u00e9tait devenue plus claire plus pr\u00e8s du rivage.<\/p>\n<p>Le chef du d\u00e9partement maritime de la municipalit\u00e9 a d\u00e9clar\u00e9 que la plupart des d\u00e9chets provenaient des touristes et des navires de commerce. \u00ab\u00a0Ils passent soit en jetant toutes sortes de d\u00e9chets ou en surchargeant des navires de commerce.<\/p>\n<p>De nombreuses sanctions sont pr\u00e9vues en cas d&rsquo;infraction aux r\u00e8gles d&rsquo;\u00e9limination des d\u00e9chets.<\/p>\n<p>Les gens doivent comprendre l&rsquo;importance de garder la mer propre. Vous pouvez voir de nombreuses personnes sur des bateaux jeter des ordures dans le barrage.<\/p>\n<p>Les d\u00e9chets de culot continuent \u00e9galement de poser un probl\u00e8me important, car ils sont non biod\u00e9gradables et lixivient des toxines dans l&rsquo;eau,<\/p>\n<p>empoisonner la vie marine \u00bb, indique le rapport. \u00ab Ils se d\u00e9placent aussi facilement dans nos syst\u00e8mes d&rsquo;eaux pluviales, ce qui signifie qu&rsquo;il n&rsquo;est pas n\u00e9cessaire de laisser tomber une cigarette.<\/p>\n<p>directement \u00e0 la plage pour s&rsquo;y retrouver.\u00a0\u00bb<\/p>\n<p>D&rsquo;ici 2050, la pollution plastique dans les oc\u00e9ans pourrait l&#8217;emporter sur les animaux qui y vivent.<\/p>\n","protected":false},"excerpt":{"rendered":"<p>10 Juillet 2017, Mavi Deniz a \u00e9t\u00e9 sous-trait\u00e9 nettoyage de la plage et nettoyage des barrages avec 80 personnes, y [&hellip;]<\/p>\n","protected":false},"author":1,"featured_media":0,"parent":42559,"menu_order":0,"comment_status":"closed","ping_status":"closed","template":"","meta":{"site-sidebar-layout":"default","site-content-layout":"","ast-site-content-layout":"default","site-content-style":"default","site-sidebar-style":"default","ast-global-header-display":"","ast-banner-title-visibility":"","ast-main-header-display":"","ast-hfb-above-header-display":"","ast-hfb-below-header-display":"","ast-hfb-mobile-header-display":"","site-post-title":"","ast-breadcrumbs-content":"","ast-featured-img":"","footer-sml-layout":"","ast-disable-related-posts":"","theme-transparent-header-meta":"","adv-header-id-meta":"","stick-header-meta":"","header-above-stick-meta":"","header-main-stick-meta":"","header-below-stick-meta":"","astra-migrate-meta-layouts":"default","ast-page-background-enabled":"default","ast-page-background-meta":{"desktop":{"background-color":"var(--ast-global-color-5)","background-image":"","background-repeat":"repeat","background-position":"center center","background-size":"auto","background-attachment":"scroll","background-type":"","background-media":"","overlay-type":"","overlay-color":"","overlay-opacity":"","overlay-gradient":""},"tablet":{"background-color":"","background-image":"","background-repeat":"repeat","background-position":"center center","background-size":"auto","background-attachment":"scroll","background-type":"","background-media":"","overlay-type":"","overlay-color":"","overlay-opacity":"","overlay-gradient":""},"mobile":{"background-color":"","background-image":"","background-repeat":"repeat","background-position":"center center","background-size":"auto","background-attachment":"scroll","background-type":"","background-media":"","overlay-type":"","overlay-color":"","overlay-opacity":"","overlay-gradient":""}},"ast-content-background-meta":{"desktop":{"background-color":"var(--ast-global-color-4)","background-image":"","background-repeat":"repeat","background-position":"center center","background-size":"auto","background-attachment":"scroll","background-type":"","background-media":"","overlay-type":"","overlay-color":"","overlay-opacity":"","overlay-gradient":""},"tablet":{"background-color":"var(--ast-global-color-4)","background-image":"","background-repeat":"repeat","background-position":"center center","background-size":"auto","background-attachment":"scroll","background-type":"","background-media":"","overlay-type":"","overlay-color":"","overlay-opacity":"","overlay-gradient":""},"mobile":{"background-color":"var(--ast-global-color-4)","background-image":"","background-repeat":"repeat","background-position":"center center","background-size":"auto","background-attachment":"scroll","background-type":"","background-media":"","overlay-type":"","overlay-color":"","overlay-opacity":"","overlay-gradient":""}},"footnotes":""},"class_list":["post-53614","page","type-page","status-publish","hentry"],"_links":{"self":[{"href":"https:\/\/mavideniz.com.tr\/fr\/wp-json\/wp\/v2\/pages\/53614","targetHints":{"allow":["GET"]}}],"collection":[{"href":"https:\/\/mavideniz.com.tr\/fr\/wp-json\/wp\/v2\/pages"}],"about":[{"href":"https:\/\/mavideniz.com.tr\/fr\/wp-json\/wp\/v2\/types\/page"}],"author":[{"embeddable":true,"href":"https:\/\/mavideniz.com.tr\/fr\/wp-json\/wp\/v2\/users\/1"}],"replies":[{"embeddable":true,"href":"https:\/\/mavideniz.com.tr\/fr\/wp-json\/wp\/v2\/comments?post=53614"}],"version-history":[{"count":0,"href":"https:\/\/mavideniz.com.tr\/fr\/wp-json\/wp\/v2\/pages\/53614\/revisions"}],"up":[{"embeddable":true,"href":"https:\/\/mavideniz.com.tr\/fr\/wp-json\/wp\/v2\/pages\/42559"}],"wp:attachment":[{"href":"https:\/\/mavideniz.com.tr\/fr\/wp-json\/wp\/v2\/media?parent=53614"}],"curies":[{"name":"wp","href":"https:\/\/api.w.org\/{rel}","templated":true}]}}