{"id":53623,"date":"2023-04-23T17:11:23","date_gmt":"2023-04-23T17:11:23","guid":{"rendered":"https:\/\/mavideniz.com.tr\/?page_id=53623"},"modified":"2023-04-23T17:11:28","modified_gmt":"2023-04-23T17:11:28","slug":"les-sacs-dessai-de-grue-a-eau-mavi-deniz-sont-livres-a-la-base-de-la-marine-turque","status":"publish","type":"page","link":"https:\/\/mavideniz.com.tr\/fr\/actualites-evenements\/les-sacs-dessai-de-grue-a-eau-mavi-deniz-sont-livres-a-la-base-de-la-marine-turque\/","title":{"rendered":"LES SACS D&rsquo;ESSAI DE GRUE \u00c0 EAU MAVI DENIZ SONT LIVR\u00c9S \u00c0 LA BASE DE LA MARINE TURQUE"},"content":{"rendered":"<p>Le 17 mars 2020, Mavi Deniz a \u00e9t\u00e9 engag\u00e9 et lanc\u00e9 pour fournir des sacs d&rsquo;essai de grue \u00e0 eau d&rsquo;ing\u00e9nierie 4 pi\u00e8ces con\u00e7us selon les exigences des clients.<\/p>\n<p>Les sacs de charge \u00e9tanches remplis d&rsquo;eau sont un produit unique et simple con\u00e7u pour fournir une charge d&rsquo;essai au lieu des poids solides traditionnels. Ce syst\u00e8me hautement con\u00e7u et certifi\u00e9 permet une m\u00e9thode s\u00fbre, pratique et \u00e9conomique pour tester la charge.<\/p>\n<p>DEMANDES<\/p>\n<p>Marine<\/p>\n<p>Les installations en mer, les entreprises de construction et de r\u00e9paration navales, les entreprises de transport maritime et les docks et les ports utilisent des sacs de chargement \u00e9tanches remplis d&rsquo;eau pour les applications d&rsquo;essai suivantes :<\/p>\n<ul>\n<li>Grues<\/li>\n<li>Davits<\/li>\n<li>Derricks<\/li>\n<li>Treuils<\/li>\n<li>Points de levage inaccessibles jug\u00e9s impossibles par toute autre m\u00e9thode<\/li>\n<li>Bateaux De Sauvetage<\/li>\n<li>Rampes et ascenseurs<\/li>\n<li>Yeux de coussinet<\/li>\n<\/ul>\n","protected":false},"excerpt":{"rendered":"<p>Le 17 mars 2020, Mavi Deniz a \u00e9t\u00e9 engag\u00e9 et lanc\u00e9 pour fournir des sacs d&rsquo;essai de grue \u00e0 eau [&hellip;]<\/p>\n","protected":false},"author":1,"featured_media":0,"parent":42559,"menu_order":0,"comment_status":"closed","ping_status":"closed","template":"","meta":{"site-sidebar-layout":"default","site-content-layout":"","ast-site-content-layout":"default","site-content-style":"default","site-sidebar-style":"default","ast-global-header-display":"","ast-banner-title-visibility":"","ast-main-header-display":"","ast-hfb-above-header-display":"","ast-hfb-below-header-display":"","ast-hfb-mobile-header-display":"","site-post-title":"","ast-breadcrumbs-content":"","ast-featured-img":"","footer-sml-layout":"","ast-disable-related-posts":"","theme-transparent-header-meta":"","adv-header-id-meta":"","stick-header-meta":"","header-above-stick-meta":"","header-main-stick-meta":"","header-below-stick-meta":"","astra-migrate-meta-layouts":"default","ast-page-background-enabled":"default","ast-page-background-meta":{"desktop":{"background-color":"var(--ast-global-color-5)","background-image":"","background-repeat":"repeat","background-position":"center center","background-size":"auto","background-attachment":"scroll","background-type":"","background-media":"","overlay-type":"","overlay-color":"","overlay-opacity":"","overlay-gradient":""},"tablet":{"background-color":"","background-image":"","background-repeat":"repeat","background-position":"center center","background-size":"auto","background-attachment":"scroll","background-type":"","background-media":"","overlay-type":"","overlay-color":"","overlay-opacity":"","overlay-gradient":""},"mobile":{"background-color":"","background-image":"","background-repeat":"repeat","background-position":"center center","background-size":"auto","background-attachment":"scroll","background-type":"","background-media":"","overlay-type":"","overlay-color":"","overlay-opacity":"","overlay-gradient":""}},"ast-content-background-meta":{"desktop":{"background-color":"var(--ast-global-color-4)","background-image":"","background-repeat":"repeat","background-position":"center center","background-size":"auto","background-attachment":"scroll","background-type":"","background-media":"","overlay-type":"","overlay-color":"","overlay-opacity":"","overlay-gradient":""},"tablet":{"background-color":"var(--ast-global-color-4)","background-image":"","background-repeat":"repeat","background-position":"center center","background-size":"auto","background-attachment":"scroll","background-type":"","background-media":"","overlay-type":"","overlay-color":"","overlay-opacity":"","overlay-gradient":""},"mobile":{"background-color":"var(--ast-global-color-4)","background-image":"","background-repeat":"repeat","background-position":"center center","background-size":"auto","background-attachment":"scroll","background-type":"","background-media":"","overlay-type":"","overlay-color":"","overlay-opacity":"","overlay-gradient":""}},"footnotes":""},"class_list":["post-53623","page","type-page","status-publish","hentry"],"_links":{"self":[{"href":"https:\/\/mavideniz.com.tr\/fr\/wp-json\/wp\/v2\/pages\/53623","targetHints":{"allow":["GET"]}}],"collection":[{"href":"https:\/\/mavideniz.com.tr\/fr\/wp-json\/wp\/v2\/pages"}],"about":[{"href":"https:\/\/mavideniz.com.tr\/fr\/wp-json\/wp\/v2\/types\/page"}],"author":[{"embeddable":true,"href":"https:\/\/mavideniz.com.tr\/fr\/wp-json\/wp\/v2\/users\/1"}],"replies":[{"embeddable":true,"href":"https:\/\/mavideniz.com.tr\/fr\/wp-json\/wp\/v2\/comments?post=53623"}],"version-history":[{"count":0,"href":"https:\/\/mavideniz.com.tr\/fr\/wp-json\/wp\/v2\/pages\/53623\/revisions"}],"up":[{"embeddable":true,"href":"https:\/\/mavideniz.com.tr\/fr\/wp-json\/wp\/v2\/pages\/42559"}],"wp:attachment":[{"href":"https:\/\/mavideniz.com.tr\/fr\/wp-json\/wp\/v2\/media?parent=53623"}],"curies":[{"name":"wp","href":"https:\/\/api.w.org\/{rel}","templated":true}]}}