{"id":53647,"date":"2023-04-23T17:24:11","date_gmt":"2023-04-23T17:24:11","guid":{"rendered":"https:\/\/mavideniz.com.tr\/?page_id=53647"},"modified":"2023-04-23T17:24:15","modified_gmt":"2023-04-23T17:24:15","slug":"marine-services-dintervention-en-cas-de-deversement-dhydrocarbures-de-niveau-1-2015","status":"publish","type":"page","link":"https:\/\/mavideniz.com.tr\/fr\/actualites-evenements\/marine-services-dintervention-en-cas-de-deversement-dhydrocarbures-de-niveau-1-2015\/","title":{"rendered":"MARINE &#8211; SERVICES D&rsquo;INTERVENTION EN CAS DE D\u00c9VERSEMENT D&rsquo;HYDROCARBURES DE NIVEAU 1 2015"},"content":{"rendered":"<p>MAVI DENIZ a sign\u00e9 un accord le 05.10.2015 avec les Navires de la Marine de l&rsquo;OTAN pour des services d&rsquo;intervention en cas de d\u00e9versement d&rsquo;hydrocarbures de niveau 1 et le d\u00e9ploiement de rampes d&rsquo;expansion pour pr\u00e9venir les d\u00e9versements d&rsquo;hydrocarbures lors des services de soutage d&rsquo;hydrocarbures dans les ports de la zone de la mer \u00c9g\u00e9e en 2015.<img loading=\"lazy\" decoding=\"async\" class=\"alignright wp-image-26476 size-full\" src=\"https:\/\/mavideniz.com.tr\/wp-content\/uploads\/Media-Centre\/News-Events\/2015\/NAVY-TIER-1-OIL-SPILL-RESPONSE-1.jpg\" width=\"375\" height=\"250\" alt=\"\" title=\"\"><\/p>\n<p>MAVI DENIZ exploite et poss\u00e8de quatre centres d&rsquo;intervention en cas de d\u00e9versement de p\u00e9trole en mer Noire, en mer de Marmara, en mer M\u00e9diterran\u00e9e et en mer \u00c9g\u00e9e. La pose de la fl\u00e8che de mar\u00e9e noire est une obligation de servir \u00e0 prot\u00e9ger nos mers. L&rsquo;OTAN (Organisation du Trait\u00e9 de l&rsquo;Atlantique Nord) insiste \u00e9galement sur la protection des eaux.<\/p>\n<p>Le dernier service de pose de boom p\u00e9trolier se fait dans le port d&rsquo;Izmir. Troisi\u00e8me ville de Turquie, centre d&rsquo;affaires important et centre urbain d&rsquo;une grande r\u00e9gion industrielle et agricole, le port d&rsquo;Izmir joue un r\u00f4le vital dans l&rsquo;\u00e9conomie et le commerce d&rsquo;exportation du pays. Le port d&rsquo;Izmir traite tous les types de marchandises et est bien reli\u00e9 aux r\u00e9seaux ferroviaires et routiers de la Turquie.<\/p>\n<p>Les installations de manutention des marchandises dans le port d&rsquo;Izmir comprennent 24 postes d&rsquo;amarrage totalisant 3,3 mille m\u00e8tres. Les couchettes sont bien \u00e9quip\u00e9es pour traiter tous les types de cargaison avec une grue flottante de 200 tonnes, cinq grues \u00e0 portique de 40 tonnes, neuf grues c\u00f4ti\u00e8res et 14 grues mobiles, ainsi que de nombreux gerbeurs, chariots \u00e9l\u00e9vateurs, chargeuses et remorques.<\/p>\n<p>Le terminal de conteneurs du port d&rsquo;Izmir a sept couchettes avec une profondeur de 13 m\u00e8tres. Les couchettes totalisent 1050 m\u00e8tres, et le terminal \u00e0 conteneurs couvre 152 mille m\u00e8tres carr\u00e9s. Le terminal doit contenir 7074 EVP, et cinq portiques de 40 tonnes desservent les quais. Des installations frigorifiques pour les conteneurs r\u00e9frig\u00e9r\u00e9s sont disponibles.<\/p>\n<p>Pour plus d&rsquo;informations, veuillez nous contacter : info@mavideniz.com.tr.<\/p>\n","protected":false},"excerpt":{"rendered":"<p>MAVI DENIZ a sign\u00e9 un accord le 05.10.2015 avec les Navires de la Marine de l&rsquo;OTAN pour des services d&rsquo;intervention [&hellip;]<\/p>\n","protected":false},"author":1,"featured_media":0,"parent":42559,"menu_order":0,"comment_status":"closed","ping_status":"closed","template":"","meta":{"site-sidebar-layout":"default","site-content-layout":"","ast-site-content-layout":"default","site-content-style":"default","site-sidebar-style":"default","ast-global-header-display":"","ast-banner-title-visibility":"","ast-main-header-display":"","ast-hfb-above-header-display":"","ast-hfb-below-header-display":"","ast-hfb-mobile-header-display":"","site-post-title":"","ast-breadcrumbs-content":"","ast-featured-img":"","footer-sml-layout":"","ast-disable-related-posts":"","theme-transparent-header-meta":"","adv-header-id-meta":"","stick-header-meta":"","header-above-stick-meta":"","header-main-stick-meta":"","header-below-stick-meta":"","astra-migrate-meta-layouts":"default","ast-page-background-enabled":"default","ast-page-background-meta":{"desktop":{"background-color":"var(--ast-global-color-5)","background-image":"","background-repeat":"repeat","background-position":"center center","background-size":"auto","background-attachment":"scroll","background-type":"","background-media":"","overlay-type":"","overlay-color":"","overlay-opacity":"","overlay-gradient":""},"tablet":{"background-color":"","background-image":"","background-repeat":"repeat","background-position":"center center","background-size":"auto","background-attachment":"scroll","background-type":"","background-media":"","overlay-type":"","overlay-color":"","overlay-opacity":"","overlay-gradient":""},"mobile":{"background-color":"","background-image":"","background-repeat":"repeat","background-position":"center center","background-size":"auto","background-attachment":"scroll","background-type":"","background-media":"","overlay-type":"","overlay-color":"","overlay-opacity":"","overlay-gradient":""}},"ast-content-background-meta":{"desktop":{"background-color":"var(--ast-global-color-4)","background-image":"","background-repeat":"repeat","background-position":"center center","background-size":"auto","background-attachment":"scroll","background-type":"","background-media":"","overlay-type":"","overlay-color":"","overlay-opacity":"","overlay-gradient":""},"tablet":{"background-color":"var(--ast-global-color-4)","background-image":"","background-repeat":"repeat","background-position":"center center","background-size":"auto","background-attachment":"scroll","background-type":"","background-media":"","overlay-type":"","overlay-color":"","overlay-opacity":"","overlay-gradient":""},"mobile":{"background-color":"var(--ast-global-color-4)","background-image":"","background-repeat":"repeat","background-position":"center center","background-size":"auto","background-attachment":"scroll","background-type":"","background-media":"","overlay-type":"","overlay-color":"","overlay-opacity":"","overlay-gradient":""}},"footnotes":""},"class_list":["post-53647","page","type-page","status-publish","hentry"],"_links":{"self":[{"href":"https:\/\/mavideniz.com.tr\/fr\/wp-json\/wp\/v2\/pages\/53647","targetHints":{"allow":["GET"]}}],"collection":[{"href":"https:\/\/mavideniz.com.tr\/fr\/wp-json\/wp\/v2\/pages"}],"about":[{"href":"https:\/\/mavideniz.com.tr\/fr\/wp-json\/wp\/v2\/types\/page"}],"author":[{"embeddable":true,"href":"https:\/\/mavideniz.com.tr\/fr\/wp-json\/wp\/v2\/users\/1"}],"replies":[{"embeddable":true,"href":"https:\/\/mavideniz.com.tr\/fr\/wp-json\/wp\/v2\/comments?post=53647"}],"version-history":[{"count":0,"href":"https:\/\/mavideniz.com.tr\/fr\/wp-json\/wp\/v2\/pages\/53647\/revisions"}],"up":[{"embeddable":true,"href":"https:\/\/mavideniz.com.tr\/fr\/wp-json\/wp\/v2\/pages\/42559"}],"wp:attachment":[{"href":"https:\/\/mavideniz.com.tr\/fr\/wp-json\/wp\/v2\/media?parent=53647"}],"curies":[{"name":"wp","href":"https:\/\/api.w.org\/{rel}","templated":true}]}}