{"id":53656,"date":"2023-04-23T17:25:47","date_gmt":"2023-04-23T17:25:47","guid":{"rendered":"https:\/\/mavideniz.com.tr\/?page_id=53656"},"modified":"2023-04-23T17:25:51","modified_gmt":"2023-04-23T17:25:51","slug":"nouvelle-recolteuse-amphibie-de-mauvaises-herbes-am-5500","status":"publish","type":"page","link":"https:\/\/mavideniz.com.tr\/fr\/actualites-evenements\/nouvelle-recolteuse-amphibie-de-mauvaises-herbes-am-5500\/","title":{"rendered":"NOUVELLE R\u00c9COLTEUSE AMPHIBIE DE MAUVAISES HERBES AM 5500"},"content":{"rendered":"<p>09 janvier 2020, Mavi Deniz a \u00e9t\u00e9 engag\u00e9 pour fournir une machine de r\u00e9colte de mauvaises herbes amphibie multifonctionnelle avec une large gamme d&rsquo;outils et d&rsquo;accessoires pour le march\u00e9 mondial. Le nouveau mod\u00e8le AM5500 a une meilleure et plus grande puissance avec une gamme de moteurs diesel de 50 ch.<\/p>\n<p>La nature amphibie de la machine permet l&rsquo;acc\u00e8s \u00e0 des zones normalement inaccessibles aux machines conventionnelles. C&rsquo;est la solution id\u00e9ale p<img loading=\"lazy\" decoding=\"async\" class=\"alignright wp-image-26234 size-full\" src=\"https:\/\/mavideniz.com.tr\/wp-content\/uploads\/Media-Centre\/News-Events\/2020\/AMPHIBIOUS-WEED-HARVESTER-Weed-Lake-2.jpg\" width=\"375\" height=\"250\" alt=\"\" title=\"\">our les travaux dans les lacs, les canaux et d&rsquo;autres habitats de zones humides.<\/p>\n<p>R\u00e9colteuse de mauvaises herbes amphibies \u00e0 utiliser sur un \u00e9tang priv\u00e9, un lac et des projets de terres humides pour la r\u00e9colte de la v\u00e9g\u00e9tation aquatique, le dragage d&rsquo;entretien et la gestion des terres humides. Nous aimons parler de la machine comme d&rsquo;un volant amphibie \u00e0 patins. La capacit\u00e9 de traverser les terres et l&rsquo;eau et sa vari\u00e9t\u00e9 d&rsquo;outils interchangeables en font l&rsquo;outil id\u00e9al pour la polyvalence dans la gestion des ressources en eau de surface.<\/p>\n<p>En raison de son excellente manoeuvrabilit\u00e9 tourne rapidement autour de son essieu dans l&rsquo;eau et est id\u00e9al pour les zones \u00e9troites.<\/p>\n<p>Amphibex est une machine amphibie qui a de nombreux avantages.<\/p>\n<p>Le bras de levage permet de changer facilement les diff\u00e9rents outils et de travailler comme :<\/p>\n<p>&#8211; R\u00e9colteuse<br \/>\n&#8211; Collecteur<br \/>\n&#8211; Excavatrice<br \/>\n&#8211; Drague<\/p>\n<p>Un moteur diesel quatre cylindres fiable l&rsquo;alimentait, et le nouvel Amphibex a \u00e9t\u00e9 construit pour d\u00e9passer les exigences d&rsquo;\u00e9missions de l&rsquo;EPA. La nouvelle gamme d&rsquo;Amphibex comprend un moteur diesel et un moteur \u00e0 essence qui sont conformes aux normes d&rsquo;\u00e9missions de l&rsquo;EPA des \u00c9tats-Unis.<\/p>\n<p>MAVI DENIZ plusieurs machines amphibies sont utilis\u00e9es pour les march\u00e9s nationaux et internationaux.<\/p>\n","protected":false},"excerpt":{"rendered":"<p>09 janvier 2020, Mavi Deniz a \u00e9t\u00e9 engag\u00e9 pour fournir une machine de r\u00e9colte de mauvaises herbes amphibie multifonctionnelle avec [&hellip;]<\/p>\n","protected":false},"author":1,"featured_media":0,"parent":42559,"menu_order":0,"comment_status":"closed","ping_status":"closed","template":"","meta":{"site-sidebar-layout":"default","site-content-layout":"","ast-site-content-layout":"default","site-content-style":"default","site-sidebar-style":"default","ast-global-header-display":"","ast-banner-title-visibility":"","ast-main-header-display":"","ast-hfb-above-header-display":"","ast-hfb-below-header-display":"","ast-hfb-mobile-header-display":"","site-post-title":"","ast-breadcrumbs-content":"","ast-featured-img":"","footer-sml-layout":"","ast-disable-related-posts":"","theme-transparent-header-meta":"","adv-header-id-meta":"","stick-header-meta":"","header-above-stick-meta":"","header-main-stick-meta":"","header-below-stick-meta":"","astra-migrate-meta-layouts":"default","ast-page-background-enabled":"default","ast-page-background-meta":{"desktop":{"background-color":"var(--ast-global-color-5)","background-image":"","background-repeat":"repeat","background-position":"center center","background-size":"auto","background-attachment":"scroll","background-type":"","background-media":"","overlay-type":"","overlay-color":"","overlay-opacity":"","overlay-gradient":""},"tablet":{"background-color":"","background-image":"","background-repeat":"repeat","background-position":"center center","background-size":"auto","background-attachment":"scroll","background-type":"","background-media":"","overlay-type":"","overlay-color":"","overlay-opacity":"","overlay-gradient":""},"mobile":{"background-color":"","background-image":"","background-repeat":"repeat","background-position":"center center","background-size":"auto","background-attachment":"scroll","background-type":"","background-media":"","overlay-type":"","overlay-color":"","overlay-opacity":"","overlay-gradient":""}},"ast-content-background-meta":{"desktop":{"background-color":"var(--ast-global-color-4)","background-image":"","background-repeat":"repeat","background-position":"center center","background-size":"auto","background-attachment":"scroll","background-type":"","background-media":"","overlay-type":"","overlay-color":"","overlay-opacity":"","overlay-gradient":""},"tablet":{"background-color":"var(--ast-global-color-4)","background-image":"","background-repeat":"repeat","background-position":"center center","background-size":"auto","background-attachment":"scroll","background-type":"","background-media":"","overlay-type":"","overlay-color":"","overlay-opacity":"","overlay-gradient":""},"mobile":{"background-color":"var(--ast-global-color-4)","background-image":"","background-repeat":"repeat","background-position":"center center","background-size":"auto","background-attachment":"scroll","background-type":"","background-media":"","overlay-type":"","overlay-color":"","overlay-opacity":"","overlay-gradient":""}},"footnotes":""},"class_list":["post-53656","page","type-page","status-publish","hentry"],"_links":{"self":[{"href":"https:\/\/mavideniz.com.tr\/fr\/wp-json\/wp\/v2\/pages\/53656","targetHints":{"allow":["GET"]}}],"collection":[{"href":"https:\/\/mavideniz.com.tr\/fr\/wp-json\/wp\/v2\/pages"}],"about":[{"href":"https:\/\/mavideniz.com.tr\/fr\/wp-json\/wp\/v2\/types\/page"}],"author":[{"embeddable":true,"href":"https:\/\/mavideniz.com.tr\/fr\/wp-json\/wp\/v2\/users\/1"}],"replies":[{"embeddable":true,"href":"https:\/\/mavideniz.com.tr\/fr\/wp-json\/wp\/v2\/comments?post=53656"}],"version-history":[{"count":0,"href":"https:\/\/mavideniz.com.tr\/fr\/wp-json\/wp\/v2\/pages\/53656\/revisions"}],"up":[{"embeddable":true,"href":"https:\/\/mavideniz.com.tr\/fr\/wp-json\/wp\/v2\/pages\/42559"}],"wp:attachment":[{"href":"https:\/\/mavideniz.com.tr\/fr\/wp-json\/wp\/v2\/media?parent=53656"}],"curies":[{"name":"wp","href":"https:\/\/api.w.org\/{rel}","templated":true}]}}