{"id":53665,"date":"2023-04-23T17:29:58","date_gmt":"2023-04-23T17:29:58","guid":{"rendered":"https:\/\/mavideniz.com.tr\/?page_id=53665"},"modified":"2023-04-23T17:30:03","modified_gmt":"2023-04-23T17:30:03","slug":"nouveau-machine-de-nettoyage-de-plage-docx","status":"publish","type":"page","link":"https:\/\/mavideniz.com.tr\/fr\/actualites-evenements\/nouveau-machine-de-nettoyage-de-plage-docx\/","title":{"rendered":"NOUVEAU\u2026!!! MACHINE DE NETTOYAGE DE PLAGE.docx"},"content":{"rendered":"<p>MAVI DENIZ est un fabricant leader d&rsquo;\u00e9quipements anti-pollution pour plages et rivages. La nouvelle machine de nettoyage de plage \u00e9limine efficacement la pollution des plages comme les algues, les poissons, le verre, les seringues, le plastique, les canettes, les cigarettes, les coquillages, la pierre, le bois et pratiquement tous les d\u00e9bris ind\u00e9sirables. Les machines de nettoyage de plage sont m\u00eame utilis\u00e9es pour enlever le p\u00e9trole et les boules de goudron du sable de plage apr\u00e8s les catastrophes de d\u00e9versement de p\u00e9trole.<\/p>\n<p>MAVI DENIZ plusieurs machines sont utilis\u00e9es pour les march\u00e9s de plage nationaux et internationaux.<img loading=\"lazy\" decoding=\"async\" class=\"size-full wp-image-26524 alignright\" src=\"https:\/\/mavideniz.com.tr\/wp-content\/uploads\/Media-Centre\/News-Events\/2015\/beach-cleaning-machine-1.jpg\" alt=\"\" width=\"375\" height=\"250\" title=\"\"><\/p>\n<p>La nouvelle machine est la plus grande machine de nettoyage de sable en Turquie et sera utilis\u00e9e le 01.05.2015 pour les grandes plages ; gr\u00e2ce \u00e0 sa largeur de fonctionnement, le nouveau mod\u00e8le peut s&rsquo;attaquer au nettoyage des plus grandes plages avec une vitesse extraordinaire.<\/p>\n<p>Le nettoyeur de plage r\u00e9sulte de notre collaboration avec les clients qui ont besoin d&rsquo;un nettoyage pratique, s\u00fbr et rapide des plages immenses. Ce mod\u00e8le est simple \u00e0 g\u00e9rer. Il a une grande capacit\u00e9 avec un r\u00e9servoir de stockage des d\u00e9chets de 2 m3. Il est particuli\u00e8rement adapt\u00e9 pour les grandes plages en raison de sa largeur de fonctionnement : 2,50 m. La profondeur de travail est de 0 \u00e0 300 mm. Il peut nettoyer une zone de sable sec de plus de 15 000 m2 par heure. L&rsquo;ensemble du ch\u00e2ssis est renforc\u00e9, compte tenu de la r\u00e9sistance qu&rsquo;il doit fournir. Des \u00e9quipements de d\u00e9sinfection peuvent \u00eatre incorpor\u00e9s afin de pouvoir effectuer cette fonction lors du criblage du sable.<\/p>\n<p><strong>Sp\u00e9cification<\/strong><\/p>\n<ul>\n<li>V\u00e9hicule tracteur : Tracteur 4 x 4<\/li>\n<li>Puissance de traction : de 90 \u00e0 150 c.v.<\/li>\n<li>Performances : 15.000 m2\/h<\/li>\n<li>Largeur de travail : 2500mm<\/li>\n<li>Profondeur de fonctionnement : 300 mm<\/li>\n<li>La capacit\u00e9 du r\u00e9servoir de d\u00e9chets : 2 m3.<\/li>\n<li>Poids \u00e0 vide : 1500 kg<\/li>\n<\/ul>\n<p><strong>Le r\u00e9sultat est :<\/strong><\/p>\n<p>\u00c9limination de toutes sortes de d\u00e9chets, des gros objets \u00e0 la plus petite liti\u00e8re, tels que les m\u00e9gots de cigarettes, les bouchons de bouteilles, les tirs de bo\u00eetes, les particules de verre, etc.<\/p>\n<p>Nettoyage en profondeur du sable et \u00e9limination des grumeaux de sable \u00e0 travers le syst\u00e8me de tamisage, a\u00e9ration du sable et destruction de pratiquement toutes les bact\u00e9ries qui causent des infections cutan\u00e9es et muqueuses. Une plage lisse avec du sable moelleux, pr\u00eate pour les visiteurs \u00e0 profiter.<\/p>\n<p>Le Beach Cleaner est exclusif au march\u00e9 europ\u00e9en \/ asiatique \/ africain car il ne peut \u00eatre transport\u00e9 que par la route.<\/p>\n","protected":false},"excerpt":{"rendered":"<p>MAVI DENIZ est un fabricant leader d&rsquo;\u00e9quipements anti-pollution pour plages et rivages. La nouvelle machine de nettoyage de plage \u00e9limine [&hellip;]<\/p>\n","protected":false},"author":1,"featured_media":0,"parent":42559,"menu_order":0,"comment_status":"closed","ping_status":"closed","template":"","meta":{"site-sidebar-layout":"default","site-content-layout":"","ast-site-content-layout":"default","site-content-style":"default","site-sidebar-style":"default","ast-global-header-display":"","ast-banner-title-visibility":"","ast-main-header-display":"","ast-hfb-above-header-display":"","ast-hfb-below-header-display":"","ast-hfb-mobile-header-display":"","site-post-title":"","ast-breadcrumbs-content":"","ast-featured-img":"","footer-sml-layout":"","ast-disable-related-posts":"","theme-transparent-header-meta":"","adv-header-id-meta":"","stick-header-meta":"","header-above-stick-meta":"","header-main-stick-meta":"","header-below-stick-meta":"","astra-migrate-meta-layouts":"default","ast-page-background-enabled":"default","ast-page-background-meta":{"desktop":{"background-color":"var(--ast-global-color-5)","background-image":"","background-repeat":"repeat","background-position":"center center","background-size":"auto","background-attachment":"scroll","background-type":"","background-media":"","overlay-type":"","overlay-color":"","overlay-opacity":"","overlay-gradient":""},"tablet":{"background-color":"","background-image":"","background-repeat":"repeat","background-position":"center center","background-size":"auto","background-attachment":"scroll","background-type":"","background-media":"","overlay-type":"","overlay-color":"","overlay-opacity":"","overlay-gradient":""},"mobile":{"background-color":"","background-image":"","background-repeat":"repeat","background-position":"center center","background-size":"auto","background-attachment":"scroll","background-type":"","background-media":"","overlay-type":"","overlay-color":"","overlay-opacity":"","overlay-gradient":""}},"ast-content-background-meta":{"desktop":{"background-color":"var(--ast-global-color-4)","background-image":"","background-repeat":"repeat","background-position":"center center","background-size":"auto","background-attachment":"scroll","background-type":"","background-media":"","overlay-type":"","overlay-color":"","overlay-opacity":"","overlay-gradient":""},"tablet":{"background-color":"var(--ast-global-color-4)","background-image":"","background-repeat":"repeat","background-position":"center center","background-size":"auto","background-attachment":"scroll","background-type":"","background-media":"","overlay-type":"","overlay-color":"","overlay-opacity":"","overlay-gradient":""},"mobile":{"background-color":"var(--ast-global-color-4)","background-image":"","background-repeat":"repeat","background-position":"center center","background-size":"auto","background-attachment":"scroll","background-type":"","background-media":"","overlay-type":"","overlay-color":"","overlay-opacity":"","overlay-gradient":""}},"footnotes":""},"class_list":["post-53665","page","type-page","status-publish","hentry"],"_links":{"self":[{"href":"https:\/\/mavideniz.com.tr\/fr\/wp-json\/wp\/v2\/pages\/53665","targetHints":{"allow":["GET"]}}],"collection":[{"href":"https:\/\/mavideniz.com.tr\/fr\/wp-json\/wp\/v2\/pages"}],"about":[{"href":"https:\/\/mavideniz.com.tr\/fr\/wp-json\/wp\/v2\/types\/page"}],"author":[{"embeddable":true,"href":"https:\/\/mavideniz.com.tr\/fr\/wp-json\/wp\/v2\/users\/1"}],"replies":[{"embeddable":true,"href":"https:\/\/mavideniz.com.tr\/fr\/wp-json\/wp\/v2\/comments?post=53665"}],"version-history":[{"count":0,"href":"https:\/\/mavideniz.com.tr\/fr\/wp-json\/wp\/v2\/pages\/53665\/revisions"}],"up":[{"embeddable":true,"href":"https:\/\/mavideniz.com.tr\/fr\/wp-json\/wp\/v2\/pages\/42559"}],"wp:attachment":[{"href":"https:\/\/mavideniz.com.tr\/fr\/wp-json\/wp\/v2\/media?parent=53665"}],"curies":[{"name":"wp","href":"https:\/\/api.w.org\/{rel}","templated":true}]}}