{"id":53674,"date":"2023-04-23T17:31:09","date_gmt":"2023-04-23T17:31:09","guid":{"rendered":"https:\/\/mavideniz.com.tr\/?page_id=53674"},"modified":"2023-04-23T17:31:13","modified_gmt":"2023-04-23T17:31:13","slug":"interets-de-la-marine-du-nigeria-dans-la-nouvelle-barriere-de-securite-flottante-rhib","status":"publish","type":"page","link":"https:\/\/mavideniz.com.tr\/fr\/actualites-evenements\/interets-de-la-marine-du-nigeria-dans-la-nouvelle-barriere-de-securite-flottante-rhib\/","title":{"rendered":"INT\u00c9R\u00caTS DE LA MARINE DU NIG\u00c9RIA DANS LA NOUVELLE BARRI\u00c8RE DE S\u00c9CURIT\u00c9 FLOTTANTE + RHIB"},"content":{"rendered":"<p>Le 26 janvier 2017, Mavi Deniz s&rsquo;est rendu \u00e0 la base navale nig\u00e9riane de Warri et \u00e0 ses commandants d&rsquo;\u00e9tat-major pour les plans de la marine concernant le contr\u00f4le de la s\u00e9curit\u00e9 maritime. Nous \u00e9laborerons une \u00ab strat\u00e9gie \u00bb pour d\u00e9velopper les int\u00e9r\u00eats des deux parties.<img loading=\"lazy\" decoding=\"async\" class=\"size-full wp-image-26323 alignleft\" src=\"https:\/\/mavideniz.com.tr\/wp-content\/uploads\/Media-Centre\/News-Events\/2017\/FLOATING-SECURITY-BARRIER-NAvy-1.jpg\" alt=\"\" width=\"375\" height=\"250\" title=\"\"><\/p>\n<p>Des barri\u00e8res flottantes de s\u00e9curit\u00e9 ou des cl\u00f4tures marines sont n\u00e9cessaires pour prot\u00e9ger les actifs c\u00f4tiers comme les ports maritimes, les bases militaires, les centrales nucl\u00e9aires, les installations de stockage de carburant et les installations de lancement de v\u00e9hicules spatiaux contre les attaques terroristes en mer. La s\u00e9curit\u00e9 maritime nig\u00e9riane doit \u00eatre renforc\u00e9e avec la nouvelle barri\u00e8re flottante physique avec les nouveaux navires \u00e0 contr\u00f4le serr\u00e9 RHIB.<\/p>\n<p>Mavi Deniz signe \u00e9galement l&rsquo;accord avec Warri Shipyard, Nigeria, pour d\u00e9velopper leur capacit\u00e9 et l&rsquo;ing\u00e9nierie sur le projet RHIB pour les besoins \/ exigences de la marine nig\u00e9riane.<\/p>\n<p><strong>Barri\u00e8res de protection flottantes et fixes au bord de l&rsquo;eau<\/strong><\/p>\n<p>Les principaux avantages des barri\u00e8res de protection c\u00f4t\u00e9 eau de Mavi Deniz comprennent :<\/p>\n<ul>\n<li>Capacit\u00e9 d&rsquo;arr\u00eat \u00e9lev\u00e9e av\u00e9r\u00e9e du bateau (essai r\u00e9aliste \u00e0 grande \u00e9chelle)<\/li>\n<li>Notre mat\u00e9riau de ponton en poly\u00e9thyl\u00e8ne noir haute densit\u00e9 offre \u00e0 nos clients plus de 20 ans de protection UV.<\/li>\n<li>Au-dessus ou en dessous, le passage des bateaux attaquants n&rsquo;est pas possible<\/li>\n<li>Entretien faible, durabilit\u00e9 \u00e9lev\u00e9e et inspection facile<\/li>\n<li>Bonne visibilit\u00e9 de la s\u00e9curit\u00e9 (pas de dissimulation derri\u00e8re les barri\u00e8res)<\/li>\n<li>R\u00e9sistance aux UV, au feu, aux explosions et aux coups de feu<\/li>\n<li>Con\u00e7u pour r\u00e9pondre aux besoins sp\u00e9cifiques et aux conditions locales<\/li>\n<\/ul>\n","protected":false},"excerpt":{"rendered":"<p>Le 26 janvier 2017, Mavi Deniz s&rsquo;est rendu \u00e0 la base navale nig\u00e9riane de Warri et \u00e0 ses commandants d&rsquo;\u00e9tat-major [&hellip;]<\/p>\n","protected":false},"author":1,"featured_media":0,"parent":42559,"menu_order":0,"comment_status":"closed","ping_status":"closed","template":"","meta":{"site-sidebar-layout":"default","site-content-layout":"","ast-site-content-layout":"default","site-content-style":"default","site-sidebar-style":"default","ast-global-header-display":"","ast-banner-title-visibility":"","ast-main-header-display":"","ast-hfb-above-header-display":"","ast-hfb-below-header-display":"","ast-hfb-mobile-header-display":"","site-post-title":"","ast-breadcrumbs-content":"","ast-featured-img":"","footer-sml-layout":"","ast-disable-related-posts":"","theme-transparent-header-meta":"","adv-header-id-meta":"","stick-header-meta":"","header-above-stick-meta":"","header-main-stick-meta":"","header-below-stick-meta":"","astra-migrate-meta-layouts":"default","ast-page-background-enabled":"default","ast-page-background-meta":{"desktop":{"background-color":"var(--ast-global-color-5)","background-image":"","background-repeat":"repeat","background-position":"center center","background-size":"auto","background-attachment":"scroll","background-type":"","background-media":"","overlay-type":"","overlay-color":"","overlay-opacity":"","overlay-gradient":""},"tablet":{"background-color":"","background-image":"","background-repeat":"repeat","background-position":"center center","background-size":"auto","background-attachment":"scroll","background-type":"","background-media":"","overlay-type":"","overlay-color":"","overlay-opacity":"","overlay-gradient":""},"mobile":{"background-color":"","background-image":"","background-repeat":"repeat","background-position":"center center","background-size":"auto","background-attachment":"scroll","background-type":"","background-media":"","overlay-type":"","overlay-color":"","overlay-opacity":"","overlay-gradient":""}},"ast-content-background-meta":{"desktop":{"background-color":"var(--ast-global-color-4)","background-image":"","background-repeat":"repeat","background-position":"center center","background-size":"auto","background-attachment":"scroll","background-type":"","background-media":"","overlay-type":"","overlay-color":"","overlay-opacity":"","overlay-gradient":""},"tablet":{"background-color":"var(--ast-global-color-4)","background-image":"","background-repeat":"repeat","background-position":"center center","background-size":"auto","background-attachment":"scroll","background-type":"","background-media":"","overlay-type":"","overlay-color":"","overlay-opacity":"","overlay-gradient":""},"mobile":{"background-color":"var(--ast-global-color-4)","background-image":"","background-repeat":"repeat","background-position":"center center","background-size":"auto","background-attachment":"scroll","background-type":"","background-media":"","overlay-type":"","overlay-color":"","overlay-opacity":"","overlay-gradient":""}},"footnotes":""},"class_list":["post-53674","page","type-page","status-publish","hentry"],"_links":{"self":[{"href":"https:\/\/mavideniz.com.tr\/fr\/wp-json\/wp\/v2\/pages\/53674","targetHints":{"allow":["GET"]}}],"collection":[{"href":"https:\/\/mavideniz.com.tr\/fr\/wp-json\/wp\/v2\/pages"}],"about":[{"href":"https:\/\/mavideniz.com.tr\/fr\/wp-json\/wp\/v2\/types\/page"}],"author":[{"embeddable":true,"href":"https:\/\/mavideniz.com.tr\/fr\/wp-json\/wp\/v2\/users\/1"}],"replies":[{"embeddable":true,"href":"https:\/\/mavideniz.com.tr\/fr\/wp-json\/wp\/v2\/comments?post=53674"}],"version-history":[{"count":0,"href":"https:\/\/mavideniz.com.tr\/fr\/wp-json\/wp\/v2\/pages\/53674\/revisions"}],"up":[{"embeddable":true,"href":"https:\/\/mavideniz.com.tr\/fr\/wp-json\/wp\/v2\/pages\/42559"}],"wp:attachment":[{"href":"https:\/\/mavideniz.com.tr\/fr\/wp-json\/wp\/v2\/media?parent=53674"}],"curies":[{"name":"wp","href":"https:\/\/api.w.org\/{rel}","templated":true}]}}