{"id":53685,"date":"2023-04-23T17:37:01","date_gmt":"2023-04-23T17:37:01","guid":{"rendered":"https:\/\/mavideniz.com.tr\/?page_id=53685"},"modified":"2023-04-23T17:37:06","modified_gmt":"2023-04-23T17:37:06","slug":"offshore-cours-de-formation-imo-niveau-3-oprc","status":"publish","type":"page","link":"https:\/\/mavideniz.com.tr\/fr\/actualites-evenements\/offshore-cours-de-formation-imo-niveau-3-oprc\/","title":{"rendered":"OFFSHORE &#8211; COURS DE FORMATION IMO NIVEAU 3 (OPRC)"},"content":{"rendered":"<p>MAVI DENIZ signe un contrat avec Pakistan Offshore Oil Company pour le cours de formation de commandant sur place de niveau 3 de l&rsquo;OMI (OPRC) du 4 au 7 ao\u00fbt 2015, qui s&rsquo;est tenu et s&rsquo;est termin\u00e9 \u00e0 Istanbul, en Turquie.<\/p>\n<p>Mavi Deniz offre \u00e0 ses clients et aux agences gouvernementales responsables de l&rsquo;intervention en cas de d\u00e9versement d&rsquo;hydrocarbures, de la surveillance et du contr\u00f4le d&rsquo;un programme de formation \u00e0 trois niveaux, enti\u00e8rement accr\u00e9dit\u00e9 et mandat\u00e9 par l&rsquo;Organisation maritime internationale (OMI) des Nations Unies.<\/p>\n<p>Le programme de formation de Mavi Deniz est propos\u00e9 localement ou sur site chez le client.<\/p>\n<p>Le cours s&rsquo;adresse aux cadres sup\u00e9rieurs, aux administrateurs et aux hauts fonctionnaires qui peuvent participer \u00e0 la planification ou \u00e0 la gestion de l&rsquo;intervention en cas de d\u00e9versement d&rsquo;hydrocarbures.<\/p>\n<p>La gestion d&rsquo;une mar\u00e9e noire est une t\u00e2che cruciale qui implique de prendre des d\u00e9cisions qui peuvent avoir des implications de grande envergure sur le r\u00e9sultat de la r\u00e9action et la r\u00e9putation de la partie responsable.<\/p>\n<p>De nombreuses questions doivent \u00eatre abord\u00e9es, telles que les pressions politiques et m\u00e9diatiques, la sensibilisation du public \u00e0 l&rsquo;environnement, les implications juridiques et financi\u00e8res, et la sensibilisation primordiale \u00e0 la s\u00e9curit\u00e9 du public et du personnel d&rsquo;intervention.<\/p>\n<p>Le cours Gestion des d\u00e9versements d&rsquo;hydrocarbures &#8211; niveau 3 de l&rsquo;OMI donne au gestionnaire sup\u00e9rieur ou \u00e0 l&rsquo;administrateur un aper\u00e7u de ces questions. Il permet aux d\u00e9l\u00e9gu\u00e9s de faire l&rsquo;exp\u00e9rience des complexit\u00e9s de la gestion des d\u00e9versements de p\u00e9trole gr\u00e2ce \u00e0 des exercices pratiques et sur table.<\/p>\n<p>La formation du personnel d&rsquo;intervention en cas de d\u00e9versement d&rsquo;hydrocarbures fait partie int\u00e9grante de la pr\u00e9paration et de l&rsquo;intervention ; un entrep\u00f4t dot\u00e9 d&rsquo;un \u00e9quipement de r\u00e9cup\u00e9ration d&rsquo;hydrocarbures de pointe est peu ou pas utile sans l&rsquo;effectif ad\u00e9quatement form\u00e9 pour d\u00e9ployer et utiliser l&rsquo;\u00e9quipement de fa\u00e7on efficace et efficiente.<\/p>\n<p>Quel que soit l&rsquo;incident ou le sc\u00e9nario de d\u00e9versement de p\u00e9trole, le temps d&rsquo;intervention est essentiel \u00e0 la r\u00e9ussite des op\u00e9rations de nettoyage et \u00e0 leur impact \u00e0 long terme sur les \u00e9cosyst\u00e8mes et les environnements.<\/p>\n<p>Les objectifs du cours sont de comprendre les complexit\u00e9s de la gestion des d\u00e9versements d&rsquo;hydrocarbures et d&rsquo;examiner les pressions politiques et m\u00e9diatiques, les questions de s\u00e9curit\u00e9 concernant le personnel d&rsquo;intervention et le public, et les exigences post-op\u00e9rationnelles.<\/p>\n<p><strong>Cours de niveau 3 de l&rsquo;OMI : Administrateurs et cadres sup\u00e9rieurs<\/strong><\/p>\n<p>Dur\u00e9e : 3 jours<\/p>\n<p>Participants vis\u00e9s : Le personnel ayant peu d&rsquo;exp\u00e9rience directe de l&rsquo;intervention en cas de d\u00e9versement d&rsquo;hydrocarbures doit s&rsquo;assurer que cette capacit\u00e9 existe dans son entreprise, son service ou son pays.<\/p>\n<p>Le programme d&rsquo;\u00e9tudes des sujets couverts.<\/p>\n<ul>\n<li>Causes, sort et effets du d\u00e9versement d&rsquo;hydrocarbures<\/li>\n<li>Planification d&rsquo;urgence<\/li>\n<li>Strat\u00e9gies, limites et enjeux en cas de d\u00e9versement d&rsquo;hydrocarbures<\/li>\n<li>La coop\u00e9ration internationale &#8211; le cadre juridique<\/li>\n<li>Responsabilit\u00e9, indemnisation et recouvrement des co\u00fbts<\/li>\n<li>Gestion des d\u00e9versements, r\u00f4les et responsabilit\u00e9s<\/li>\n<li>Probl\u00e8mes de communication et de m\u00e9dias<\/li>\n<li>Fin de l&rsquo;intervention, surveillance apr\u00e8s le d\u00e9versement<\/li>\n<li>Mod\u00e9lisation des mar\u00e9es noires<\/li>\n<li>Historiques de cas<\/li>\n<li>Exercices sur table<\/li>\n<\/ul>\n","protected":false},"excerpt":{"rendered":"<p>MAVI DENIZ signe un contrat avec Pakistan Offshore Oil Company pour le cours de formation de commandant sur place de [&hellip;]<\/p>\n","protected":false},"author":1,"featured_media":0,"parent":42559,"menu_order":0,"comment_status":"closed","ping_status":"closed","template":"","meta":{"site-sidebar-layout":"default","site-content-layout":"","ast-site-content-layout":"default","site-content-style":"default","site-sidebar-style":"default","ast-global-header-display":"","ast-banner-title-visibility":"","ast-main-header-display":"","ast-hfb-above-header-display":"","ast-hfb-below-header-display":"","ast-hfb-mobile-header-display":"","site-post-title":"","ast-breadcrumbs-content":"","ast-featured-img":"","footer-sml-layout":"","ast-disable-related-posts":"","theme-transparent-header-meta":"","adv-header-id-meta":"","stick-header-meta":"","header-above-stick-meta":"","header-main-stick-meta":"","header-below-stick-meta":"","astra-migrate-meta-layouts":"default","ast-page-background-enabled":"default","ast-page-background-meta":{"desktop":{"background-color":"var(--ast-global-color-5)","background-image":"","background-repeat":"repeat","background-position":"center center","background-size":"auto","background-attachment":"scroll","background-type":"","background-media":"","overlay-type":"","overlay-color":"","overlay-opacity":"","overlay-gradient":""},"tablet":{"background-color":"","background-image":"","background-repeat":"repeat","background-position":"center center","background-size":"auto","background-attachment":"scroll","background-type":"","background-media":"","overlay-type":"","overlay-color":"","overlay-opacity":"","overlay-gradient":""},"mobile":{"background-color":"","background-image":"","background-repeat":"repeat","background-position":"center center","background-size":"auto","background-attachment":"scroll","background-type":"","background-media":"","overlay-type":"","overlay-color":"","overlay-opacity":"","overlay-gradient":""}},"ast-content-background-meta":{"desktop":{"background-color":"var(--ast-global-color-4)","background-image":"","background-repeat":"repeat","background-position":"center center","background-size":"auto","background-attachment":"scroll","background-type":"","background-media":"","overlay-type":"","overlay-color":"","overlay-opacity":"","overlay-gradient":""},"tablet":{"background-color":"var(--ast-global-color-4)","background-image":"","background-repeat":"repeat","background-position":"center center","background-size":"auto","background-attachment":"scroll","background-type":"","background-media":"","overlay-type":"","overlay-color":"","overlay-opacity":"","overlay-gradient":""},"mobile":{"background-color":"var(--ast-global-color-4)","background-image":"","background-repeat":"repeat","background-position":"center center","background-size":"auto","background-attachment":"scroll","background-type":"","background-media":"","overlay-type":"","overlay-color":"","overlay-opacity":"","overlay-gradient":""}},"footnotes":""},"class_list":["post-53685","page","type-page","status-publish","hentry"],"_links":{"self":[{"href":"https:\/\/mavideniz.com.tr\/fr\/wp-json\/wp\/v2\/pages\/53685","targetHints":{"allow":["GET"]}}],"collection":[{"href":"https:\/\/mavideniz.com.tr\/fr\/wp-json\/wp\/v2\/pages"}],"about":[{"href":"https:\/\/mavideniz.com.tr\/fr\/wp-json\/wp\/v2\/types\/page"}],"author":[{"embeddable":true,"href":"https:\/\/mavideniz.com.tr\/fr\/wp-json\/wp\/v2\/users\/1"}],"replies":[{"embeddable":true,"href":"https:\/\/mavideniz.com.tr\/fr\/wp-json\/wp\/v2\/comments?post=53685"}],"version-history":[{"count":0,"href":"https:\/\/mavideniz.com.tr\/fr\/wp-json\/wp\/v2\/pages\/53685\/revisions"}],"up":[{"embeddable":true,"href":"https:\/\/mavideniz.com.tr\/fr\/wp-json\/wp\/v2\/pages\/42559"}],"wp:attachment":[{"href":"https:\/\/mavideniz.com.tr\/fr\/wp-json\/wp\/v2\/media?parent=53685"}],"curies":[{"name":"wp","href":"https:\/\/api.w.org\/{rel}","templated":true}]}}