{"id":53695,"date":"2023-04-23T17:49:01","date_gmt":"2023-04-23T17:49:01","guid":{"rendered":"https:\/\/mavideniz.com.tr\/?page_id=53695"},"modified":"2023-04-23T17:49:06","modified_gmt":"2023-04-23T17:49:06","slug":"fourniture-dequipement-de-nettoyage-de-deversement-dhuile-ogoni-au-nigeria","status":"publish","type":"page","link":"https:\/\/mavideniz.com.tr\/fr\/actualites-evenements\/fourniture-dequipement-de-nettoyage-de-deversement-dhuile-ogoni-au-nigeria\/","title":{"rendered":"FOURNITURE D&rsquo;\u00c9QUIPEMENT DE NETTOYAGE DE D\u00c9VERSEMENT D&rsquo;HUILE OGONI AU NIGERIA"},"content":{"rendered":"<p>11 f\u00e9vrier 2019, Mavi Deniz fournira 3,00 m Tier 1 Oil Spill Boom \u00e0 Greenbelt Tropical Environs Ltd et Green-Edge Oilfield Services Limited avec super mar\u00e9cage boom (Non-absorbant containment boom pour le confinement des d\u00e9versements et des d\u00e9bris pendant le nettoyage) au Nigeria, Ogoniland.<\/p>\n<p>Description<img loading=\"lazy\" decoding=\"async\" class=\"size-full wp-image-25881 alignright\" src=\"https:\/\/mavideniz.com.tr\/wp-content\/uploads\/Media-Centre\/News-Events\/2019\/OIL-SPILL-CLEAN-UP-EQUIPMENT-1.jpg\" alt=\"\" width=\"375\" height=\"250\" title=\"\"><\/p>\n<p>Au fil des ans, l&rsquo;histoire de la mar\u00e9e noire dans la r\u00e9gion du delta du Niger a continu\u00e9 \u00e0 susciter la consternation et la col\u00e8re d&rsquo;une partie de la population de la r\u00e9gion, qui continue \u00e0 voir la d\u00e9vastation de son environnement par les compagnies p\u00e9troli\u00e8res multinationales op\u00e9rant dans la r\u00e9gion. De mani\u00e8re plus significative, Shell et Eni ont \u00e9t\u00e9 localis\u00e9es dans les diff\u00e9rentes causes de la mar\u00e9e noire qui a ravag\u00e9 et continue de ravager la r\u00e9gion, fournissant ainsi au pays les ressources n\u00e9cessaires \u00e0 la gestion de l&rsquo;\u00e9conomie.<\/p>\n","protected":false},"excerpt":{"rendered":"<p>11 f\u00e9vrier 2019, Mavi Deniz fournira 3,00 m Tier 1 Oil Spill Boom \u00e0 Greenbelt Tropical Environs Ltd et Green-Edge [&hellip;]<\/p>\n","protected":false},"author":1,"featured_media":0,"parent":42559,"menu_order":0,"comment_status":"closed","ping_status":"closed","template":"","meta":{"site-sidebar-layout":"default","site-content-layout":"","ast-site-content-layout":"default","site-content-style":"default","site-sidebar-style":"default","ast-global-header-display":"","ast-banner-title-visibility":"","ast-main-header-display":"","ast-hfb-above-header-display":"","ast-hfb-below-header-display":"","ast-hfb-mobile-header-display":"","site-post-title":"","ast-breadcrumbs-content":"","ast-featured-img":"","footer-sml-layout":"","ast-disable-related-posts":"","theme-transparent-header-meta":"","adv-header-id-meta":"","stick-header-meta":"","header-above-stick-meta":"","header-main-stick-meta":"","header-below-stick-meta":"","astra-migrate-meta-layouts":"default","ast-page-background-enabled":"default","ast-page-background-meta":{"desktop":{"background-color":"var(--ast-global-color-5)","background-image":"","background-repeat":"repeat","background-position":"center center","background-size":"auto","background-attachment":"scroll","background-type":"","background-media":"","overlay-type":"","overlay-color":"","overlay-opacity":"","overlay-gradient":""},"tablet":{"background-color":"","background-image":"","background-repeat":"repeat","background-position":"center center","background-size":"auto","background-attachment":"scroll","background-type":"","background-media":"","overlay-type":"","overlay-color":"","overlay-opacity":"","overlay-gradient":""},"mobile":{"background-color":"","background-image":"","background-repeat":"repeat","background-position":"center center","background-size":"auto","background-attachment":"scroll","background-type":"","background-media":"","overlay-type":"","overlay-color":"","overlay-opacity":"","overlay-gradient":""}},"ast-content-background-meta":{"desktop":{"background-color":"var(--ast-global-color-4)","background-image":"","background-repeat":"repeat","background-position":"center center","background-size":"auto","background-attachment":"scroll","background-type":"","background-media":"","overlay-type":"","overlay-color":"","overlay-opacity":"","overlay-gradient":""},"tablet":{"background-color":"var(--ast-global-color-4)","background-image":"","background-repeat":"repeat","background-position":"center center","background-size":"auto","background-attachment":"scroll","background-type":"","background-media":"","overlay-type":"","overlay-color":"","overlay-opacity":"","overlay-gradient":""},"mobile":{"background-color":"var(--ast-global-color-4)","background-image":"","background-repeat":"repeat","background-position":"center center","background-size":"auto","background-attachment":"scroll","background-type":"","background-media":"","overlay-type":"","overlay-color":"","overlay-opacity":"","overlay-gradient":""}},"footnotes":""},"class_list":["post-53695","page","type-page","status-publish","hentry"],"_links":{"self":[{"href":"https:\/\/mavideniz.com.tr\/fr\/wp-json\/wp\/v2\/pages\/53695","targetHints":{"allow":["GET"]}}],"collection":[{"href":"https:\/\/mavideniz.com.tr\/fr\/wp-json\/wp\/v2\/pages"}],"about":[{"href":"https:\/\/mavideniz.com.tr\/fr\/wp-json\/wp\/v2\/types\/page"}],"author":[{"embeddable":true,"href":"https:\/\/mavideniz.com.tr\/fr\/wp-json\/wp\/v2\/users\/1"}],"replies":[{"embeddable":true,"href":"https:\/\/mavideniz.com.tr\/fr\/wp-json\/wp\/v2\/comments?post=53695"}],"version-history":[{"count":0,"href":"https:\/\/mavideniz.com.tr\/fr\/wp-json\/wp\/v2\/pages\/53695\/revisions"}],"up":[{"embeddable":true,"href":"https:\/\/mavideniz.com.tr\/fr\/wp-json\/wp\/v2\/pages\/42559"}],"wp:attachment":[{"href":"https:\/\/mavideniz.com.tr\/fr\/wp-json\/wp\/v2\/media?parent=53695"}],"curies":[{"name":"wp","href":"https:\/\/api.w.org\/{rel}","templated":true}]}}