{"id":53703,"date":"2023-04-23T17:50:16","date_gmt":"2023-04-23T17:50:16","guid":{"rendered":"https:\/\/mavideniz.com.tr\/?page_id=53703"},"modified":"2023-04-23T17:50:21","modified_gmt":"2023-04-23T17:50:21","slug":"livraison-de-boom-petrolier-en-bulgarie","status":"publish","type":"page","link":"https:\/\/mavideniz.com.tr\/fr\/actualites-evenements\/livraison-de-boom-petrolier-en-bulgarie\/","title":{"rendered":"LIVRAISON DE BOOM P\u00c9TROLIER EN BULGARIE"},"content":{"rendered":"<p>Mavi Deniz est d&rsquo;accord avec Cosmos Shipping pour livrer des barri\u00e8res de confinement de cl\u00f4ture p\u00e9troli\u00e8re \u00e0 leur p\u00e9trolier GALAXY ECO, OMI : 9010931.<\/p>\n<p>M\/t GALAXY ECO est le nouveau navire de Cosmos Shipping AD &#8211; Varna. Avec ce p\u00e9trolier chimique, la soci\u00e9t\u00e9 a remport\u00e9 un appel d&rsquo;offres de l&rsquo;Agence europ\u00e9enne pour la s\u00e9curit\u00e9 maritime ( EMSA ) pour un navire d&rsquo;intervention en cas de mar\u00e9e noire et, sur demande, doit lutter contre les mar\u00e9es noires dans la partie sud de la mer Noire.<\/p>\n<p>En vertu du contrat sign\u00e9, l&rsquo;armateur doit effectuer des exercices avec l&rsquo;\u00e9quipage, le navire et l&rsquo;\u00e9quipement de r\u00e9cup\u00e9ration en cas de d\u00e9versement tous les trimestres (tous les trois mois) et participer \u00e0 un exercice multinational au moins une fois par an en haute mer. Lorsque le navire n&rsquo;est pas engag\u00e9 dans des t\u00e2ches en vertu du contrat, le m\/t GALAXY ECO agit en tant que barge de soutage fournissant aux navires du fioul, du gazole, etc., sur la c\u00f4te bulgare.<\/p>\n<p>Depuis lors, le navire a \u00e9t\u00e9 construit en 1993 et utilis\u00e9 comme transporteur de produits chimiques en mer du Nord, r\u00e9pondant aux normes \u00e9lev\u00e9es de l&rsquo;industrie.<\/p>\n<p>L&rsquo;EMSA fournit l&rsquo;\u00e9quipement de r\u00e9cup\u00e9ration d&rsquo;huile, et le m\/t GALAXY ECO est dot\u00e9 d&rsquo;un \u00e9quipage bulgare exp\u00e9riment\u00e9 et professionnel.<\/p>\n<p>Lors de la c\u00e9r\u00e9monie de lev\u00e9e des drapeaux bulgare et de l&rsquo;AESM le 16 juin 2017, le navire a \u00e9t\u00e9 nomm\u00e9 m\/t GALAXY ECO. Selon les rituels traditionnels, une bouteille de champagne a \u00e9t\u00e9 bris\u00e9e sur la proue du bateau par la marraine du bateau, Mme Bojana Prodanova, et le bateau a \u00e9t\u00e9 b\u00e9ni par un pr\u00eatre. Le propri\u00e9taire, le capitaine Plamen Prodanov, a remis les documents du navire au capitaine du navire, souhaitant bonne vitesse et \u00e0 l&rsquo;\u00e9quipage. La c\u00e9r\u00e9monie s&rsquo;est poursuivie avec un cocktail exquis au Terminal Passagers du Port Est de Varna.<\/p>\n<p><strong>Description g\u00e9n\u00e9rale du navire :<\/strong><\/p>\n<p>M\/T GALAXY ECO<\/p>\n<p>construit en 1993 \u0433., SEC Viareggio, Italie<br \/>\npavillon &#8211; Bulgarie<br \/>\nLOA 89,60 \u043c<br \/>\nB 14,00 \u043c<br \/>\nProjet 5.21 \u043c<br \/>\nDWT 2698 t<br \/>\nNT 816 t<br \/>\n2 349 t<br \/>\nvolume des citernes \u00e0 cargaison (98 %) : 2 966 m3<br \/>\nnombre de grades pouvant \u00eatre transport\u00e9s simultan\u00e9ment : 14<\/p>\n","protected":false},"excerpt":{"rendered":"<p>Mavi Deniz est d&rsquo;accord avec Cosmos Shipping pour livrer des barri\u00e8res de confinement de cl\u00f4ture p\u00e9troli\u00e8re \u00e0 leur p\u00e9trolier GALAXY [&hellip;]<\/p>\n","protected":false},"author":1,"featured_media":0,"parent":42559,"menu_order":0,"comment_status":"closed","ping_status":"closed","template":"","meta":{"site-sidebar-layout":"default","site-content-layout":"","ast-site-content-layout":"default","site-content-style":"default","site-sidebar-style":"default","ast-global-header-display":"","ast-banner-title-visibility":"","ast-main-header-display":"","ast-hfb-above-header-display":"","ast-hfb-below-header-display":"","ast-hfb-mobile-header-display":"","site-post-title":"","ast-breadcrumbs-content":"","ast-featured-img":"","footer-sml-layout":"","ast-disable-related-posts":"","theme-transparent-header-meta":"","adv-header-id-meta":"","stick-header-meta":"","header-above-stick-meta":"","header-main-stick-meta":"","header-below-stick-meta":"","astra-migrate-meta-layouts":"default","ast-page-background-enabled":"default","ast-page-background-meta":{"desktop":{"background-color":"var(--ast-global-color-5)","background-image":"","background-repeat":"repeat","background-position":"center center","background-size":"auto","background-attachment":"scroll","background-type":"","background-media":"","overlay-type":"","overlay-color":"","overlay-opacity":"","overlay-gradient":""},"tablet":{"background-color":"","background-image":"","background-repeat":"repeat","background-position":"center center","background-size":"auto","background-attachment":"scroll","background-type":"","background-media":"","overlay-type":"","overlay-color":"","overlay-opacity":"","overlay-gradient":""},"mobile":{"background-color":"","background-image":"","background-repeat":"repeat","background-position":"center center","background-size":"auto","background-attachment":"scroll","background-type":"","background-media":"","overlay-type":"","overlay-color":"","overlay-opacity":"","overlay-gradient":""}},"ast-content-background-meta":{"desktop":{"background-color":"var(--ast-global-color-4)","background-image":"","background-repeat":"repeat","background-position":"center center","background-size":"auto","background-attachment":"scroll","background-type":"","background-media":"","overlay-type":"","overlay-color":"","overlay-opacity":"","overlay-gradient":""},"tablet":{"background-color":"var(--ast-global-color-4)","background-image":"","background-repeat":"repeat","background-position":"center center","background-size":"auto","background-attachment":"scroll","background-type":"","background-media":"","overlay-type":"","overlay-color":"","overlay-opacity":"","overlay-gradient":""},"mobile":{"background-color":"var(--ast-global-color-4)","background-image":"","background-repeat":"repeat","background-position":"center center","background-size":"auto","background-attachment":"scroll","background-type":"","background-media":"","overlay-type":"","overlay-color":"","overlay-opacity":"","overlay-gradient":""}},"footnotes":""},"class_list":["post-53703","page","type-page","status-publish","hentry"],"_links":{"self":[{"href":"https:\/\/mavideniz.com.tr\/fr\/wp-json\/wp\/v2\/pages\/53703","targetHints":{"allow":["GET"]}}],"collection":[{"href":"https:\/\/mavideniz.com.tr\/fr\/wp-json\/wp\/v2\/pages"}],"about":[{"href":"https:\/\/mavideniz.com.tr\/fr\/wp-json\/wp\/v2\/types\/page"}],"author":[{"embeddable":true,"href":"https:\/\/mavideniz.com.tr\/fr\/wp-json\/wp\/v2\/users\/1"}],"replies":[{"embeddable":true,"href":"https:\/\/mavideniz.com.tr\/fr\/wp-json\/wp\/v2\/comments?post=53703"}],"version-history":[{"count":0,"href":"https:\/\/mavideniz.com.tr\/fr\/wp-json\/wp\/v2\/pages\/53703\/revisions"}],"up":[{"embeddable":true,"href":"https:\/\/mavideniz.com.tr\/fr\/wp-json\/wp\/v2\/pages\/42559"}],"wp:attachment":[{"href":"https:\/\/mavideniz.com.tr\/fr\/wp-json\/wp\/v2\/media?parent=53703"}],"curies":[{"name":"wp","href":"https:\/\/api.w.org\/{rel}","templated":true}]}}