{"id":53719,"date":"2023-04-23T17:53:43","date_gmt":"2023-04-23T17:53:43","guid":{"rendered":"https:\/\/mavideniz.com.tr\/?page_id=53719"},"modified":"2023-04-23T17:55:42","modified_gmt":"2023-04-23T17:55:42","slug":"boom-de-cloture-a-huile-livree-a-lindonesie","status":"publish","type":"page","link":"https:\/\/mavideniz.com.tr\/fr\/actualites-evenements\/boom-de-cloture-a-huile-livree-a-lindonesie\/","title":{"rendered":"BOOM DE CL\u00d4TURE \u00c0 HUILE LIVR\u00c9E \u00c0 L&rsquo;INDON\u00c9SIE"},"content":{"rendered":"<p>Le 18 mai 2020, Mavi Deniz re\u00e7oit l&rsquo;ordre de fournir des barri\u00e8res p\u00e9troli\u00e8res \u00e0 l&rsquo;Indon\u00e9sie.<\/p>\n<p>Le Mavi Deniz OILFENCE BOOM est une rampe l\u00e9g\u00e8re d&rsquo;intervention rapide id\u00e9ale pour les ports, les op\u00e9rations int\u00e9rieures et c\u00f4ti\u00e8res &#8211; o\u00f9 une<img loading=\"lazy\" decoding=\"async\" class=\"alignright wp-image-26187 size-full\" src=\"https:\/\/mavideniz.com.tr\/wp-content\/uploads\/Media-Centre\/News-Events\/2020\/oil-fence-boom-indonesia-2.jpg\" width=\"375\" height=\"250\" alt=\"\" title=\"\"> intervention rapide est requise.<\/p>\n<p>Les rampes de flottation solides de type Oil Fence de MaviDeniz offrent un confinement du p\u00e9trole \u00e9conomique et \u00e9prouv\u00e9. Les mod\u00e8les vont des eaux abrit\u00e9es\/calmes aux conditions de faible courant en passant par le confinement d&rsquo;huile en eau libre. Oil Fence Boom est fabriqu\u00e9 en polyester tiss\u00e9 enduit de PVC orange vif.<\/p>\n<p>Les tiges internes assurent le maintien de la jupe en position verticale dans des conditions de remorquage normales. La construction tr\u00e8s flexible permet \u00e0 OilFence Boom de suivre de pr\u00e8s les mouvements des vagues.<\/p>\n<p>Huile de cl\u00f4ture Boom Reels peut \u00eatre fourni dans la manivelle ou les versions motoris\u00e9es. Reportez-vous \u00e0 notre section relative \u00e0 l&rsquo;alimentation du groupe hydraulique appropri\u00e9.<\/p>\n","protected":false},"excerpt":{"rendered":"<p>Le 18 mai 2020, Mavi Deniz re\u00e7oit l&rsquo;ordre de fournir des barri\u00e8res p\u00e9troli\u00e8res \u00e0 l&rsquo;Indon\u00e9sie. Le Mavi Deniz OILFENCE BOOM [&hellip;]<\/p>\n","protected":false},"author":1,"featured_media":0,"parent":42559,"menu_order":0,"comment_status":"closed","ping_status":"closed","template":"","meta":{"site-sidebar-layout":"default","site-content-layout":"","ast-site-content-layout":"default","site-content-style":"default","site-sidebar-style":"default","ast-global-header-display":"","ast-banner-title-visibility":"","ast-main-header-display":"","ast-hfb-above-header-display":"","ast-hfb-below-header-display":"","ast-hfb-mobile-header-display":"","site-post-title":"","ast-breadcrumbs-content":"","ast-featured-img":"","footer-sml-layout":"","ast-disable-related-posts":"","theme-transparent-header-meta":"","adv-header-id-meta":"","stick-header-meta":"","header-above-stick-meta":"","header-main-stick-meta":"","header-below-stick-meta":"","astra-migrate-meta-layouts":"default","ast-page-background-enabled":"default","ast-page-background-meta":{"desktop":{"background-color":"var(--ast-global-color-5)","background-image":"","background-repeat":"repeat","background-position":"center center","background-size":"auto","background-attachment":"scroll","background-type":"","background-media":"","overlay-type":"","overlay-color":"","overlay-opacity":"","overlay-gradient":""},"tablet":{"background-color":"","background-image":"","background-repeat":"repeat","background-position":"center center","background-size":"auto","background-attachment":"scroll","background-type":"","background-media":"","overlay-type":"","overlay-color":"","overlay-opacity":"","overlay-gradient":""},"mobile":{"background-color":"","background-image":"","background-repeat":"repeat","background-position":"center center","background-size":"auto","background-attachment":"scroll","background-type":"","background-media":"","overlay-type":"","overlay-color":"","overlay-opacity":"","overlay-gradient":""}},"ast-content-background-meta":{"desktop":{"background-color":"var(--ast-global-color-4)","background-image":"","background-repeat":"repeat","background-position":"center center","background-size":"auto","background-attachment":"scroll","background-type":"","background-media":"","overlay-type":"","overlay-color":"","overlay-opacity":"","overlay-gradient":""},"tablet":{"background-color":"var(--ast-global-color-4)","background-image":"","background-repeat":"repeat","background-position":"center center","background-size":"auto","background-attachment":"scroll","background-type":"","background-media":"","overlay-type":"","overlay-color":"","overlay-opacity":"","overlay-gradient":""},"mobile":{"background-color":"var(--ast-global-color-4)","background-image":"","background-repeat":"repeat","background-position":"center center","background-size":"auto","background-attachment":"scroll","background-type":"","background-media":"","overlay-type":"","overlay-color":"","overlay-opacity":"","overlay-gradient":""}},"footnotes":""},"class_list":["post-53719","page","type-page","status-publish","hentry"],"_links":{"self":[{"href":"https:\/\/mavideniz.com.tr\/fr\/wp-json\/wp\/v2\/pages\/53719","targetHints":{"allow":["GET"]}}],"collection":[{"href":"https:\/\/mavideniz.com.tr\/fr\/wp-json\/wp\/v2\/pages"}],"about":[{"href":"https:\/\/mavideniz.com.tr\/fr\/wp-json\/wp\/v2\/types\/page"}],"author":[{"embeddable":true,"href":"https:\/\/mavideniz.com.tr\/fr\/wp-json\/wp\/v2\/users\/1"}],"replies":[{"embeddable":true,"href":"https:\/\/mavideniz.com.tr\/fr\/wp-json\/wp\/v2\/comments?post=53719"}],"version-history":[{"count":0,"href":"https:\/\/mavideniz.com.tr\/fr\/wp-json\/wp\/v2\/pages\/53719\/revisions"}],"up":[{"embeddable":true,"href":"https:\/\/mavideniz.com.tr\/fr\/wp-json\/wp\/v2\/pages\/42559"}],"wp:attachment":[{"href":"https:\/\/mavideniz.com.tr\/fr\/wp-json\/wp\/v2\/media?parent=53719"}],"curies":[{"name":"wp","href":"https:\/\/api.w.org\/{rel}","templated":true}]}}