{"id":53736,"date":"2023-04-23T17:59:01","date_gmt":"2023-04-23T17:59:01","guid":{"rendered":"https:\/\/mavideniz.com.tr\/?page_id=53736"},"modified":"2023-04-23T17:59:17","modified_gmt":"2023-04-23T17:59:17","slug":"skimmer-dhuile-et-packs-dalimentation-exportes-au-vietnam","status":"publish","type":"page","link":"https:\/\/mavideniz.com.tr\/fr\/actualites-evenements\/skimmer-dhuile-et-packs-dalimentation-exportes-au-vietnam\/","title":{"rendered":"SKIMMER D&rsquo;HUILE ET PACKS D&rsquo;ALIMENTATION EXPORT\u00c9S AU VIETNAM"},"content":{"rendered":"<p><img loading=\"lazy\" decoding=\"async\" class=\"alignleft wp-image-25671 size-full\" src=\"https:\/\/mavideniz.com.tr\/wp-content\/uploads\/Media-Centre\/News-Events\/2019\/Oil-Skimmer-and-Powe-Pack-2.jpg\" width=\"375\" height=\"250\" alt=\"\" title=\"\">Le 19 ao\u00fbt 2019, Mavi Deniz a sign\u00e9 un contrat avec 2 soci\u00e9t\u00e9s diff\u00e9rentes, Hesco Technology et Lappro Automation Co., pour la fourniture d&rsquo;\u00e9quipements de d\u00e9versement d&rsquo;hydrocarbures, y compris des blocs d&rsquo;alimentation et des \u00e9cumeurs multi-huiles.<\/p>\n<p>Mavi Deniz est l&rsquo;un des principaux fournisseurs d&rsquo;expertise et de services d&rsquo;assistance en cas de d\u00e9versement en Turquie. Mavi Deniz est l&rsquo;une des rares entreprises capable de fournir une gamme compl\u00e8te de services de lutte contre la pollution int\u00e9rieure \u00e0 tous les types d&rsquo;industrie dans toute la Turquie. Cela permet \u00e0 nos clients de b\u00e9n\u00e9ficier d&rsquo;une connaissance pr\u00e9cieuse et approfondie du climat commercial et r\u00e9glementaire de nos clients.<\/p>\n<p>Nous sommes \u00e9galement l&rsquo;un des fournisseurs les plus soucieux de la s\u00e9curit\u00e9 en mati\u00e8re d&rsquo;intervention en cas de d\u00e9versement.<\/p>\n","protected":false},"excerpt":{"rendered":"<p>Le 19 ao\u00fbt 2019, Mavi Deniz a sign\u00e9 un contrat avec 2 soci\u00e9t\u00e9s diff\u00e9rentes, Hesco Technology et Lappro Automation Co., [&hellip;]<\/p>\n","protected":false},"author":1,"featured_media":0,"parent":42559,"menu_order":0,"comment_status":"closed","ping_status":"closed","template":"","meta":{"site-sidebar-layout":"default","site-content-layout":"","ast-site-content-layout":"default","site-content-style":"default","site-sidebar-style":"default","ast-global-header-display":"","ast-banner-title-visibility":"","ast-main-header-display":"","ast-hfb-above-header-display":"","ast-hfb-below-header-display":"","ast-hfb-mobile-header-display":"","site-post-title":"","ast-breadcrumbs-content":"","ast-featured-img":"","footer-sml-layout":"","ast-disable-related-posts":"","theme-transparent-header-meta":"","adv-header-id-meta":"","stick-header-meta":"","header-above-stick-meta":"","header-main-stick-meta":"","header-below-stick-meta":"","astra-migrate-meta-layouts":"default","ast-page-background-enabled":"default","ast-page-background-meta":{"desktop":{"background-color":"var(--ast-global-color-5)","background-image":"","background-repeat":"repeat","background-position":"center center","background-size":"auto","background-attachment":"scroll","background-type":"","background-media":"","overlay-type":"","overlay-color":"","overlay-opacity":"","overlay-gradient":""},"tablet":{"background-color":"","background-image":"","background-repeat":"repeat","background-position":"center center","background-size":"auto","background-attachment":"scroll","background-type":"","background-media":"","overlay-type":"","overlay-color":"","overlay-opacity":"","overlay-gradient":""},"mobile":{"background-color":"","background-image":"","background-repeat":"repeat","background-position":"center center","background-size":"auto","background-attachment":"scroll","background-type":"","background-media":"","overlay-type":"","overlay-color":"","overlay-opacity":"","overlay-gradient":""}},"ast-content-background-meta":{"desktop":{"background-color":"var(--ast-global-color-4)","background-image":"","background-repeat":"repeat","background-position":"center center","background-size":"auto","background-attachment":"scroll","background-type":"","background-media":"","overlay-type":"","overlay-color":"","overlay-opacity":"","overlay-gradient":""},"tablet":{"background-color":"var(--ast-global-color-4)","background-image":"","background-repeat":"repeat","background-position":"center center","background-size":"auto","background-attachment":"scroll","background-type":"","background-media":"","overlay-type":"","overlay-color":"","overlay-opacity":"","overlay-gradient":""},"mobile":{"background-color":"var(--ast-global-color-4)","background-image":"","background-repeat":"repeat","background-position":"center center","background-size":"auto","background-attachment":"scroll","background-type":"","background-media":"","overlay-type":"","overlay-color":"","overlay-opacity":"","overlay-gradient":""}},"footnotes":""},"class_list":["post-53736","page","type-page","status-publish","hentry"],"_links":{"self":[{"href":"https:\/\/mavideniz.com.tr\/fr\/wp-json\/wp\/v2\/pages\/53736","targetHints":{"allow":["GET"]}}],"collection":[{"href":"https:\/\/mavideniz.com.tr\/fr\/wp-json\/wp\/v2\/pages"}],"about":[{"href":"https:\/\/mavideniz.com.tr\/fr\/wp-json\/wp\/v2\/types\/page"}],"author":[{"embeddable":true,"href":"https:\/\/mavideniz.com.tr\/fr\/wp-json\/wp\/v2\/users\/1"}],"replies":[{"embeddable":true,"href":"https:\/\/mavideniz.com.tr\/fr\/wp-json\/wp\/v2\/comments?post=53736"}],"version-history":[{"count":0,"href":"https:\/\/mavideniz.com.tr\/fr\/wp-json\/wp\/v2\/pages\/53736\/revisions"}],"up":[{"embeddable":true,"href":"https:\/\/mavideniz.com.tr\/fr\/wp-json\/wp\/v2\/pages\/42559"}],"wp:attachment":[{"href":"https:\/\/mavideniz.com.tr\/fr\/wp-json\/wp\/v2\/media?parent=53736"}],"curies":[{"name":"wp","href":"https:\/\/api.w.org\/{rel}","templated":true}]}}