{"id":53744,"date":"2023-04-23T18:00:30","date_gmt":"2023-04-23T18:00:30","guid":{"rendered":"https:\/\/mavideniz.com.tr\/?page_id=53744"},"modified":"2023-04-23T18:00:35","modified_gmt":"2023-04-23T18:00:35","slug":"installation-dun-dispositif-de-detection-de-deversement-dhuile-en-iran","status":"publish","type":"page","link":"https:\/\/mavideniz.com.tr\/fr\/actualites-evenements\/installation-dun-dispositif-de-detection-de-deversement-dhuile-en-iran\/","title":{"rendered":"INSTALLATION D&rsquo;UN DISPOSITIF DE D\u00c9TECTION DE D\u00c9VERSEMENT D&rsquo;HUILE EN IRAN"},"content":{"rendered":"<p>Le 26 avril 2019, le syst\u00e8me de d\u00e9tection des d\u00e9versements d&rsquo;hydrocarbures est install\u00e9 en Iran. Il fournit et d\u00e9tecte le d\u00e9versement d&rsquo;hydrocarbures de niveau 1 pour montrer que le personnel exp\u00e9riment\u00e9 d&rsquo;intervention environnementale arrive plus rapidement dans la zone de d\u00e9versement.<\/p>\n<p>Mavi Deniz a de l&rsquo;exp\u00e9rience dans la prestation de services d&rsquo;intervention en cas de d\u00e9versement d&rsquo;hydrocarbures \u00e0 l&rsquo;ensemble des incidents li\u00e9s aux<img loading=\"lazy\" decoding=\"async\" class=\"alignright wp-image-25862 size-full\" src=\"https:\/\/mavideniz.com.tr\/wp-content\/uploads\/Media-Centre\/News-Events\/2019\/Oil-Spill-Detection-2.jpg\" width=\"375\" height=\"250\" alt=\"\" title=\"\"> d\u00e9versements qui menacent l&rsquo;environnement. Notre personnel d&rsquo;intervention en cas de d\u00e9versement d&rsquo;hydrocarbures hautement qualifi\u00e9 couvre plus de 500 incidents couvrant des installations industrielles, c\u00f4ti\u00e8res et offshore.<\/p>\n<p>Le syst\u00e8me de d\u00e9tection de d\u00e9versement d&rsquo;huile est un capteur sans contact d\u00e9tectant l&rsquo;huile sur l&rsquo;eau. L&rsquo;appareil d\u00e9tecte et vous alerte en cas de d\u00e9versements d&rsquo;hydrocarbures non suspects et est tr\u00e8s pr\u00e9cis et facile \u00e0 entretenir. Il assure une surveillance de l&rsquo;eau industrielle et environnementale 24 heures sur 24 et 7 jours sur 7 aux points de rejet ou d&rsquo;entr\u00e9e des effluents.<\/p>\n<p>Huiles d\u00e9tectables : huiles pour moteurs, huiles pour turbines, huiles v\u00e9g\u00e9tales, huiles lubrifiantes, huiles hydrauliques, huiles min\u00e9rales, mazouts, huiles diesel marines, huiles brutes, mazouts de chauffage, gazoles, combustibles de soute, diesel, essence, k\u00e9ros\u00e8ne et carburant d&rsquo;aviation.<\/p>\n","protected":false},"excerpt":{"rendered":"<p>Le 26 avril 2019, le syst\u00e8me de d\u00e9tection des d\u00e9versements d&rsquo;hydrocarbures est install\u00e9 en Iran. Il fournit et d\u00e9tecte le [&hellip;]<\/p>\n","protected":false},"author":1,"featured_media":0,"parent":42559,"menu_order":0,"comment_status":"closed","ping_status":"closed","template":"","meta":{"site-sidebar-layout":"default","site-content-layout":"","ast-site-content-layout":"default","site-content-style":"default","site-sidebar-style":"default","ast-global-header-display":"","ast-banner-title-visibility":"","ast-main-header-display":"","ast-hfb-above-header-display":"","ast-hfb-below-header-display":"","ast-hfb-mobile-header-display":"","site-post-title":"","ast-breadcrumbs-content":"","ast-featured-img":"","footer-sml-layout":"","ast-disable-related-posts":"","theme-transparent-header-meta":"","adv-header-id-meta":"","stick-header-meta":"","header-above-stick-meta":"","header-main-stick-meta":"","header-below-stick-meta":"","astra-migrate-meta-layouts":"default","ast-page-background-enabled":"default","ast-page-background-meta":{"desktop":{"background-color":"var(--ast-global-color-5)","background-image":"","background-repeat":"repeat","background-position":"center center","background-size":"auto","background-attachment":"scroll","background-type":"","background-media":"","overlay-type":"","overlay-color":"","overlay-opacity":"","overlay-gradient":""},"tablet":{"background-color":"","background-image":"","background-repeat":"repeat","background-position":"center center","background-size":"auto","background-attachment":"scroll","background-type":"","background-media":"","overlay-type":"","overlay-color":"","overlay-opacity":"","overlay-gradient":""},"mobile":{"background-color":"","background-image":"","background-repeat":"repeat","background-position":"center center","background-size":"auto","background-attachment":"scroll","background-type":"","background-media":"","overlay-type":"","overlay-color":"","overlay-opacity":"","overlay-gradient":""}},"ast-content-background-meta":{"desktop":{"background-color":"var(--ast-global-color-4)","background-image":"","background-repeat":"repeat","background-position":"center center","background-size":"auto","background-attachment":"scroll","background-type":"","background-media":"","overlay-type":"","overlay-color":"","overlay-opacity":"","overlay-gradient":""},"tablet":{"background-color":"var(--ast-global-color-4)","background-image":"","background-repeat":"repeat","background-position":"center center","background-size":"auto","background-attachment":"scroll","background-type":"","background-media":"","overlay-type":"","overlay-color":"","overlay-opacity":"","overlay-gradient":""},"mobile":{"background-color":"var(--ast-global-color-4)","background-image":"","background-repeat":"repeat","background-position":"center center","background-size":"auto","background-attachment":"scroll","background-type":"","background-media":"","overlay-type":"","overlay-color":"","overlay-opacity":"","overlay-gradient":""}},"footnotes":""},"class_list":["post-53744","page","type-page","status-publish","hentry"],"_links":{"self":[{"href":"https:\/\/mavideniz.com.tr\/fr\/wp-json\/wp\/v2\/pages\/53744","targetHints":{"allow":["GET"]}}],"collection":[{"href":"https:\/\/mavideniz.com.tr\/fr\/wp-json\/wp\/v2\/pages"}],"about":[{"href":"https:\/\/mavideniz.com.tr\/fr\/wp-json\/wp\/v2\/types\/page"}],"author":[{"embeddable":true,"href":"https:\/\/mavideniz.com.tr\/fr\/wp-json\/wp\/v2\/users\/1"}],"replies":[{"embeddable":true,"href":"https:\/\/mavideniz.com.tr\/fr\/wp-json\/wp\/v2\/comments?post=53744"}],"version-history":[{"count":0,"href":"https:\/\/mavideniz.com.tr\/fr\/wp-json\/wp\/v2\/pages\/53744\/revisions"}],"up":[{"embeddable":true,"href":"https:\/\/mavideniz.com.tr\/fr\/wp-json\/wp\/v2\/pages\/42559"}],"wp:attachment":[{"href":"https:\/\/mavideniz.com.tr\/fr\/wp-json\/wp\/v2\/media?parent=53744"}],"curies":[{"name":"wp","href":"https:\/\/api.w.org\/{rel}","templated":true}]}}