{"id":53752,"date":"2023-04-23T18:04:36","date_gmt":"2023-04-23T18:04:36","guid":{"rendered":"https:\/\/mavideniz.com.tr\/?page_id=53752"},"modified":"2023-04-23T18:04:52","modified_gmt":"2023-04-23T18:04:52","slug":"les-boomes-petrolieres-permanentes-vont-aux-pays-bas","status":"publish","type":"page","link":"https:\/\/mavideniz.com.tr\/fr\/actualites-evenements\/les-boomes-petrolieres-permanentes-vont-aux-pays-bas\/","title":{"rendered":"LES BOOMES P\u00c9TROLI\u00c8RES PERMANENTES VONT AUX PAYS-BAS"},"content":{"rendered":"<p>Le 29 avril 2020, Mavi Deniz a sign\u00e9 un accord pour fournir aux Pays-Bas des barrages permanents de barri\u00e8re p\u00e9troli\u00e8re de la soci\u00e9t\u00e9 IOT Holland Company \u00e0 utiliser dans le secteur offshore.<\/p>\n<p>Une barri\u00e8re de confinement est une rampe de confinement permanente con\u00e7ue pour prot\u00e9ger les installations portuaires, les terminaux maritimes de<img loading=\"lazy\" decoding=\"async\" class=\"size-full wp-image-26195 alignright\" src=\"https:\/\/mavideniz.com.tr\/wp-content\/uploads\/Media-Centre\/News-Events\/2020\/PERMANENT-OIL-BOOM-Netherland-1.jpg\" alt=\"\" width=\"375\" height=\"250\" title=\"\"> chargement, les raffineries, les centrales \u00e9lectriques et les marinas. La rampe de barri\u00e8re d&rsquo;huile offre une durabilit\u00e9 \u00e0 long terme, une excellente r\u00e9sistance aux ultraviolets, l&rsquo;action des vagues et la croissance marine avec un faible entretien.<\/p>\n<p>La barri\u00e8re de protection contre les d\u00e9versements d&rsquo;hydrocarbures est une barri\u00e8re de protection contre les d\u00e9versements d&rsquo;hydrocarbures hautement durable et \u00e0 faible entretien con\u00e7ue pour \u00eatre install\u00e9e de fa\u00e7on permanente dans les ports, les entr\u00e9es de mar\u00e9e, les barrages, les centrales hydro\u00e9lectriques, les lagunes, les quais, les quais et les plates-formes p\u00e9troli\u00e8res, les navires et d&rsquo;autres installations o\u00f9 des d\u00e9versements sont possibles.<\/p>\n<p>La barri\u00e8re d&rsquo;huile Boom a \u00e9tabli une r\u00e9putation de durabilit\u00e9 robuste et de performance sup\u00e9rieure dans le contr\u00f4le des d\u00e9versements d&rsquo;huile et des d\u00e9bris. Certaines de nos installations sont en service continu depuis plus de 15 ans.<\/p>\n","protected":false},"excerpt":{"rendered":"<p>Le 29 avril 2020, Mavi Deniz a sign\u00e9 un accord pour fournir aux Pays-Bas des barrages permanents de barri\u00e8re p\u00e9troli\u00e8re [&hellip;]<\/p>\n","protected":false},"author":1,"featured_media":0,"parent":42559,"menu_order":0,"comment_status":"closed","ping_status":"closed","template":"","meta":{"site-sidebar-layout":"default","site-content-layout":"","ast-site-content-layout":"default","site-content-style":"default","site-sidebar-style":"default","ast-global-header-display":"","ast-banner-title-visibility":"","ast-main-header-display":"","ast-hfb-above-header-display":"","ast-hfb-below-header-display":"","ast-hfb-mobile-header-display":"","site-post-title":"","ast-breadcrumbs-content":"","ast-featured-img":"","footer-sml-layout":"","ast-disable-related-posts":"","theme-transparent-header-meta":"","adv-header-id-meta":"","stick-header-meta":"","header-above-stick-meta":"","header-main-stick-meta":"","header-below-stick-meta":"","astra-migrate-meta-layouts":"default","ast-page-background-enabled":"default","ast-page-background-meta":{"desktop":{"background-color":"var(--ast-global-color-5)","background-image":"","background-repeat":"repeat","background-position":"center center","background-size":"auto","background-attachment":"scroll","background-type":"","background-media":"","overlay-type":"","overlay-color":"","overlay-opacity":"","overlay-gradient":""},"tablet":{"background-color":"","background-image":"","background-repeat":"repeat","background-position":"center center","background-size":"auto","background-attachment":"scroll","background-type":"","background-media":"","overlay-type":"","overlay-color":"","overlay-opacity":"","overlay-gradient":""},"mobile":{"background-color":"","background-image":"","background-repeat":"repeat","background-position":"center center","background-size":"auto","background-attachment":"scroll","background-type":"","background-media":"","overlay-type":"","overlay-color":"","overlay-opacity":"","overlay-gradient":""}},"ast-content-background-meta":{"desktop":{"background-color":"var(--ast-global-color-4)","background-image":"","background-repeat":"repeat","background-position":"center center","background-size":"auto","background-attachment":"scroll","background-type":"","background-media":"","overlay-type":"","overlay-color":"","overlay-opacity":"","overlay-gradient":""},"tablet":{"background-color":"var(--ast-global-color-4)","background-image":"","background-repeat":"repeat","background-position":"center center","background-size":"auto","background-attachment":"scroll","background-type":"","background-media":"","overlay-type":"","overlay-color":"","overlay-opacity":"","overlay-gradient":""},"mobile":{"background-color":"var(--ast-global-color-4)","background-image":"","background-repeat":"repeat","background-position":"center center","background-size":"auto","background-attachment":"scroll","background-type":"","background-media":"","overlay-type":"","overlay-color":"","overlay-opacity":"","overlay-gradient":""}},"footnotes":""},"class_list":["post-53752","page","type-page","status-publish","hentry"],"_links":{"self":[{"href":"https:\/\/mavideniz.com.tr\/fr\/wp-json\/wp\/v2\/pages\/53752","targetHints":{"allow":["GET"]}}],"collection":[{"href":"https:\/\/mavideniz.com.tr\/fr\/wp-json\/wp\/v2\/pages"}],"about":[{"href":"https:\/\/mavideniz.com.tr\/fr\/wp-json\/wp\/v2\/types\/page"}],"author":[{"embeddable":true,"href":"https:\/\/mavideniz.com.tr\/fr\/wp-json\/wp\/v2\/users\/1"}],"replies":[{"embeddable":true,"href":"https:\/\/mavideniz.com.tr\/fr\/wp-json\/wp\/v2\/comments?post=53752"}],"version-history":[{"count":0,"href":"https:\/\/mavideniz.com.tr\/fr\/wp-json\/wp\/v2\/pages\/53752\/revisions"}],"up":[{"embeddable":true,"href":"https:\/\/mavideniz.com.tr\/fr\/wp-json\/wp\/v2\/pages\/42559"}],"wp:attachment":[{"href":"https:\/\/mavideniz.com.tr\/fr\/wp-json\/wp\/v2\/media?parent=53752"}],"curies":[{"name":"wp","href":"https:\/\/api.w.org\/{rel}","templated":true}]}}