{"id":53761,"date":"2023-04-23T18:05:51","date_gmt":"2023-04-23T18:05:51","guid":{"rendered":"https:\/\/mavideniz.com.tr\/?page_id=53761"},"modified":"2023-04-23T18:05:56","modified_gmt":"2023-04-23T18:05:56","slug":"equipement-de-lutte-contre-la-pollution-expedie-en-grece","status":"publish","type":"page","link":"https:\/\/mavideniz.com.tr\/fr\/actualites-evenements\/equipement-de-lutte-contre-la-pollution-expedie-en-grece\/","title":{"rendered":"\u00c9QUIPEMENT DE LUTTE CONTRE LA POLLUTION EXP\u00c9DI\u00c9 EN GR\u00c8CE"},"content":{"rendered":"<p>Le 19 septembre 2018, Mavi Deniz a sign\u00e9 un contrat avec ShopSafe Marine Equipment Ltd. pour la fourniture d&rsquo;\u00e9quipements de d\u00e9versement d&rsquo;hydrocarbures avec certificat d&rsquo;approbation de classe BV.<\/p>\n<p>Mavi Deniz est l&rsquo;un des principaux fournisseurs d&rsquo;expertise et de services d&rsquo;assistance en cas de d\u00e9versement en Turquie. Mavi Deniz est l&rsquo;une des rares<img loading=\"lazy\" decoding=\"async\" class=\"size-full wp-image-25936 alignright\" src=\"https:\/\/mavideniz.com.tr\/wp-content\/uploads\/Media-Centre\/News-Events\/2018\/POLLUTION-RESPONSE-EQUIPMENT-2.jpg\" alt=\"\" width=\"375\" height=\"250\" title=\"\"> entreprises \u00e0 fournir une gamme compl\u00e8te de services de lutte contre la pollution int\u00e9rieure \u00e0 tous les types d&rsquo;industrie dans toute la Turquie. Cela permet \u00e0 nos clients de b\u00e9n\u00e9ficier d&rsquo;une connaissance pr\u00e9cieuse et approfondie du climat commercial et r\u00e9glementaire de nos clients.<\/p>\n<p>Nous sommes \u00e9galement l&rsquo;un des fournisseurs les plus soucieux de la s\u00e9curit\u00e9 en mati\u00e8re d&rsquo;intervention en cas de d\u00e9versement.<\/p>\n","protected":false},"excerpt":{"rendered":"<p>Le 19 septembre 2018, Mavi Deniz a sign\u00e9 un contrat avec ShopSafe Marine Equipment Ltd. pour la fourniture d&rsquo;\u00e9quipements de [&hellip;]<\/p>\n","protected":false},"author":1,"featured_media":0,"parent":42559,"menu_order":0,"comment_status":"closed","ping_status":"closed","template":"","meta":{"site-sidebar-layout":"default","site-content-layout":"","ast-site-content-layout":"default","site-content-style":"default","site-sidebar-style":"default","ast-global-header-display":"","ast-banner-title-visibility":"","ast-main-header-display":"","ast-hfb-above-header-display":"","ast-hfb-below-header-display":"","ast-hfb-mobile-header-display":"","site-post-title":"","ast-breadcrumbs-content":"","ast-featured-img":"","footer-sml-layout":"","ast-disable-related-posts":"","theme-transparent-header-meta":"","adv-header-id-meta":"","stick-header-meta":"","header-above-stick-meta":"","header-main-stick-meta":"","header-below-stick-meta":"","astra-migrate-meta-layouts":"default","ast-page-background-enabled":"default","ast-page-background-meta":{"desktop":{"background-color":"var(--ast-global-color-5)","background-image":"","background-repeat":"repeat","background-position":"center center","background-size":"auto","background-attachment":"scroll","background-type":"","background-media":"","overlay-type":"","overlay-color":"","overlay-opacity":"","overlay-gradient":""},"tablet":{"background-color":"","background-image":"","background-repeat":"repeat","background-position":"center center","background-size":"auto","background-attachment":"scroll","background-type":"","background-media":"","overlay-type":"","overlay-color":"","overlay-opacity":"","overlay-gradient":""},"mobile":{"background-color":"","background-image":"","background-repeat":"repeat","background-position":"center center","background-size":"auto","background-attachment":"scroll","background-type":"","background-media":"","overlay-type":"","overlay-color":"","overlay-opacity":"","overlay-gradient":""}},"ast-content-background-meta":{"desktop":{"background-color":"var(--ast-global-color-4)","background-image":"","background-repeat":"repeat","background-position":"center center","background-size":"auto","background-attachment":"scroll","background-type":"","background-media":"","overlay-type":"","overlay-color":"","overlay-opacity":"","overlay-gradient":""},"tablet":{"background-color":"var(--ast-global-color-4)","background-image":"","background-repeat":"repeat","background-position":"center center","background-size":"auto","background-attachment":"scroll","background-type":"","background-media":"","overlay-type":"","overlay-color":"","overlay-opacity":"","overlay-gradient":""},"mobile":{"background-color":"var(--ast-global-color-4)","background-image":"","background-repeat":"repeat","background-position":"center center","background-size":"auto","background-attachment":"scroll","background-type":"","background-media":"","overlay-type":"","overlay-color":"","overlay-opacity":"","overlay-gradient":""}},"footnotes":""},"class_list":["post-53761","page","type-page","status-publish","hentry"],"_links":{"self":[{"href":"https:\/\/mavideniz.com.tr\/fr\/wp-json\/wp\/v2\/pages\/53761","targetHints":{"allow":["GET"]}}],"collection":[{"href":"https:\/\/mavideniz.com.tr\/fr\/wp-json\/wp\/v2\/pages"}],"about":[{"href":"https:\/\/mavideniz.com.tr\/fr\/wp-json\/wp\/v2\/types\/page"}],"author":[{"embeddable":true,"href":"https:\/\/mavideniz.com.tr\/fr\/wp-json\/wp\/v2\/users\/1"}],"replies":[{"embeddable":true,"href":"https:\/\/mavideniz.com.tr\/fr\/wp-json\/wp\/v2\/comments?post=53761"}],"version-history":[{"count":0,"href":"https:\/\/mavideniz.com.tr\/fr\/wp-json\/wp\/v2\/pages\/53761\/revisions"}],"up":[{"embeddable":true,"href":"https:\/\/mavideniz.com.tr\/fr\/wp-json\/wp\/v2\/pages\/42559"}],"wp:attachment":[{"href":"https:\/\/mavideniz.com.tr\/fr\/wp-json\/wp\/v2\/media?parent=53761"}],"curies":[{"name":"wp","href":"https:\/\/api.w.org\/{rel}","templated":true}]}}