{"id":53770,"date":"2023-04-23T18:08:51","date_gmt":"2023-04-23T18:08:51","guid":{"rendered":"https:\/\/mavideniz.com.tr\/?page_id=53770"},"modified":"2023-04-23T18:08:55","modified_gmt":"2023-04-23T18:08:55","slug":"port-installation-de-linstallation-de-reception-des-dechets-marpol","status":"publish","type":"page","link":"https:\/\/mavideniz.com.tr\/fr\/actualites-evenements\/port-installation-de-linstallation-de-reception-des-dechets-marpol\/","title":{"rendered":"PORT \u2013 INSTALLATION DE L&rsquo;INSTALLATION DE R\u00c9CEPTION DES D\u00c9CHETS MARPOL"},"content":{"rendered":"<p>MAVI DENIZ est l&rsquo;un des principaux fournisseurs d&rsquo;installations de r\u00e9ception de d\u00e9chets de Marpol, avec un fournisseur de navires et un fabricant<img loading=\"lazy\" decoding=\"async\" class=\"size-full wp-image-26262 alignright\" src=\"https:\/\/mavideniz.com.tr\/wp-content\/uploads\/Media-Centre\/News-Events\/2017\/MARPOL-WASTE-RECEPTION-FACILITY-2.jpg\" alt=\"\" width=\"375\" height=\"250\" title=\"\"> d&rsquo;\u00e9quipements. Aytemiz Co. demande \u00e0 Mavi Deniz de fournir une installation de r\u00e9ception de d\u00e9chets MARPOL dans leur terminal situ\u00e9 dans la zone offshore des dauphins d&rsquo;Alanya.<\/p>\n<p>MAVI DENIZ est une soci\u00e9t\u00e9 internationale de conseil en environnement avec une r\u00e9putation in\u00e9gal\u00e9e pour fournir des services experts et sur mesure. Marpol Services a mis en place une gamme de services flexibles et r\u00e9actifs, adapt\u00e9s en une seule op\u00e9ration, par un personnel exp\u00e9riment\u00e9 et exp\u00e9riment\u00e9 ayant de nombreuses ann\u00e9es d&rsquo;expertise dans la gestion des d\u00e9chets maritimes.<\/p>\n<p>Nous exploitons \u00e9galement des barges marines dans les ports et des collectes de d\u00e9chets en plus grand volume en mer.<\/p>\n","protected":false},"excerpt":{"rendered":"<p>MAVI DENIZ est l&rsquo;un des principaux fournisseurs d&rsquo;installations de r\u00e9ception de d\u00e9chets de Marpol, avec un fournisseur de navires et [&hellip;]<\/p>\n","protected":false},"author":1,"featured_media":0,"parent":42559,"menu_order":0,"comment_status":"closed","ping_status":"closed","template":"","meta":{"site-sidebar-layout":"default","site-content-layout":"","ast-site-content-layout":"default","site-content-style":"default","site-sidebar-style":"default","ast-global-header-display":"","ast-banner-title-visibility":"","ast-main-header-display":"","ast-hfb-above-header-display":"","ast-hfb-below-header-display":"","ast-hfb-mobile-header-display":"","site-post-title":"","ast-breadcrumbs-content":"","ast-featured-img":"","footer-sml-layout":"","ast-disable-related-posts":"","theme-transparent-header-meta":"","adv-header-id-meta":"","stick-header-meta":"","header-above-stick-meta":"","header-main-stick-meta":"","header-below-stick-meta":"","astra-migrate-meta-layouts":"default","ast-page-background-enabled":"default","ast-page-background-meta":{"desktop":{"background-color":"var(--ast-global-color-5)","background-image":"","background-repeat":"repeat","background-position":"center center","background-size":"auto","background-attachment":"scroll","background-type":"","background-media":"","overlay-type":"","overlay-color":"","overlay-opacity":"","overlay-gradient":""},"tablet":{"background-color":"","background-image":"","background-repeat":"repeat","background-position":"center center","background-size":"auto","background-attachment":"scroll","background-type":"","background-media":"","overlay-type":"","overlay-color":"","overlay-opacity":"","overlay-gradient":""},"mobile":{"background-color":"","background-image":"","background-repeat":"repeat","background-position":"center center","background-size":"auto","background-attachment":"scroll","background-type":"","background-media":"","overlay-type":"","overlay-color":"","overlay-opacity":"","overlay-gradient":""}},"ast-content-background-meta":{"desktop":{"background-color":"var(--ast-global-color-4)","background-image":"","background-repeat":"repeat","background-position":"center center","background-size":"auto","background-attachment":"scroll","background-type":"","background-media":"","overlay-type":"","overlay-color":"","overlay-opacity":"","overlay-gradient":""},"tablet":{"background-color":"var(--ast-global-color-4)","background-image":"","background-repeat":"repeat","background-position":"center center","background-size":"auto","background-attachment":"scroll","background-type":"","background-media":"","overlay-type":"","overlay-color":"","overlay-opacity":"","overlay-gradient":""},"mobile":{"background-color":"var(--ast-global-color-4)","background-image":"","background-repeat":"repeat","background-position":"center center","background-size":"auto","background-attachment":"scroll","background-type":"","background-media":"","overlay-type":"","overlay-color":"","overlay-opacity":"","overlay-gradient":""}},"footnotes":""},"class_list":["post-53770","page","type-page","status-publish","hentry"],"_links":{"self":[{"href":"https:\/\/mavideniz.com.tr\/fr\/wp-json\/wp\/v2\/pages\/53770","targetHints":{"allow":["GET"]}}],"collection":[{"href":"https:\/\/mavideniz.com.tr\/fr\/wp-json\/wp\/v2\/pages"}],"about":[{"href":"https:\/\/mavideniz.com.tr\/fr\/wp-json\/wp\/v2\/types\/page"}],"author":[{"embeddable":true,"href":"https:\/\/mavideniz.com.tr\/fr\/wp-json\/wp\/v2\/users\/1"}],"replies":[{"embeddable":true,"href":"https:\/\/mavideniz.com.tr\/fr\/wp-json\/wp\/v2\/comments?post=53770"}],"version-history":[{"count":0,"href":"https:\/\/mavideniz.com.tr\/fr\/wp-json\/wp\/v2\/pages\/53770\/revisions"}],"up":[{"embeddable":true,"href":"https:\/\/mavideniz.com.tr\/fr\/wp-json\/wp\/v2\/pages\/42559"}],"wp:attachment":[{"href":"https:\/\/mavideniz.com.tr\/fr\/wp-json\/wp\/v2\/media?parent=53770"}],"curies":[{"name":"wp","href":"https:\/\/api.w.org\/{rel}","templated":true}]}}