{"id":53784,"date":"2023-04-23T18:22:23","date_gmt":"2023-04-23T18:22:23","guid":{"rendered":"https:\/\/mavideniz.com.tr\/?page_id=53784"},"modified":"2023-04-23T18:23:34","modified_gmt":"2023-04-23T18:23:34","slug":"systeme-daspiration-portable-livre-aux-seychelles","status":"publish","type":"page","link":"https:\/\/mavideniz.com.tr\/fr\/actualites-evenements\/systeme-daspiration-portable-livre-aux-seychelles\/","title":{"rendered":"SYST\u00c8ME D&rsquo;ASPIRATION PORTABLE LIVR\u00c9 AUX SEYCHELLES"},"content":{"rendered":"<p>Le 19 f\u00e9vrier 2020, Mavi Deniz a sign\u00e9 un contrat avec Gulf Industrial Supply Fze pour la fourniture de syst\u00e8mes d&rsquo;aspiration portables \u00e0 Duba\u00ef, aux<img loading=\"lazy\" decoding=\"async\" class=\"alignright wp-image-26221 size-full\" src=\"https:\/\/mavideniz.com.tr\/wp-content\/uploads\/Media-Centre\/News-Events\/2020\/PORTABLE-VACUUM-SYSTEM-Dubai-2.jpg\" width=\"375\" height=\"250\" alt=\"\" title=\"\"> Emirats Arabes Unis.<\/p>\n<p>Les syst\u00e8mes d&rsquo;aspiration Mini Vac sont une m\u00e9thode innovante et \u00e9prouv\u00e9e de r\u00e9cup\u00e9ration des d\u00e9versements d&rsquo;hydrocarbures avec des unit\u00e9s tr\u00e8s efficaces et mobiles. Les syst\u00e8mes Mavi Vacuum sont utilis\u00e9s pour r\u00e9cup\u00e9rer le p\u00e9trole \u00e9chou\u00e9 sur les plages, les foss\u00e9s, les drains, les routes et le sol, et apr\u00e8s cela, le p\u00e9trole est aspir\u00e9 dans les r\u00e9servoirs \u00e0 roues ou les f\u00fbts \u00e0 p\u00e9trole standard. Il est propuls\u00e9 par un moteur diesel de 10 chevaux et une pompe \u00e0 vide de 150 m3\/h, y compris une tr\u00e9mie \u00e0 vide et une baguette d&rsquo;aspiration en aluminium.<\/p>\n","protected":false},"excerpt":{"rendered":"<p>Le 19 f\u00e9vrier 2020, Mavi Deniz a sign\u00e9 un contrat avec Gulf Industrial Supply Fze pour la fourniture de syst\u00e8mes [&hellip;]<\/p>\n","protected":false},"author":1,"featured_media":0,"parent":42559,"menu_order":0,"comment_status":"closed","ping_status":"closed","template":"","meta":{"site-sidebar-layout":"default","site-content-layout":"","ast-site-content-layout":"default","site-content-style":"default","site-sidebar-style":"default","ast-global-header-display":"","ast-banner-title-visibility":"","ast-main-header-display":"","ast-hfb-above-header-display":"","ast-hfb-below-header-display":"","ast-hfb-mobile-header-display":"","site-post-title":"","ast-breadcrumbs-content":"","ast-featured-img":"","footer-sml-layout":"","ast-disable-related-posts":"","theme-transparent-header-meta":"","adv-header-id-meta":"","stick-header-meta":"","header-above-stick-meta":"","header-main-stick-meta":"","header-below-stick-meta":"","astra-migrate-meta-layouts":"default","ast-page-background-enabled":"default","ast-page-background-meta":{"desktop":{"background-color":"var(--ast-global-color-5)","background-image":"","background-repeat":"repeat","background-position":"center center","background-size":"auto","background-attachment":"scroll","background-type":"","background-media":"","overlay-type":"","overlay-color":"","overlay-opacity":"","overlay-gradient":""},"tablet":{"background-color":"","background-image":"","background-repeat":"repeat","background-position":"center center","background-size":"auto","background-attachment":"scroll","background-type":"","background-media":"","overlay-type":"","overlay-color":"","overlay-opacity":"","overlay-gradient":""},"mobile":{"background-color":"","background-image":"","background-repeat":"repeat","background-position":"center center","background-size":"auto","background-attachment":"scroll","background-type":"","background-media":"","overlay-type":"","overlay-color":"","overlay-opacity":"","overlay-gradient":""}},"ast-content-background-meta":{"desktop":{"background-color":"var(--ast-global-color-4)","background-image":"","background-repeat":"repeat","background-position":"center center","background-size":"auto","background-attachment":"scroll","background-type":"","background-media":"","overlay-type":"","overlay-color":"","overlay-opacity":"","overlay-gradient":""},"tablet":{"background-color":"var(--ast-global-color-4)","background-image":"","background-repeat":"repeat","background-position":"center center","background-size":"auto","background-attachment":"scroll","background-type":"","background-media":"","overlay-type":"","overlay-color":"","overlay-opacity":"","overlay-gradient":""},"mobile":{"background-color":"var(--ast-global-color-4)","background-image":"","background-repeat":"repeat","background-position":"center center","background-size":"auto","background-attachment":"scroll","background-type":"","background-media":"","overlay-type":"","overlay-color":"","overlay-opacity":"","overlay-gradient":""}},"footnotes":""},"class_list":["post-53784","page","type-page","status-publish","hentry"],"_links":{"self":[{"href":"https:\/\/mavideniz.com.tr\/fr\/wp-json\/wp\/v2\/pages\/53784","targetHints":{"allow":["GET"]}}],"collection":[{"href":"https:\/\/mavideniz.com.tr\/fr\/wp-json\/wp\/v2\/pages"}],"about":[{"href":"https:\/\/mavideniz.com.tr\/fr\/wp-json\/wp\/v2\/types\/page"}],"author":[{"embeddable":true,"href":"https:\/\/mavideniz.com.tr\/fr\/wp-json\/wp\/v2\/users\/1"}],"replies":[{"embeddable":true,"href":"https:\/\/mavideniz.com.tr\/fr\/wp-json\/wp\/v2\/comments?post=53784"}],"version-history":[{"count":0,"href":"https:\/\/mavideniz.com.tr\/fr\/wp-json\/wp\/v2\/pages\/53784\/revisions"}],"up":[{"embeddable":true,"href":"https:\/\/mavideniz.com.tr\/fr\/wp-json\/wp\/v2\/pages\/42559"}],"wp:attachment":[{"href":"https:\/\/mavideniz.com.tr\/fr\/wp-json\/wp\/v2\/media?parent=53784"}],"curies":[{"name":"wp","href":"https:\/\/api.w.org\/{rel}","templated":true}]}}