{"id":53793,"date":"2023-04-23T18:25:15","date_gmt":"2023-04-23T18:25:15","guid":{"rendered":"https:\/\/mavideniz.com.tr\/?page_id=53793"},"modified":"2023-04-23T18:25:20","modified_gmt":"2023-04-23T18:25:20","slug":"roumanie-le-chantier-naval-constanta-a-commande-une-barre-cylindrique-en-mousse-dhuile-de-500-m","status":"publish","type":"page","link":"https:\/\/mavideniz.com.tr\/fr\/actualites-evenements\/roumanie-le-chantier-naval-constanta-a-commande-une-barre-cylindrique-en-mousse-dhuile-de-500-m\/","title":{"rendered":"ROUMANIE LE CHANTIER NAVAL CONSTANTA A COMMANDE UNE BARRE CYLINDRIQUE EN MOUSSE D&rsquo;HUILE DE 500 m"},"content":{"rendered":"<p>14 Novembre 2015 Mavi Deniz fournit 500 m Cylindrical Oil Foam Boom Roumanie, Constanta Shipyard pour emp\u00eacher le d\u00e9versement de p\u00e9trole des<img loading=\"lazy\" decoding=\"async\" class=\"alignright wp-image-26470 size-full\" src=\"https:\/\/mavideniz.com.tr\/wp-content\/uploads\/Media-Centre\/News-Events\/2015\/CYLINDRICAL-OIL-FOAM-BOOM-2.jpg\" width=\"375\" height=\"250\" alt=\"\" title=\"\"> p\u00e9troliers dans le chantier naval, qui est situ\u00e9 dans la r\u00e9gion de la mer Noire ; Santierul Naval Constanta SA est class\u00e9 parmi les plus grands chantiers de construction et de r\u00e9paration navale en Europe, le 3\u00e8me constructeur naval mondial pour les produits de moyenne gamme et les p\u00e9troliers chimiques.<\/p>\n<p>Accessible par la mer \u00e0 travers le d\u00e9troit du Bosphore et par le fleuve \u00e0 travers le Danube &#8211; canal de la mer Noire, Santiago Naval Constanta SA offre aux armateurs et aux gestionnaires du monde entier l&#8217;emplacement id\u00e9al pour la construction et la r\u00e9paration de navires de mer jusqu&rsquo;\u00e0 200.000 DWT.<\/p>\n<p>Depuis lors, Santiago Naval Constanta est devenu un fournisseur fiable de grands navires de mer (55 000 \/ 65 000 \/ 165 000 vraquiers DWT ; 85 000 \/ 150 000 p\u00e9troliers DWT) pour les clients roumains et \u00e9trangers.<\/p>\n","protected":false},"excerpt":{"rendered":"<p>14 Novembre 2015 Mavi Deniz fournit 500 m Cylindrical Oil Foam Boom Roumanie, Constanta Shipyard pour emp\u00eacher le d\u00e9versement de [&hellip;]<\/p>\n","protected":false},"author":1,"featured_media":0,"parent":42559,"menu_order":0,"comment_status":"closed","ping_status":"closed","template":"","meta":{"site-sidebar-layout":"default","site-content-layout":"","ast-site-content-layout":"default","site-content-style":"default","site-sidebar-style":"default","ast-global-header-display":"","ast-banner-title-visibility":"","ast-main-header-display":"","ast-hfb-above-header-display":"","ast-hfb-below-header-display":"","ast-hfb-mobile-header-display":"","site-post-title":"","ast-breadcrumbs-content":"","ast-featured-img":"","footer-sml-layout":"","ast-disable-related-posts":"","theme-transparent-header-meta":"","adv-header-id-meta":"","stick-header-meta":"","header-above-stick-meta":"","header-main-stick-meta":"","header-below-stick-meta":"","astra-migrate-meta-layouts":"default","ast-page-background-enabled":"default","ast-page-background-meta":{"desktop":{"background-color":"var(--ast-global-color-5)","background-image":"","background-repeat":"repeat","background-position":"center center","background-size":"auto","background-attachment":"scroll","background-type":"","background-media":"","overlay-type":"","overlay-color":"","overlay-opacity":"","overlay-gradient":""},"tablet":{"background-color":"","background-image":"","background-repeat":"repeat","background-position":"center center","background-size":"auto","background-attachment":"scroll","background-type":"","background-media":"","overlay-type":"","overlay-color":"","overlay-opacity":"","overlay-gradient":""},"mobile":{"background-color":"","background-image":"","background-repeat":"repeat","background-position":"center center","background-size":"auto","background-attachment":"scroll","background-type":"","background-media":"","overlay-type":"","overlay-color":"","overlay-opacity":"","overlay-gradient":""}},"ast-content-background-meta":{"desktop":{"background-color":"var(--ast-global-color-4)","background-image":"","background-repeat":"repeat","background-position":"center center","background-size":"auto","background-attachment":"scroll","background-type":"","background-media":"","overlay-type":"","overlay-color":"","overlay-opacity":"","overlay-gradient":""},"tablet":{"background-color":"var(--ast-global-color-4)","background-image":"","background-repeat":"repeat","background-position":"center center","background-size":"auto","background-attachment":"scroll","background-type":"","background-media":"","overlay-type":"","overlay-color":"","overlay-opacity":"","overlay-gradient":""},"mobile":{"background-color":"var(--ast-global-color-4)","background-image":"","background-repeat":"repeat","background-position":"center center","background-size":"auto","background-attachment":"scroll","background-type":"","background-media":"","overlay-type":"","overlay-color":"","overlay-opacity":"","overlay-gradient":""}},"footnotes":""},"class_list":["post-53793","page","type-page","status-publish","hentry"],"_links":{"self":[{"href":"https:\/\/mavideniz.com.tr\/fr\/wp-json\/wp\/v2\/pages\/53793","targetHints":{"allow":["GET"]}}],"collection":[{"href":"https:\/\/mavideniz.com.tr\/fr\/wp-json\/wp\/v2\/pages"}],"about":[{"href":"https:\/\/mavideniz.com.tr\/fr\/wp-json\/wp\/v2\/types\/page"}],"author":[{"embeddable":true,"href":"https:\/\/mavideniz.com.tr\/fr\/wp-json\/wp\/v2\/users\/1"}],"replies":[{"embeddable":true,"href":"https:\/\/mavideniz.com.tr\/fr\/wp-json\/wp\/v2\/comments?post=53793"}],"version-history":[{"count":0,"href":"https:\/\/mavideniz.com.tr\/fr\/wp-json\/wp\/v2\/pages\/53793\/revisions"}],"up":[{"embeddable":true,"href":"https:\/\/mavideniz.com.tr\/fr\/wp-json\/wp\/v2\/pages\/42559"}],"wp:attachment":[{"href":"https:\/\/mavideniz.com.tr\/fr\/wp-json\/wp\/v2\/media?parent=53793"}],"curies":[{"name":"wp","href":"https:\/\/api.w.org\/{rel}","templated":true}]}}