{"id":53809,"date":"2023-04-23T19:17:17","date_gmt":"2023-04-23T19:17:17","guid":{"rendered":"https:\/\/mavideniz.com.tr\/?page_id=53809"},"modified":"2023-04-23T19:17:22","modified_gmt":"2023-04-23T19:17:22","slug":"processus-de-transfert-ship-to-ship-sts-5-fenders","status":"publish","type":"page","link":"https:\/\/mavideniz.com.tr\/fr\/actualites-evenements\/processus-de-transfert-ship-to-ship-sts-5-fenders\/","title":{"rendered":"PROCESSUS DE TRANSFERT SHIP TO SHIP ( STS ) &#8211; 5 FENDERS"},"content":{"rendered":"<p>Le 03 janvier 2015, MAVI DEN\u0130Z a fourni 5 d\u00e9fenses Yokohoma aux dimensions de 4 m x 2,5 m de longueur \u00e0 l&rsquo;armateur client bulgare. D\u00e9fenses pneumatiques flottantes dans le monde entier pour les op\u00e9rations de transfert de navire \u00e0 navire (STS), terminaux et navires de tous types.<\/p>\n<p><strong>Navire \u00e0 navire (STS)<\/strong><\/p>\n<p>Les d\u00e9fenses flottantes telles que les d\u00e9fenses pneumatiques ou en mousse \u00e9lastom\u00e8re sont g\u00e9n\u00e9ralement utilis\u00e9es pour les op\u00e9rations de ravitaillement entre deux navires. Depuis sa cr\u00e9ation, plus de 500 d\u00e9fenses ont \u00e9t\u00e9 fournies dans le monde entier pour les op\u00e9rations navire-navire et navire-port au service de nos pr\u00e9cieux clients.<\/p>\n<p>Ces d\u00e9fenses jouent un r\u00f4le essentiel dans la s\u00e9curit\u00e9 des op\u00e9rations d&rsquo;accostage et d&rsquo;amarrage des navires.<\/p>\n<p>Une d\u00e9fense est un tampon utilis\u00e9 pour absorber l&rsquo;\u00e9nergie cin\u00e9tique ou l&rsquo;amarrage d&rsquo;un navire \u00e0 une jet\u00e9e, un mur de quai ou un autre navire.<\/p>\n<p>Les d\u00e9fenses sont utilis\u00e9es pour \u00e9viter d&rsquo;endommager les bateaux, les navires et les structures d&rsquo;accostage.<\/p>\n<p>Pour ce faire, les d\u00e9fenses ont g\u00e9n\u00e9ralement une absorption d&rsquo;\u00e9nergie \u00e9lev\u00e9e et une faible force de r\u00e9action. Les d\u00e9fenses sont g\u00e9n\u00e9ralement fabriqu\u00e9es en caoutchouc, mousse \u00e9lastom\u00e8re. Le type de d\u00e9fense le plus appropri\u00e9 pour une application d\u00e9pend de nombreuses variables, notamment les dimensions et le d\u00e9placement du navire, la distance maximale autoris\u00e9e, la structure d&rsquo;accostage, les changements de mar\u00e9e et d&rsquo;autres conditions sp\u00e9cifiques au quai. La taille de l&rsquo;unit\u00e9 de d\u00e9fenses d\u00e9pend de l&rsquo;\u00e9nergie d&rsquo;accostage, qui est li\u00e9e au carr\u00e9 de la vitesse d&rsquo;accostage du navire.<\/p>\n","protected":false},"excerpt":{"rendered":"<p>Le 03 janvier 2015, MAVI DEN\u0130Z a fourni 5 d\u00e9fenses Yokohoma aux dimensions de 4 m x 2,5 m de [&hellip;]<\/p>\n","protected":false},"author":1,"featured_media":0,"parent":42559,"menu_order":0,"comment_status":"closed","ping_status":"closed","template":"","meta":{"site-sidebar-layout":"default","site-content-layout":"","ast-site-content-layout":"default","site-content-style":"default","site-sidebar-style":"default","ast-global-header-display":"","ast-banner-title-visibility":"","ast-main-header-display":"","ast-hfb-above-header-display":"","ast-hfb-below-header-display":"","ast-hfb-mobile-header-display":"","site-post-title":"","ast-breadcrumbs-content":"","ast-featured-img":"","footer-sml-layout":"","ast-disable-related-posts":"","theme-transparent-header-meta":"","adv-header-id-meta":"","stick-header-meta":"","header-above-stick-meta":"","header-main-stick-meta":"","header-below-stick-meta":"","astra-migrate-meta-layouts":"default","ast-page-background-enabled":"default","ast-page-background-meta":{"desktop":{"background-color":"var(--ast-global-color-5)","background-image":"","background-repeat":"repeat","background-position":"center center","background-size":"auto","background-attachment":"scroll","background-type":"","background-media":"","overlay-type":"","overlay-color":"","overlay-opacity":"","overlay-gradient":""},"tablet":{"background-color":"","background-image":"","background-repeat":"repeat","background-position":"center center","background-size":"auto","background-attachment":"scroll","background-type":"","background-media":"","overlay-type":"","overlay-color":"","overlay-opacity":"","overlay-gradient":""},"mobile":{"background-color":"","background-image":"","background-repeat":"repeat","background-position":"center center","background-size":"auto","background-attachment":"scroll","background-type":"","background-media":"","overlay-type":"","overlay-color":"","overlay-opacity":"","overlay-gradient":""}},"ast-content-background-meta":{"desktop":{"background-color":"var(--ast-global-color-4)","background-image":"","background-repeat":"repeat","background-position":"center center","background-size":"auto","background-attachment":"scroll","background-type":"","background-media":"","overlay-type":"","overlay-color":"","overlay-opacity":"","overlay-gradient":""},"tablet":{"background-color":"var(--ast-global-color-4)","background-image":"","background-repeat":"repeat","background-position":"center center","background-size":"auto","background-attachment":"scroll","background-type":"","background-media":"","overlay-type":"","overlay-color":"","overlay-opacity":"","overlay-gradient":""},"mobile":{"background-color":"var(--ast-global-color-4)","background-image":"","background-repeat":"repeat","background-position":"center center","background-size":"auto","background-attachment":"scroll","background-type":"","background-media":"","overlay-type":"","overlay-color":"","overlay-opacity":"","overlay-gradient":""}},"footnotes":""},"class_list":["post-53809","page","type-page","status-publish","hentry"],"_links":{"self":[{"href":"https:\/\/mavideniz.com.tr\/fr\/wp-json\/wp\/v2\/pages\/53809","targetHints":{"allow":["GET"]}}],"collection":[{"href":"https:\/\/mavideniz.com.tr\/fr\/wp-json\/wp\/v2\/pages"}],"about":[{"href":"https:\/\/mavideniz.com.tr\/fr\/wp-json\/wp\/v2\/types\/page"}],"author":[{"embeddable":true,"href":"https:\/\/mavideniz.com.tr\/fr\/wp-json\/wp\/v2\/users\/1"}],"replies":[{"embeddable":true,"href":"https:\/\/mavideniz.com.tr\/fr\/wp-json\/wp\/v2\/comments?post=53809"}],"version-history":[{"count":0,"href":"https:\/\/mavideniz.com.tr\/fr\/wp-json\/wp\/v2\/pages\/53809\/revisions"}],"up":[{"embeddable":true,"href":"https:\/\/mavideniz.com.tr\/fr\/wp-json\/wp\/v2\/pages\/42559"}],"wp:attachment":[{"href":"https:\/\/mavideniz.com.tr\/fr\/wp-json\/wp\/v2\/media?parent=53809"}],"curies":[{"name":"wp","href":"https:\/\/api.w.org\/{rel}","templated":true}]}}