{"id":53825,"date":"2023-04-23T19:19:30","date_gmt":"2023-04-23T19:19:30","guid":{"rendered":"https:\/\/mavideniz.com.tr\/?page_id=53825"},"modified":"2023-04-23T19:19:35","modified_gmt":"2023-04-23T19:19:35","slug":"livraison-de-rideau-de-limons-a-malte","status":"publish","type":"page","link":"https:\/\/mavideniz.com.tr\/fr\/actualites-evenements\/livraison-de-rideau-de-limons-a-malte\/","title":{"rendered":"LIVRAISON DE RIDEAU DE LIMONS \u00c0 MALTE"},"content":{"rendered":"<p>Le 20 avril 2021, Mavi Deniz signe un accord pour la fourniture de rideaux de vase de 120 m pour le Minist\u00e8re des Transports, des Infrastructures et des<img loading=\"lazy\" decoding=\"async\" class=\"size-full wp-image-26589 alignright\" src=\"https:\/\/mavideniz.com.tr\/wp-content\/uploads\/Media-Centre\/News-Events\/2021\/SILT-CURTAIN-DELIVER-MALTA-1.jpg\" alt=\"\" width=\"375\" height=\"250\" title=\"\"> Projets d&rsquo;Investissement de Malte. Les rideaux de turbidit\u00e9\/barri\u00e8res de turbidit\u00e9\/rideaux de limon de Mavi Deniz, ou barri\u00e8res de limon et barri\u00e8res de plantes aquatiques, sont explicitement con\u00e7us pour contenir et contr\u00f4ler la dispersion de la turbidit\u00e9 et du limon et des s\u00e9diments et des plantes aquatiques dans l&rsquo;eau ou \u00e0 proximit\u00e9 des activit\u00e9s de construction marine et par des op\u00e9rations de dragage. Nos sp\u00e9cialistes du contr\u00f4le de la turbidit\u00e9 vous aideront \u00e0 vous conformer \u00e0 toutes les r\u00e9glementations et exigences qui pourraient s&rsquo;appliquer \u00e0 votre projet.<\/p>\n<p><strong>Rideau De Fum\u00e9e<br \/>\n<\/strong><strong>Type III<br \/>\n<\/strong><strong>D\u00e9c\u00e8s en jupe : 2 m<br \/>\n<\/strong><strong>Section : 25 m<br \/>\n<\/strong><strong>Franc-bord : 300 mm<br \/>\n<\/strong><strong>Mat\u00e9riau : PVC \/ G\u00e9otextil<\/strong><\/p>\n","protected":false},"excerpt":{"rendered":"<p>Le 20 avril 2021, Mavi Deniz signe un accord pour la fourniture de rideaux de vase de 120 m pour [&hellip;]<\/p>\n","protected":false},"author":1,"featured_media":0,"parent":42559,"menu_order":0,"comment_status":"closed","ping_status":"closed","template":"","meta":{"site-sidebar-layout":"default","site-content-layout":"","ast-site-content-layout":"default","site-content-style":"default","site-sidebar-style":"default","ast-global-header-display":"","ast-banner-title-visibility":"","ast-main-header-display":"","ast-hfb-above-header-display":"","ast-hfb-below-header-display":"","ast-hfb-mobile-header-display":"","site-post-title":"","ast-breadcrumbs-content":"","ast-featured-img":"","footer-sml-layout":"","ast-disable-related-posts":"","theme-transparent-header-meta":"","adv-header-id-meta":"","stick-header-meta":"","header-above-stick-meta":"","header-main-stick-meta":"","header-below-stick-meta":"","astra-migrate-meta-layouts":"default","ast-page-background-enabled":"default","ast-page-background-meta":{"desktop":{"background-color":"var(--ast-global-color-5)","background-image":"","background-repeat":"repeat","background-position":"center center","background-size":"auto","background-attachment":"scroll","background-type":"","background-media":"","overlay-type":"","overlay-color":"","overlay-opacity":"","overlay-gradient":""},"tablet":{"background-color":"","background-image":"","background-repeat":"repeat","background-position":"center center","background-size":"auto","background-attachment":"scroll","background-type":"","background-media":"","overlay-type":"","overlay-color":"","overlay-opacity":"","overlay-gradient":""},"mobile":{"background-color":"","background-image":"","background-repeat":"repeat","background-position":"center center","background-size":"auto","background-attachment":"scroll","background-type":"","background-media":"","overlay-type":"","overlay-color":"","overlay-opacity":"","overlay-gradient":""}},"ast-content-background-meta":{"desktop":{"background-color":"var(--ast-global-color-4)","background-image":"","background-repeat":"repeat","background-position":"center center","background-size":"auto","background-attachment":"scroll","background-type":"","background-media":"","overlay-type":"","overlay-color":"","overlay-opacity":"","overlay-gradient":""},"tablet":{"background-color":"var(--ast-global-color-4)","background-image":"","background-repeat":"repeat","background-position":"center center","background-size":"auto","background-attachment":"scroll","background-type":"","background-media":"","overlay-type":"","overlay-color":"","overlay-opacity":"","overlay-gradient":""},"mobile":{"background-color":"var(--ast-global-color-4)","background-image":"","background-repeat":"repeat","background-position":"center center","background-size":"auto","background-attachment":"scroll","background-type":"","background-media":"","overlay-type":"","overlay-color":"","overlay-opacity":"","overlay-gradient":""}},"footnotes":""},"class_list":["post-53825","page","type-page","status-publish","hentry"],"_links":{"self":[{"href":"https:\/\/mavideniz.com.tr\/fr\/wp-json\/wp\/v2\/pages\/53825","targetHints":{"allow":["GET"]}}],"collection":[{"href":"https:\/\/mavideniz.com.tr\/fr\/wp-json\/wp\/v2\/pages"}],"about":[{"href":"https:\/\/mavideniz.com.tr\/fr\/wp-json\/wp\/v2\/types\/page"}],"author":[{"embeddable":true,"href":"https:\/\/mavideniz.com.tr\/fr\/wp-json\/wp\/v2\/users\/1"}],"replies":[{"embeddable":true,"href":"https:\/\/mavideniz.com.tr\/fr\/wp-json\/wp\/v2\/comments?post=53825"}],"version-history":[{"count":0,"href":"https:\/\/mavideniz.com.tr\/fr\/wp-json\/wp\/v2\/pages\/53825\/revisions"}],"up":[{"embeddable":true,"href":"https:\/\/mavideniz.com.tr\/fr\/wp-json\/wp\/v2\/pages\/42559"}],"wp:attachment":[{"href":"https:\/\/mavideniz.com.tr\/fr\/wp-json\/wp\/v2\/media?parent=53825"}],"curies":[{"name":"wp","href":"https:\/\/api.w.org\/{rel}","templated":true}]}}