{"id":53845,"date":"2023-04-23T19:35:03","date_gmt":"2023-04-23T19:35:03","guid":{"rendered":"https:\/\/mavideniz.com.tr\/?page_id=53845"},"modified":"2023-04-23T19:35:08","modified_gmt":"2023-04-23T19:35:08","slug":"socar-m_v-efe-yagiz-navires-petroliers-a-bord","status":"publish","type":"page","link":"https:\/\/mavideniz.com.tr\/fr\/actualites-evenements\/socar-m_v-efe-yagiz-navires-petroliers-a-bord\/","title":{"rendered":"SOCAR &#8211; M_V EFE YAGIZ NAVIRES P\u00c9TROLIERS \u00c0 BORD"},"content":{"rendered":"<p>Le 17 f\u00e9vrier 2017, Mavi Deniz fournit des \u00e9quipements d&rsquo;intervention en cas de d\u00e9versement d&rsquo;hydrocarbures de niveau 1, y compris des rampes d&rsquo;huile et des blocs d&rsquo;alimentation hydrauliques avec moulinet de fl\u00e8che au p\u00e9trolier Efe Ya\u011f\u0131z, qui est en cours d&rsquo;exploitation affr\u00e9tant la soci\u00e9t\u00e9 SOCAR<img loading=\"lazy\" decoding=\"async\" class=\"alignright wp-image-26316 size-full\" src=\"https:\/\/mavideniz.com.tr\/wp-content\/uploads\/Media-Centre\/News-Events\/2017\/Oil-TANKER-OIL-BOOM-2.jpg\" width=\"375\" height=\"250\" alt=\"\" title=\"\"> pour pr\u00e9venir les d\u00e9versements d&rsquo;hydrocarbures pendant les op\u00e9rations de soutage dans les terminaux.<\/p>\n<p>L.O.A. : 66,05 M<br \/>\nP.B.L. : 61,53 M<br \/>\nT.R.G. : 858 MT<br \/>\nNRT : 431 MT<br \/>\nPROFONDEUR DE MOULAGE : 4,8 M<br \/>\nLARGEUR MOUL\u00c9E : 9,6 M<br \/>\nTPL D&rsquo;\u00c9T\u00c9 : 1501 MT<br \/>\nD\u00c9PLACEMENT : 2163 MT<br \/>\nCOQUE : B.R. 100A5 M PRODUCT TANKER<br \/>\nCLASSE D&rsquo;IMMATRICULATION : LOYD TURC<br \/>\nPUISSANCE DU MOTEUR : 1000 BHP<br \/>\nTYPE DE NAVIRE : P\u00c9TROLIER<br \/>\nCAPACIT\u00c9 DE LA CUVE : 553,41 M3<\/p>\n","protected":false},"excerpt":{"rendered":"<p>Le 17 f\u00e9vrier 2017, Mavi Deniz fournit des \u00e9quipements d&rsquo;intervention en cas de d\u00e9versement d&rsquo;hydrocarbures de niveau 1, y compris [&hellip;]<\/p>\n","protected":false},"author":1,"featured_media":0,"parent":42559,"menu_order":0,"comment_status":"closed","ping_status":"closed","template":"","meta":{"site-sidebar-layout":"default","site-content-layout":"","ast-site-content-layout":"default","site-content-style":"default","site-sidebar-style":"default","ast-global-header-display":"","ast-banner-title-visibility":"","ast-main-header-display":"","ast-hfb-above-header-display":"","ast-hfb-below-header-display":"","ast-hfb-mobile-header-display":"","site-post-title":"","ast-breadcrumbs-content":"","ast-featured-img":"","footer-sml-layout":"","ast-disable-related-posts":"","theme-transparent-header-meta":"","adv-header-id-meta":"","stick-header-meta":"","header-above-stick-meta":"","header-main-stick-meta":"","header-below-stick-meta":"","astra-migrate-meta-layouts":"default","ast-page-background-enabled":"default","ast-page-background-meta":{"desktop":{"background-color":"var(--ast-global-color-5)","background-image":"","background-repeat":"repeat","background-position":"center center","background-size":"auto","background-attachment":"scroll","background-type":"","background-media":"","overlay-type":"","overlay-color":"","overlay-opacity":"","overlay-gradient":""},"tablet":{"background-color":"","background-image":"","background-repeat":"repeat","background-position":"center center","background-size":"auto","background-attachment":"scroll","background-type":"","background-media":"","overlay-type":"","overlay-color":"","overlay-opacity":"","overlay-gradient":""},"mobile":{"background-color":"","background-image":"","background-repeat":"repeat","background-position":"center center","background-size":"auto","background-attachment":"scroll","background-type":"","background-media":"","overlay-type":"","overlay-color":"","overlay-opacity":"","overlay-gradient":""}},"ast-content-background-meta":{"desktop":{"background-color":"var(--ast-global-color-4)","background-image":"","background-repeat":"repeat","background-position":"center center","background-size":"auto","background-attachment":"scroll","background-type":"","background-media":"","overlay-type":"","overlay-color":"","overlay-opacity":"","overlay-gradient":""},"tablet":{"background-color":"var(--ast-global-color-4)","background-image":"","background-repeat":"repeat","background-position":"center center","background-size":"auto","background-attachment":"scroll","background-type":"","background-media":"","overlay-type":"","overlay-color":"","overlay-opacity":"","overlay-gradient":""},"mobile":{"background-color":"var(--ast-global-color-4)","background-image":"","background-repeat":"repeat","background-position":"center center","background-size":"auto","background-attachment":"scroll","background-type":"","background-media":"","overlay-type":"","overlay-color":"","overlay-opacity":"","overlay-gradient":""}},"footnotes":""},"class_list":["post-53845","page","type-page","status-publish","hentry"],"_links":{"self":[{"href":"https:\/\/mavideniz.com.tr\/fr\/wp-json\/wp\/v2\/pages\/53845","targetHints":{"allow":["GET"]}}],"collection":[{"href":"https:\/\/mavideniz.com.tr\/fr\/wp-json\/wp\/v2\/pages"}],"about":[{"href":"https:\/\/mavideniz.com.tr\/fr\/wp-json\/wp\/v2\/types\/page"}],"author":[{"embeddable":true,"href":"https:\/\/mavideniz.com.tr\/fr\/wp-json\/wp\/v2\/users\/1"}],"replies":[{"embeddable":true,"href":"https:\/\/mavideniz.com.tr\/fr\/wp-json\/wp\/v2\/comments?post=53845"}],"version-history":[{"count":0,"href":"https:\/\/mavideniz.com.tr\/fr\/wp-json\/wp\/v2\/pages\/53845\/revisions"}],"up":[{"embeddable":true,"href":"https:\/\/mavideniz.com.tr\/fr\/wp-json\/wp\/v2\/pages\/42559"}],"wp:attachment":[{"href":"https:\/\/mavideniz.com.tr\/fr\/wp-json\/wp\/v2\/media?parent=53845"}],"curies":[{"name":"wp","href":"https:\/\/api.w.org\/{rel}","templated":true}]}}