{"id":53856,"date":"2023-04-23T19:39:36","date_gmt":"2023-04-23T19:39:36","guid":{"rendered":"https:\/\/mavideniz.com.tr\/?page_id=53856"},"modified":"2023-04-23T19:39:41","modified_gmt":"2023-04-23T19:39:41","slug":"espagne-650-m-de-fuites-dhydrocarbures-boom-permanent","status":"publish","type":"page","link":"https:\/\/mavideniz.com.tr\/fr\/actualites-evenements\/espagne-650-m-de-fuites-dhydrocarbures-boom-permanent\/","title":{"rendered":"ESPAGNE \u2013 650 M DE FUITES D&rsquo;HYDROCARBURES BOOM PERMANENT"},"content":{"rendered":"<p>MAVI DENIZ fournit le barrage p\u00e9trolier \u00e0 l&rsquo;Espagne aux navires de forage de Tenerife au port de Las Palmas avec 650 m de barrage permanent.<br \/>\nRampe de confinement permanente pour d\u00e9versements de d\u00e9bris et d&rsquo;huile \u00e0 usage intensif avec les sp\u00e9cifications suivantes :<\/p>\n<p>Hauteur totale : 20 pouces (500 mm)<br \/>\nFranc-bord : 6 pouces (150 mm)<br \/>\nTirant d&rsquo;eau : 14 pouces (350 mm)<img loading=\"lazy\" decoding=\"async\" class=\"alignright wp-image-25978 size-full\" src=\"https:\/\/mavideniz.com.tr\/wp-content\/uploads\/Media-Centre\/News-Events\/2018\/OIL-SPILL-PERMANENT-BOOM-2.jpg\" width=\"375\" height=\"250\" alt=\"\" title=\"\"><br \/>\nLongueur de la section : 82 pieds (25m)<br \/>\n\u00c9paisseur : 0,180 pouce (4,57 mm)<br \/>\nNombre de sections : 26<br \/>\nNombre de flotteurs par section : 50<br \/>\nCeinture : Goodyear 150 PVM. Ultime<br \/>\nr\u00e9sistance \u00e0 la traction, 262 N par mm ou 1 500 livres par mm<br \/>\npouce. r\u00e9sistance totale \u00e0 la traction de 30 000 livres (133 kN),<br \/>\nFlottabilit\u00e9 : chambres en poly\u00e9thyl\u00e8ne moul\u00e9 de 4,5 kg avec mousse \u00e0 cellules ferm\u00e9es approuv\u00e9e par la Garde c\u00f4ti\u00e8re.<br \/>\nCouleur du flotteur : Orange international\/Jaune<br \/>\nConnecteurs : Aluminium de qualit\u00e9 marine ASTM<\/p>\n","protected":false},"excerpt":{"rendered":"<p>MAVI DENIZ fournit le barrage p\u00e9trolier \u00e0 l&rsquo;Espagne aux navires de forage de Tenerife au port de Las Palmas avec [&hellip;]<\/p>\n","protected":false},"author":1,"featured_media":0,"parent":42559,"menu_order":0,"comment_status":"closed","ping_status":"closed","template":"","meta":{"site-sidebar-layout":"default","site-content-layout":"","ast-site-content-layout":"default","site-content-style":"default","site-sidebar-style":"default","ast-global-header-display":"","ast-banner-title-visibility":"","ast-main-header-display":"","ast-hfb-above-header-display":"","ast-hfb-below-header-display":"","ast-hfb-mobile-header-display":"","site-post-title":"","ast-breadcrumbs-content":"","ast-featured-img":"","footer-sml-layout":"","ast-disable-related-posts":"","theme-transparent-header-meta":"","adv-header-id-meta":"","stick-header-meta":"","header-above-stick-meta":"","header-main-stick-meta":"","header-below-stick-meta":"","astra-migrate-meta-layouts":"default","ast-page-background-enabled":"default","ast-page-background-meta":{"desktop":{"background-color":"var(--ast-global-color-5)","background-image":"","background-repeat":"repeat","background-position":"center center","background-size":"auto","background-attachment":"scroll","background-type":"","background-media":"","overlay-type":"","overlay-color":"","overlay-opacity":"","overlay-gradient":""},"tablet":{"background-color":"","background-image":"","background-repeat":"repeat","background-position":"center center","background-size":"auto","background-attachment":"scroll","background-type":"","background-media":"","overlay-type":"","overlay-color":"","overlay-opacity":"","overlay-gradient":""},"mobile":{"background-color":"","background-image":"","background-repeat":"repeat","background-position":"center center","background-size":"auto","background-attachment":"scroll","background-type":"","background-media":"","overlay-type":"","overlay-color":"","overlay-opacity":"","overlay-gradient":""}},"ast-content-background-meta":{"desktop":{"background-color":"var(--ast-global-color-4)","background-image":"","background-repeat":"repeat","background-position":"center center","background-size":"auto","background-attachment":"scroll","background-type":"","background-media":"","overlay-type":"","overlay-color":"","overlay-opacity":"","overlay-gradient":""},"tablet":{"background-color":"var(--ast-global-color-4)","background-image":"","background-repeat":"repeat","background-position":"center center","background-size":"auto","background-attachment":"scroll","background-type":"","background-media":"","overlay-type":"","overlay-color":"","overlay-opacity":"","overlay-gradient":""},"mobile":{"background-color":"var(--ast-global-color-4)","background-image":"","background-repeat":"repeat","background-position":"center center","background-size":"auto","background-attachment":"scroll","background-type":"","background-media":"","overlay-type":"","overlay-color":"","overlay-opacity":"","overlay-gradient":""}},"footnotes":""},"class_list":["post-53856","page","type-page","status-publish","hentry"],"_links":{"self":[{"href":"https:\/\/mavideniz.com.tr\/fr\/wp-json\/wp\/v2\/pages\/53856","targetHints":{"allow":["GET"]}}],"collection":[{"href":"https:\/\/mavideniz.com.tr\/fr\/wp-json\/wp\/v2\/pages"}],"about":[{"href":"https:\/\/mavideniz.com.tr\/fr\/wp-json\/wp\/v2\/types\/page"}],"author":[{"embeddable":true,"href":"https:\/\/mavideniz.com.tr\/fr\/wp-json\/wp\/v2\/users\/1"}],"replies":[{"embeddable":true,"href":"https:\/\/mavideniz.com.tr\/fr\/wp-json\/wp\/v2\/comments?post=53856"}],"version-history":[{"count":0,"href":"https:\/\/mavideniz.com.tr\/fr\/wp-json\/wp\/v2\/pages\/53856\/revisions"}],"up":[{"embeddable":true,"href":"https:\/\/mavideniz.com.tr\/fr\/wp-json\/wp\/v2\/pages\/42559"}],"wp:attachment":[{"href":"https:\/\/mavideniz.com.tr\/fr\/wp-json\/wp\/v2\/media?parent=53856"}],"curies":[{"name":"wp","href":"https:\/\/api.w.org\/{rel}","templated":true}]}}