{"id":53865,"date":"2017-04-19T19:40:00","date_gmt":"2017-04-19T19:40:00","guid":{"rendered":"https:\/\/mavideniz.com.tr\/?page_id=53865"},"modified":"2024-04-22T22:43:48","modified_gmt":"2024-04-22T22:43:48","slug":"services-dintervention-en-cas-de-deversement-dhydrocarbures-de-niveau-1-a-via-port-marina","status":"publish","type":"page","link":"https:\/\/mavideniz.com.tr\/fr\/services-mavi-deniz\/intervention-7-24-en-cas-de-deversement-dhydrocarbures\/operations-gestion-de-la-lutte-contre-les-deversements-dhydrocarbures\/services-dintervention-en-cas-de-deversement-dhydrocarbures-de-niveau-1-a-via-port-marina\/","title":{"rendered":"SERVICES D&rsquo;INTERVENTION EN CAS DE D\u00c9VERSEMENT D&rsquo;HYDROCARBURES DE NIVEAU 1 \u00c0 VIA PORT MARINA"},"content":{"rendered":"<p>Le 19 avril 2017, une mar\u00e9e noire s&rsquo;est produite dans la baie de Tuzla \u00e0 la marina de Viaport. Mavi Deniz fournit des services d&rsquo;intervention en cas de<img loading=\"lazy\" decoding=\"async\" class=\"size-full wp-image-26282 alignright\" src=\"https:\/\/mavideniz.com.tr\/wp-content\/uploads\/Media-Centre\/News-Events\/2017\/MARINA-Oil-Spill-Response-2.jpg\" alt=\"\" width=\"375\" height=\"250\" title=\"\"> d\u00e9versement d&rsquo;hydrocarbures de niveau 1 avec notre personnel d&rsquo;intervention environnementale hautement exp\u00e9riment\u00e9.<br \/>\nMavi Deniz a de l&rsquo;exp\u00e9rience dans la prestation de services d&rsquo;intervention en cas de d\u00e9versement d&rsquo;hydrocarbures \u00e0 l&rsquo;ensemble des incidents li\u00e9s aux d\u00e9versements qui menacent l&rsquo;environnement.<br \/>\nNotre personnel d&rsquo;intervention en cas de d\u00e9versement d&rsquo;hydrocarbures hautement qualifi\u00e9 traite plus de 500 incidents couvrant des installations industrielles, c\u00f4ti\u00e8res et offshore.<\/p>\n","protected":false},"excerpt":{"rendered":"<p>Le 19 avril 2017, une mar\u00e9e noire s&rsquo;est produite dans la baie de Tuzla \u00e0 la marina de Viaport. Mavi [&hellip;]<\/p>\n","protected":false},"author":1,"featured_media":0,"parent":42477,"menu_order":0,"comment_status":"closed","ping_status":"closed","template":"","meta":{"site-sidebar-layout":"default","site-content-layout":"","ast-site-content-layout":"default","site-content-style":"default","site-sidebar-style":"default","ast-global-header-display":"","ast-banner-title-visibility":"","ast-main-header-display":"","ast-hfb-above-header-display":"","ast-hfb-below-header-display":"","ast-hfb-mobile-header-display":"","site-post-title":"","ast-breadcrumbs-content":"","ast-featured-img":"","footer-sml-layout":"","ast-disable-related-posts":"","theme-transparent-header-meta":"","adv-header-id-meta":"","stick-header-meta":"","header-above-stick-meta":"","header-main-stick-meta":"","header-below-stick-meta":"","astra-migrate-meta-layouts":"default","ast-page-background-enabled":"default","ast-page-background-meta":{"desktop":{"background-color":"var(--ast-global-color-5)","background-image":"","background-repeat":"repeat","background-position":"center center","background-size":"auto","background-attachment":"scroll","background-type":"","background-media":"","overlay-type":"","overlay-color":"","overlay-opacity":"","overlay-gradient":""},"tablet":{"background-color":"","background-image":"","background-repeat":"repeat","background-position":"center center","background-size":"auto","background-attachment":"scroll","background-type":"","background-media":"","overlay-type":"","overlay-color":"","overlay-opacity":"","overlay-gradient":""},"mobile":{"background-color":"","background-image":"","background-repeat":"repeat","background-position":"center center","background-size":"auto","background-attachment":"scroll","background-type":"","background-media":"","overlay-type":"","overlay-color":"","overlay-opacity":"","overlay-gradient":""}},"ast-content-background-meta":{"desktop":{"background-color":"var(--ast-global-color-4)","background-image":"","background-repeat":"repeat","background-position":"center center","background-size":"auto","background-attachment":"scroll","background-type":"","background-media":"","overlay-type":"","overlay-color":"","overlay-opacity":"","overlay-gradient":""},"tablet":{"background-color":"var(--ast-global-color-4)","background-image":"","background-repeat":"repeat","background-position":"center center","background-size":"auto","background-attachment":"scroll","background-type":"","background-media":"","overlay-type":"","overlay-color":"","overlay-opacity":"","overlay-gradient":""},"mobile":{"background-color":"var(--ast-global-color-4)","background-image":"","background-repeat":"repeat","background-position":"center center","background-size":"auto","background-attachment":"scroll","background-type":"","background-media":"","overlay-type":"","overlay-color":"","overlay-opacity":"","overlay-gradient":""}},"footnotes":""},"class_list":["post-53865","page","type-page","status-publish","hentry"],"_links":{"self":[{"href":"https:\/\/mavideniz.com.tr\/fr\/wp-json\/wp\/v2\/pages\/53865","targetHints":{"allow":["GET"]}}],"collection":[{"href":"https:\/\/mavideniz.com.tr\/fr\/wp-json\/wp\/v2\/pages"}],"about":[{"href":"https:\/\/mavideniz.com.tr\/fr\/wp-json\/wp\/v2\/types\/page"}],"author":[{"embeddable":true,"href":"https:\/\/mavideniz.com.tr\/fr\/wp-json\/wp\/v2\/users\/1"}],"replies":[{"embeddable":true,"href":"https:\/\/mavideniz.com.tr\/fr\/wp-json\/wp\/v2\/comments?post=53865"}],"version-history":[{"count":0,"href":"https:\/\/mavideniz.com.tr\/fr\/wp-json\/wp\/v2\/pages\/53865\/revisions"}],"up":[{"embeddable":true,"href":"https:\/\/mavideniz.com.tr\/fr\/wp-json\/wp\/v2\/pages\/42477"}],"wp:attachment":[{"href":"https:\/\/mavideniz.com.tr\/fr\/wp-json\/wp\/v2\/media?parent=53865"}],"curies":[{"name":"wp","href":"https:\/\/api.w.org\/{rel}","templated":true}]}}