{"id":53881,"date":"2023-04-23T19:44:07","date_gmt":"2023-04-23T19:44:07","guid":{"rendered":"https:\/\/mavideniz.com.tr\/?page_id=53881"},"modified":"2023-04-23T19:44:11","modified_gmt":"2023-04-23T19:44:11","slug":"services-dintervention-en-cas-de-deversement-dhydrocarbures-de-niveau-3-a-loffshore","status":"publish","type":"page","link":"https:\/\/mavideniz.com.tr\/fr\/actualites-evenements\/services-dintervention-en-cas-de-deversement-dhydrocarbures-de-niveau-3-a-loffshore\/","title":{"rendered":"SERVICES D&rsquo;INTERVENTION EN CAS DE D\u00c9VERSEMENT D&rsquo;HYDROCARBURES DE NIVEAU 3 \u00c0 L&rsquo;OFFSHORE"},"content":{"rendered":"<p>MAVI DENIZ signe un accord avec Pakistan Offshore Oil Company pour des services d&rsquo;intervention en cas de d\u00e9versement de p\u00e9trole de niveau 3 et le d\u00e9ploiement de barrages d&rsquo;extraction, d&rsquo;\u00e9purateurs de p\u00e9trole, d&rsquo;absorbeurs, de r\u00e9servoirs de stockage et de navires pour pr\u00e9venir les d\u00e9versements de p\u00e9trole pendant les services SPM (Single Point Mooring) dans la zone offshore \u00e0 environ 10,2 KM \u00e0 l&rsquo;ouest de \u00ab Khalifa Point \u00bb au Hub Baluchistan dans la r\u00e9gion du Pakistan. La bou\u00e9e est positionn\u00e9e \u00e0 l&rsquo;aide de six ancres, d&rsquo;un syst\u00e8me de cha\u00eenes et d&rsquo;ancillaires \u00e0 une profondeur moyenne de 25 m\u00e8tres.<\/p>\n<p><img loading=\"lazy\" decoding=\"async\" class=\"alignleft wp-image-26348 size-full\" src=\"https:\/\/mavideniz.com.tr\/wp-content\/uploads\/Media-Centre\/News-Events\/2016\/TIER-3-OIL-SPILL-RESPONSE-SERVICES-AT-OFFSHORE-1.jpg\" width=\"375\" height=\"250\" alt=\"\" title=\"\">Un pipeline sous-marin, un collecteur d&rsquo;extr\u00e9mit\u00e9 de pipeline (PLEM), des tuyaux sous-marins et des tuyaux flottants, qui font partie int\u00e9grante du terminal, transf\u00e8rent le p\u00e9trole brut entre le p\u00e9trolier et les r\u00e9servoirs \u00e0 terre. Le SPM a \u00e9t\u00e9 con\u00e7u pour accueillir des navires jusqu&rsquo;\u00e0 100 000 DWT, ayant des crit\u00e8res d&rsquo;accostage \u00e0 une hauteur de vague significative de 3,0 m\u00e8tres et une vitesse de vent de 30 noeuds.<\/p>\n<p>En cas d&rsquo;incident, Mavi Deniz Group mobilisera imm\u00e9diatement des gestionnaires d&rsquo;incidents form\u00e9s et exp\u00e9riment\u00e9s, du personnel scientifique technique et sp\u00e9cialis\u00e9 et de l&rsquo;\u00e9quipement pr\u00eat \u00e0 intervenir dans nos installations d&rsquo;intervention d&rsquo;urgence mondiales.<\/p>\n<p>Mavi Deniz Group peut fournir une gamme compl\u00e8te de services, y compris l&rsquo;\u00e9valuation et la consultation des incidents, la gestion des d\u00e9versements, le support technique, la logistique d&rsquo;intervention, la planification et l&rsquo;administration,<\/p>\n<p>d\u00e9ploiement\/exploitation des \u00e9quipements et gestion des d\u00e9chets.<\/p>\n<p><strong>Fournir une r\u00e9ponse d&rsquo;urgence mondiale au p\u00e9trole et aux SNPD dans tous les incidents :<\/strong><\/p>\n<ul>\n<li>Intervention et r\u00e9cup\u00e9ration de niveau 1, 2 et 3 pour les d\u00e9versements sur terre, pr\u00e8s des c\u00f4tes et en mer<\/li>\n<li>R\u00e9ponse dans tous les environnements, de l&rsquo;Arctique \u00e0 la jungle amazonienne<\/li>\n<li>Applications technologiques alternatives, y compris la combustion de dispersants et in situ<\/li>\n<li>Pompage de soutes et de cargaisons \u00e0 partir d&rsquo;un navire coul\u00e9\/handicap\u00e9<\/li>\n<li>Transfert de navire \u00e0 navire ou de navire \u00e0 terre<\/li>\n<li>D\u00e9chargement d&rsquo;hydrocarbures et de cargaisons de navires coul\u00e9s ou \u00e9chou\u00e9s<\/li>\n<li>Remise en \u00e9tat et manutention des cargaisons contamin\u00e9es ou en d\u00e9tresse<\/li>\n<li>Support de r\u00e9cup\u00e9ration\/enl\u00e8vement d&rsquo;\u00e9paves<\/li>\n<li>Gestion des d\u00e9chets\/r\u00e9sidus huileux et chimiques<\/li>\n<li>Contrats de service de couverture de route\/fret<\/li>\n<li>Services d&rsquo;appui d&rsquo;urgence<\/li>\n<li>R\u00e9ponse aux substances nocives et potentiellement dangereuses (SNPD)<\/li>\n<\/ul>\n","protected":false},"excerpt":{"rendered":"<p>MAVI DENIZ signe un accord avec Pakistan Offshore Oil Company pour des services d&rsquo;intervention en cas de d\u00e9versement de p\u00e9trole [&hellip;]<\/p>\n","protected":false},"author":1,"featured_media":0,"parent":42559,"menu_order":0,"comment_status":"closed","ping_status":"closed","template":"","meta":{"site-sidebar-layout":"default","site-content-layout":"","ast-site-content-layout":"default","site-content-style":"default","site-sidebar-style":"default","ast-global-header-display":"","ast-banner-title-visibility":"","ast-main-header-display":"","ast-hfb-above-header-display":"","ast-hfb-below-header-display":"","ast-hfb-mobile-header-display":"","site-post-title":"","ast-breadcrumbs-content":"","ast-featured-img":"","footer-sml-layout":"","ast-disable-related-posts":"","theme-transparent-header-meta":"","adv-header-id-meta":"","stick-header-meta":"","header-above-stick-meta":"","header-main-stick-meta":"","header-below-stick-meta":"","astra-migrate-meta-layouts":"default","ast-page-background-enabled":"default","ast-page-background-meta":{"desktop":{"background-color":"var(--ast-global-color-5)","background-image":"","background-repeat":"repeat","background-position":"center center","background-size":"auto","background-attachment":"scroll","background-type":"","background-media":"","overlay-type":"","overlay-color":"","overlay-opacity":"","overlay-gradient":""},"tablet":{"background-color":"","background-image":"","background-repeat":"repeat","background-position":"center center","background-size":"auto","background-attachment":"scroll","background-type":"","background-media":"","overlay-type":"","overlay-color":"","overlay-opacity":"","overlay-gradient":""},"mobile":{"background-color":"","background-image":"","background-repeat":"repeat","background-position":"center center","background-size":"auto","background-attachment":"scroll","background-type":"","background-media":"","overlay-type":"","overlay-color":"","overlay-opacity":"","overlay-gradient":""}},"ast-content-background-meta":{"desktop":{"background-color":"var(--ast-global-color-4)","background-image":"","background-repeat":"repeat","background-position":"center center","background-size":"auto","background-attachment":"scroll","background-type":"","background-media":"","overlay-type":"","overlay-color":"","overlay-opacity":"","overlay-gradient":""},"tablet":{"background-color":"var(--ast-global-color-4)","background-image":"","background-repeat":"repeat","background-position":"center center","background-size":"auto","background-attachment":"scroll","background-type":"","background-media":"","overlay-type":"","overlay-color":"","overlay-opacity":"","overlay-gradient":""},"mobile":{"background-color":"var(--ast-global-color-4)","background-image":"","background-repeat":"repeat","background-position":"center center","background-size":"auto","background-attachment":"scroll","background-type":"","background-media":"","overlay-type":"","overlay-color":"","overlay-opacity":"","overlay-gradient":""}},"footnotes":""},"class_list":["post-53881","page","type-page","status-publish","hentry"],"_links":{"self":[{"href":"https:\/\/mavideniz.com.tr\/fr\/wp-json\/wp\/v2\/pages\/53881","targetHints":{"allow":["GET"]}}],"collection":[{"href":"https:\/\/mavideniz.com.tr\/fr\/wp-json\/wp\/v2\/pages"}],"about":[{"href":"https:\/\/mavideniz.com.tr\/fr\/wp-json\/wp\/v2\/types\/page"}],"author":[{"embeddable":true,"href":"https:\/\/mavideniz.com.tr\/fr\/wp-json\/wp\/v2\/users\/1"}],"replies":[{"embeddable":true,"href":"https:\/\/mavideniz.com.tr\/fr\/wp-json\/wp\/v2\/comments?post=53881"}],"version-history":[{"count":0,"href":"https:\/\/mavideniz.com.tr\/fr\/wp-json\/wp\/v2\/pages\/53881\/revisions"}],"up":[{"embeddable":true,"href":"https:\/\/mavideniz.com.tr\/fr\/wp-json\/wp\/v2\/pages\/42559"}],"wp:attachment":[{"href":"https:\/\/mavideniz.com.tr\/fr\/wp-json\/wp\/v2\/media?parent=53881"}],"curies":[{"name":"wp","href":"https:\/\/api.w.org\/{rel}","templated":true}]}}