{"id":53889,"date":"2023-04-23T19:46:59","date_gmt":"2023-04-23T19:46:59","guid":{"rendered":"https:\/\/mavideniz.com.tr\/?page_id=53889"},"modified":"2023-04-23T19:47:04","modified_gmt":"2023-04-23T19:47:04","slug":"systeme-de-vide-monte-sur-remorque-livre-a-la-raffinerie-omv-au-pakistan","status":"publish","type":"page","link":"https:\/\/mavideniz.com.tr\/fr\/actualites-evenements\/systeme-de-vide-monte-sur-remorque-livre-a-la-raffinerie-omv-au-pakistan\/","title":{"rendered":"SYST\u00c8ME DE VIDE MONT\u00c9 SUR REMORQUE LIVR\u00c9 \u00c0 LA RAFFINERIE OMV AU PAKISTAN"},"content":{"rendered":"<p>Le 21 ao\u00fbt 2017, Mavi Deniz a sign\u00e9 un contrat avec Omv Maurice Energy Limited pour la fourniture d&rsquo;un r\u00e9servoir sous vide de 25 ch \u00e0 moteur diesel mont\u00e9 sur remorque pour le transport d&rsquo;extraction de condensat et l&rsquo;\u00e9limination des huiles et liquides r\u00e9cup\u00e9r\u00e9s.<\/p>\n<p>Mavi Deniz est l&rsquo;un des principaux fournisseurs d&rsquo;expertise et de services d&rsquo;assistance en cas de d\u00e9versement en Turquie.<img loading=\"lazy\" decoding=\"async\" class=\"size-full wp-image-25917 alignright\" src=\"https:\/\/mavideniz.com.tr\/wp-content\/uploads\/Media-Centre\/News-Events\/2018\/TRAILER-MOUNTED-VACUUM-SYSTEM-2.jpg\" alt=\"\" width=\"375\" height=\"250\" title=\"\"><\/p>\n<p>Mavi Deniz est l&rsquo;une des rares entreprises \u00e0 fournir une gamme compl\u00e8te de services de lutte contre la pollution int\u00e9rieure \u00e0 tous les types d&rsquo;industrie dans toute la Turquie. Cela permet \u00e0 nos clients de b\u00e9n\u00e9ficier d&rsquo;une connaissance pr\u00e9cieuse et approfondie du climat commercial et r\u00e9glementaire de nos clients.<\/p>\n<p>Nous sommes \u00e9galement l&rsquo;un des fournisseurs les plus soucieux de la s\u00e9curit\u00e9 en mati\u00e8re d&rsquo;intervention en cas de d\u00e9versement.<\/p>\n","protected":false},"excerpt":{"rendered":"<p>Le 21 ao\u00fbt 2017, Mavi Deniz a sign\u00e9 un contrat avec Omv Maurice Energy Limited pour la fourniture d&rsquo;un r\u00e9servoir [&hellip;]<\/p>\n","protected":false},"author":1,"featured_media":0,"parent":42559,"menu_order":0,"comment_status":"closed","ping_status":"closed","template":"","meta":{"site-sidebar-layout":"default","site-content-layout":"","ast-site-content-layout":"default","site-content-style":"default","site-sidebar-style":"default","ast-global-header-display":"","ast-banner-title-visibility":"","ast-main-header-display":"","ast-hfb-above-header-display":"","ast-hfb-below-header-display":"","ast-hfb-mobile-header-display":"","site-post-title":"","ast-breadcrumbs-content":"","ast-featured-img":"","footer-sml-layout":"","ast-disable-related-posts":"","theme-transparent-header-meta":"","adv-header-id-meta":"","stick-header-meta":"","header-above-stick-meta":"","header-main-stick-meta":"","header-below-stick-meta":"","astra-migrate-meta-layouts":"default","ast-page-background-enabled":"default","ast-page-background-meta":{"desktop":{"background-color":"var(--ast-global-color-5)","background-image":"","background-repeat":"repeat","background-position":"center center","background-size":"auto","background-attachment":"scroll","background-type":"","background-media":"","overlay-type":"","overlay-color":"","overlay-opacity":"","overlay-gradient":""},"tablet":{"background-color":"","background-image":"","background-repeat":"repeat","background-position":"center center","background-size":"auto","background-attachment":"scroll","background-type":"","background-media":"","overlay-type":"","overlay-color":"","overlay-opacity":"","overlay-gradient":""},"mobile":{"background-color":"","background-image":"","background-repeat":"repeat","background-position":"center center","background-size":"auto","background-attachment":"scroll","background-type":"","background-media":"","overlay-type":"","overlay-color":"","overlay-opacity":"","overlay-gradient":""}},"ast-content-background-meta":{"desktop":{"background-color":"var(--ast-global-color-4)","background-image":"","background-repeat":"repeat","background-position":"center center","background-size":"auto","background-attachment":"scroll","background-type":"","background-media":"","overlay-type":"","overlay-color":"","overlay-opacity":"","overlay-gradient":""},"tablet":{"background-color":"var(--ast-global-color-4)","background-image":"","background-repeat":"repeat","background-position":"center center","background-size":"auto","background-attachment":"scroll","background-type":"","background-media":"","overlay-type":"","overlay-color":"","overlay-opacity":"","overlay-gradient":""},"mobile":{"background-color":"var(--ast-global-color-4)","background-image":"","background-repeat":"repeat","background-position":"center center","background-size":"auto","background-attachment":"scroll","background-type":"","background-media":"","overlay-type":"","overlay-color":"","overlay-opacity":"","overlay-gradient":""}},"footnotes":""},"class_list":["post-53889","page","type-page","status-publish","hentry"],"_links":{"self":[{"href":"https:\/\/mavideniz.com.tr\/fr\/wp-json\/wp\/v2\/pages\/53889","targetHints":{"allow":["GET"]}}],"collection":[{"href":"https:\/\/mavideniz.com.tr\/fr\/wp-json\/wp\/v2\/pages"}],"about":[{"href":"https:\/\/mavideniz.com.tr\/fr\/wp-json\/wp\/v2\/types\/page"}],"author":[{"embeddable":true,"href":"https:\/\/mavideniz.com.tr\/fr\/wp-json\/wp\/v2\/users\/1"}],"replies":[{"embeddable":true,"href":"https:\/\/mavideniz.com.tr\/fr\/wp-json\/wp\/v2\/comments?post=53889"}],"version-history":[{"count":0,"href":"https:\/\/mavideniz.com.tr\/fr\/wp-json\/wp\/v2\/pages\/53889\/revisions"}],"up":[{"embeddable":true,"href":"https:\/\/mavideniz.com.tr\/fr\/wp-json\/wp\/v2\/pages\/42559"}],"wp:attachment":[{"href":"https:\/\/mavideniz.com.tr\/fr\/wp-json\/wp\/v2\/media?parent=53889"}],"curies":[{"name":"wp","href":"https:\/\/api.w.org\/{rel}","templated":true}]}}