{"id":53897,"date":"2023-04-23T19:49:22","date_gmt":"2023-04-23T19:49:22","guid":{"rendered":"https:\/\/mavideniz.com.tr\/?page_id=53897"},"modified":"2023-04-23T19:49:26","modified_gmt":"2023-04-23T19:49:26","slug":"barriere-a-dechets-au-barrage-douzbekistan","status":"publish","type":"page","link":"https:\/\/mavideniz.com.tr\/fr\/actualites-evenements\/barriere-a-dechets-au-barrage-douzbekistan\/","title":{"rendered":"BARRI\u00c8RE \u00c0 D\u00c9CHETS AU BARRAGE D&rsquo;OUZB\u00c9KISTAN"},"content":{"rendered":"<p>Le 27 mars 2019, Mavi Deniz a \u00e9t\u00e9 engag\u00e9 et lanc\u00e9 pour fournir l&rsquo;ing\u00e9nierie de la barri\u00e8re de d\u00e9chets en PEHD selon les exigences des clients.<img loading=\"lazy\" decoding=\"async\" class=\"alignright wp-image-25869 size-full\" src=\"https:\/\/mavideniz.com.tr\/wp-content\/uploads\/Media-Centre\/News-Events\/2019\/TRASH-BARRIER-DAM-2.jpg\" width=\"375\" height=\"250\" alt=\"\" title=\"\"><\/p>\n<p>Mavi Deniz est le leader mondial en mati\u00e8re de contr\u00f4le des d\u00e9bris flottants. Nous offrons de multiples styles de syst\u00e8mes de barri\u00e8res de billes et de d\u00e9bris utilis\u00e9s pour contr\u00f4ler les d\u00e9chets flottants, les plantes aquatiques envahissantes telles que le myriophylle et la jacinthe, les ordures flottantes, les arbres, les feuilles, les b\u00e2tons et autres d\u00e9bris flottants.<\/p>\n<p><strong>Caract\u00e9ristiques<\/strong><\/p>\n<p>Stopper les d\u00e9chets solides flottants et les macro-polluants semi-submerg\u00e9s (plastique, plantes, canettes, bois, algues, algues, etc.)<\/p>\n","protected":false},"excerpt":{"rendered":"<p>Le 27 mars 2019, Mavi Deniz a \u00e9t\u00e9 engag\u00e9 et lanc\u00e9 pour fournir l&rsquo;ing\u00e9nierie de la barri\u00e8re de d\u00e9chets en [&hellip;]<\/p>\n","protected":false},"author":1,"featured_media":0,"parent":42559,"menu_order":0,"comment_status":"closed","ping_status":"closed","template":"","meta":{"site-sidebar-layout":"default","site-content-layout":"","ast-site-content-layout":"default","site-content-style":"default","site-sidebar-style":"default","ast-global-header-display":"","ast-banner-title-visibility":"","ast-main-header-display":"","ast-hfb-above-header-display":"","ast-hfb-below-header-display":"","ast-hfb-mobile-header-display":"","site-post-title":"","ast-breadcrumbs-content":"","ast-featured-img":"","footer-sml-layout":"","ast-disable-related-posts":"","theme-transparent-header-meta":"","adv-header-id-meta":"","stick-header-meta":"","header-above-stick-meta":"","header-main-stick-meta":"","header-below-stick-meta":"","astra-migrate-meta-layouts":"default","ast-page-background-enabled":"default","ast-page-background-meta":{"desktop":{"background-color":"var(--ast-global-color-5)","background-image":"","background-repeat":"repeat","background-position":"center center","background-size":"auto","background-attachment":"scroll","background-type":"","background-media":"","overlay-type":"","overlay-color":"","overlay-opacity":"","overlay-gradient":""},"tablet":{"background-color":"","background-image":"","background-repeat":"repeat","background-position":"center center","background-size":"auto","background-attachment":"scroll","background-type":"","background-media":"","overlay-type":"","overlay-color":"","overlay-opacity":"","overlay-gradient":""},"mobile":{"background-color":"","background-image":"","background-repeat":"repeat","background-position":"center center","background-size":"auto","background-attachment":"scroll","background-type":"","background-media":"","overlay-type":"","overlay-color":"","overlay-opacity":"","overlay-gradient":""}},"ast-content-background-meta":{"desktop":{"background-color":"var(--ast-global-color-4)","background-image":"","background-repeat":"repeat","background-position":"center center","background-size":"auto","background-attachment":"scroll","background-type":"","background-media":"","overlay-type":"","overlay-color":"","overlay-opacity":"","overlay-gradient":""},"tablet":{"background-color":"var(--ast-global-color-4)","background-image":"","background-repeat":"repeat","background-position":"center center","background-size":"auto","background-attachment":"scroll","background-type":"","background-media":"","overlay-type":"","overlay-color":"","overlay-opacity":"","overlay-gradient":""},"mobile":{"background-color":"var(--ast-global-color-4)","background-image":"","background-repeat":"repeat","background-position":"center center","background-size":"auto","background-attachment":"scroll","background-type":"","background-media":"","overlay-type":"","overlay-color":"","overlay-opacity":"","overlay-gradient":""}},"footnotes":""},"class_list":["post-53897","page","type-page","status-publish","hentry"],"_links":{"self":[{"href":"https:\/\/mavideniz.com.tr\/fr\/wp-json\/wp\/v2\/pages\/53897","targetHints":{"allow":["GET"]}}],"collection":[{"href":"https:\/\/mavideniz.com.tr\/fr\/wp-json\/wp\/v2\/pages"}],"about":[{"href":"https:\/\/mavideniz.com.tr\/fr\/wp-json\/wp\/v2\/types\/page"}],"author":[{"embeddable":true,"href":"https:\/\/mavideniz.com.tr\/fr\/wp-json\/wp\/v2\/users\/1"}],"replies":[{"embeddable":true,"href":"https:\/\/mavideniz.com.tr\/fr\/wp-json\/wp\/v2\/comments?post=53897"}],"version-history":[{"count":0,"href":"https:\/\/mavideniz.com.tr\/fr\/wp-json\/wp\/v2\/pages\/53897\/revisions"}],"up":[{"embeddable":true,"href":"https:\/\/mavideniz.com.tr\/fr\/wp-json\/wp\/v2\/pages\/42559"}],"wp:attachment":[{"href":"https:\/\/mavideniz.com.tr\/fr\/wp-json\/wp\/v2\/media?parent=53897"}],"curies":[{"name":"wp","href":"https:\/\/api.w.org\/{rel}","templated":true}]}}