{"id":75751,"date":"2024-09-19T18:01:00","date_gmt":"2024-09-19T18:01:00","guid":{"rendered":"https:\/\/mavideniz.com.tr\/?page_id=75751"},"modified":"2025-10-05T00:07:44","modified_gmt":"2025-10-05T00:07:44","slug":"maree-noire-sur-le-chantier-naval-dunye","status":"publish","type":"page","link":"https:\/\/mavideniz.com.tr\/fr\/services-mavi-deniz\/intervention-7-24-en-cas-de-deversement-dhydrocarbures\/operations-gestion-de-la-lutte-contre-les-deversements-dhydrocarbures\/maree-noire-sur-le-chantier-naval-dunye\/","title":{"rendered":"Op\u00e9ration de lutte contre la mar\u00e9e noire au chantier naval d&rsquo;Unye"},"content":{"rendered":"<p>Apr\u00e8s que notre chantier naval sous contrat \u00dcnye a appel\u00e9 notre entreprise le 19.09.2024 et a signal\u00e9 la pollution, nos agents d&rsquo;intervention d&rsquo;urgence de la r\u00e9gion de la mer Noire, notre ing\u00e9nieur et 7 membres du personnel d&rsquo;intervention d&rsquo;urgence ont rapidement atteint la zone pollu\u00e9e et ont commenc\u00e9 l&rsquo;op\u00e9ration de nettoyage de la pollution. Le d\u00e9riv\u00e9 p\u00e9trolier qui se r\u00e9pandait a \u00e9t\u00e9 pi\u00e9g\u00e9 \u00e0 l\u2019aide d\u2019une barri\u00e8re absorbante d\u2019huile, emp\u00eachant la propagation de la pollution. La pollution p\u00e9troli\u00e8re s&rsquo;est m\u00e9lang\u00e9e au canal des eaux pluviales provenant de la zone du chantier naval. Des op\u00e9rations de nettoyage des c\u00f4tes et des bandes c\u00f4ti\u00e8res ont \u00e9t\u00e9 r\u00e9alis\u00e9es \u00e0 l&rsquo;aide d&rsquo;excavatrices, de boudins et de tampons absorbants d&rsquo;huile, et les sols et d\u00e9chets contamin\u00e9s ont \u00e9t\u00e9 envoy\u00e9s \u00e0 l&rsquo;installation d&rsquo;\u00e9limination avec un camion agr\u00e9\u00e9.<\/p>\n","protected":false},"excerpt":{"rendered":"<p>Apr\u00e8s que notre chantier naval sous contrat \u00dcnye a appel\u00e9 notre entreprise le 19.09.2024 et a signal\u00e9 la pollution, nos [&hellip;]<\/p>\n","protected":false},"author":1,"featured_media":0,"parent":42477,"menu_order":0,"comment_status":"closed","ping_status":"closed","template":"","meta":{"site-sidebar-layout":"default","site-content-layout":"","ast-site-content-layout":"default","site-content-style":"default","site-sidebar-style":"default","ast-global-header-display":"","ast-banner-title-visibility":"","ast-main-header-display":"","ast-hfb-above-header-display":"","ast-hfb-below-header-display":"","ast-hfb-mobile-header-display":"","site-post-title":"","ast-breadcrumbs-content":"","ast-featured-img":"","footer-sml-layout":"","ast-disable-related-posts":"","theme-transparent-header-meta":"","adv-header-id-meta":"","stick-header-meta":"","header-above-stick-meta":"","header-main-stick-meta":"","header-below-stick-meta":"","astra-migrate-meta-layouts":"default","ast-page-background-enabled":"default","ast-page-background-meta":{"desktop":{"background-color":"var(--ast-global-color-5)","background-image":"","background-repeat":"repeat","background-position":"center center","background-size":"auto","background-attachment":"scroll","background-type":"","background-media":"","overlay-type":"","overlay-color":"","overlay-opacity":"","overlay-gradient":""},"tablet":{"background-color":"","background-image":"","background-repeat":"repeat","background-position":"center center","background-size":"auto","background-attachment":"scroll","background-type":"","background-media":"","overlay-type":"","overlay-color":"","overlay-opacity":"","overlay-gradient":""},"mobile":{"background-color":"","background-image":"","background-repeat":"repeat","background-position":"center center","background-size":"auto","background-attachment":"scroll","background-type":"","background-media":"","overlay-type":"","overlay-color":"","overlay-opacity":"","overlay-gradient":""}},"ast-content-background-meta":{"desktop":{"background-color":"var(--ast-global-color-4)","background-image":"","background-repeat":"repeat","background-position":"center center","background-size":"auto","background-attachment":"scroll","background-type":"","background-media":"","overlay-type":"","overlay-color":"","overlay-opacity":"","overlay-gradient":""},"tablet":{"background-color":"var(--ast-global-color-4)","background-image":"","background-repeat":"repeat","background-position":"center center","background-size":"auto","background-attachment":"scroll","background-type":"","background-media":"","overlay-type":"","overlay-color":"","overlay-opacity":"","overlay-gradient":""},"mobile":{"background-color":"var(--ast-global-color-4)","background-image":"","background-repeat":"repeat","background-position":"center center","background-size":"auto","background-attachment":"scroll","background-type":"","background-media":"","overlay-type":"","overlay-color":"","overlay-opacity":"","overlay-gradient":""}},"footnotes":""},"class_list":["post-75751","page","type-page","status-publish","hentry"],"_links":{"self":[{"href":"https:\/\/mavideniz.com.tr\/fr\/wp-json\/wp\/v2\/pages\/75751","targetHints":{"allow":["GET"]}}],"collection":[{"href":"https:\/\/mavideniz.com.tr\/fr\/wp-json\/wp\/v2\/pages"}],"about":[{"href":"https:\/\/mavideniz.com.tr\/fr\/wp-json\/wp\/v2\/types\/page"}],"author":[{"embeddable":true,"href":"https:\/\/mavideniz.com.tr\/fr\/wp-json\/wp\/v2\/users\/1"}],"replies":[{"embeddable":true,"href":"https:\/\/mavideniz.com.tr\/fr\/wp-json\/wp\/v2\/comments?post=75751"}],"version-history":[{"count":0,"href":"https:\/\/mavideniz.com.tr\/fr\/wp-json\/wp\/v2\/pages\/75751\/revisions"}],"up":[{"embeddable":true,"href":"https:\/\/mavideniz.com.tr\/fr\/wp-json\/wp\/v2\/pages\/42477"}],"wp:attachment":[{"href":"https:\/\/mavideniz.com.tr\/fr\/wp-json\/wp\/v2\/media?parent=75751"}],"curies":[{"name":"wp","href":"https:\/\/api.w.org\/{rel}","templated":true}]}}