{"id":76761,"date":"2025-04-06T13:43:48","date_gmt":"2025-04-06T13:43:48","guid":{"rendered":"https:\/\/mavideniz.com.tr\/?page_id=76761"},"modified":"2025-04-06T13:43:50","modified_gmt":"2025-04-06T13:43:50","slug":"deversement-de-petrole-sur-loleoduc-du-port-dizgin","status":"publish","type":"page","link":"https:\/\/mavideniz.com.tr\/fr\/services-mavi-deniz\/intervention-7-24-en-cas-de-deversement-dhydrocarbures\/operations-gestion-de-la-lutte-contre-les-deversements-dhydrocarbures\/deversement-de-petrole-sur-loleoduc-du-port-dizgin\/","title":{"rendered":"D\u00e9versement de p\u00e9trole sur l&rsquo;ol\u00e9oduc du port d&rsquo;Izgin"},"content":{"rendered":"<p>Lors du transfert du p\u00e9trole vers le p\u00e9trolier, le soir du 9 d\u00e9cembre 20224, la partie de raccordement du pipeline a \u00e9t\u00e9 ouverte et le p\u00e9trole s&rsquo;\u00e9coulant sous pression a jailli dans les environs, polluant la surface du navire et le quai du port.<\/p>\n<p>L&rsquo;huile qui avait contamin\u00e9 le c\u00f4t\u00e9 du navire, la chemin\u00e9e, le bateau et le pont a \u00e9t\u00e9 nettoy\u00e9e avec des produits chimiques sp\u00e9ciaux et des absorbants d&rsquo;huile. L&rsquo;op\u00e9ration a \u00e9t\u00e9 r\u00e9alis\u00e9e dans un court laps de temps de 5 heures.<\/p>\n","protected":false},"excerpt":{"rendered":"<p>Lors du transfert du p\u00e9trole vers le p\u00e9trolier, le soir du 9 d\u00e9cembre 20224, la partie de raccordement du pipeline [&hellip;]<\/p>\n","protected":false},"author":1,"featured_media":0,"parent":42477,"menu_order":0,"comment_status":"closed","ping_status":"closed","template":"","meta":{"site-sidebar-layout":"default","site-content-layout":"","ast-site-content-layout":"default","site-content-style":"default","site-sidebar-style":"default","ast-global-header-display":"","ast-banner-title-visibility":"","ast-main-header-display":"","ast-hfb-above-header-display":"","ast-hfb-below-header-display":"","ast-hfb-mobile-header-display":"","site-post-title":"","ast-breadcrumbs-content":"","ast-featured-img":"","footer-sml-layout":"","ast-disable-related-posts":"","theme-transparent-header-meta":"","adv-header-id-meta":"","stick-header-meta":"","header-above-stick-meta":"","header-main-stick-meta":"","header-below-stick-meta":"","astra-migrate-meta-layouts":"default","ast-page-background-enabled":"default","ast-page-background-meta":{"desktop":{"background-color":"var(--ast-global-color-5)","background-image":"","background-repeat":"repeat","background-position":"center center","background-size":"auto","background-attachment":"scroll","background-type":"","background-media":"","overlay-type":"","overlay-color":"","overlay-opacity":"","overlay-gradient":""},"tablet":{"background-color":"","background-image":"","background-repeat":"repeat","background-position":"center center","background-size":"auto","background-attachment":"scroll","background-type":"","background-media":"","overlay-type":"","overlay-color":"","overlay-opacity":"","overlay-gradient":""},"mobile":{"background-color":"","background-image":"","background-repeat":"repeat","background-position":"center center","background-size":"auto","background-attachment":"scroll","background-type":"","background-media":"","overlay-type":"","overlay-color":"","overlay-opacity":"","overlay-gradient":""}},"ast-content-background-meta":{"desktop":{"background-color":"var(--ast-global-color-4)","background-image":"","background-repeat":"repeat","background-position":"center center","background-size":"auto","background-attachment":"scroll","background-type":"","background-media":"","overlay-type":"","overlay-color":"","overlay-opacity":"","overlay-gradient":""},"tablet":{"background-color":"var(--ast-global-color-4)","background-image":"","background-repeat":"repeat","background-position":"center center","background-size":"auto","background-attachment":"scroll","background-type":"","background-media":"","overlay-type":"","overlay-color":"","overlay-opacity":"","overlay-gradient":""},"mobile":{"background-color":"var(--ast-global-color-4)","background-image":"","background-repeat":"repeat","background-position":"center center","background-size":"auto","background-attachment":"scroll","background-type":"","background-media":"","overlay-type":"","overlay-color":"","overlay-opacity":"","overlay-gradient":""}},"footnotes":""},"class_list":["post-76761","page","type-page","status-publish","hentry"],"_links":{"self":[{"href":"https:\/\/mavideniz.com.tr\/fr\/wp-json\/wp\/v2\/pages\/76761","targetHints":{"allow":["GET"]}}],"collection":[{"href":"https:\/\/mavideniz.com.tr\/fr\/wp-json\/wp\/v2\/pages"}],"about":[{"href":"https:\/\/mavideniz.com.tr\/fr\/wp-json\/wp\/v2\/types\/page"}],"author":[{"embeddable":true,"href":"https:\/\/mavideniz.com.tr\/fr\/wp-json\/wp\/v2\/users\/1"}],"replies":[{"embeddable":true,"href":"https:\/\/mavideniz.com.tr\/fr\/wp-json\/wp\/v2\/comments?post=76761"}],"version-history":[{"count":0,"href":"https:\/\/mavideniz.com.tr\/fr\/wp-json\/wp\/v2\/pages\/76761\/revisions"}],"up":[{"embeddable":true,"href":"https:\/\/mavideniz.com.tr\/fr\/wp-json\/wp\/v2\/pages\/42477"}],"wp:attachment":[{"href":"https:\/\/mavideniz.com.tr\/fr\/wp-json\/wp\/v2\/media?parent=76761"}],"curies":[{"name":"wp","href":"https:\/\/api.w.org\/{rel}","templated":true}]}}