{"id":76797,"date":"2025-04-06T15:17:53","date_gmt":"2025-04-06T15:17:53","guid":{"rendered":"https:\/\/mavideniz.com.tr\/?page_id=76797"},"modified":"2025-10-05T00:07:42","modified_gmt":"2025-10-05T00:07:42","slug":"nettoyage-de-la-surface-en-beton-tachee-dhuile-du-port-de-marport","status":"publish","type":"page","link":"https:\/\/mavideniz.com.tr\/fr\/services-mavi-deniz\/intervention-7-24-en-cas-de-deversement-dhydrocarbures\/operations-gestion-de-la-lutte-contre-les-deversements-dhydrocarbures\/nettoyage-de-la-surface-en-beton-tachee-dhuile-du-port-de-marport\/","title":{"rendered":"Nettoyage de la surface en b\u00e9ton tach\u00e9e d&rsquo;huile du port de Marport"},"content":{"rendered":"<p>Les fuites d&rsquo;huile provenant des grues, des engins de chantier et des chariots \u00e9l\u00e9vateurs du port de Marport ont transform\u00e9 le sol en b\u00e9ton en boue et en goudron. Lorsqu\u2019il pleuvait, les huiles se dissolvaient et s\u2019\u00e9coulaient dans la mer. Une couche de graisse solide atteignant 5 cm d\u2019\u00e9paisseur \u00e9tait visible \u00e0 diff\u00e9rents endroits.<\/p>\n<p>L&rsquo;op\u00e9ration, que nous avons commenc\u00e9e le 09.09.2007, a dur\u00e9 environ 1 mois.  L&rsquo;op\u00e9ration de nettoyage de surface a \u00e9t\u00e9 r\u00e9alis\u00e9e par une \u00e9quipe de 20 personnes utilisant divers produits chimiques, des jets d&rsquo;eau chaude et des aspirateurs portables. Les huiles usag\u00e9es et les eaux huileuses que nous avons collect\u00e9es ont \u00e9t\u00e9 envoy\u00e9es \u00e0 l&rsquo;installation agr\u00e9\u00e9e avec des v\u00e9hicules agr\u00e9\u00e9s pour \u00eatre \u00e9limin\u00e9es.<\/p>\n","protected":false},"excerpt":{"rendered":"<p>Les fuites d&rsquo;huile provenant des grues, des engins de chantier et des chariots \u00e9l\u00e9vateurs du port de Marport ont transform\u00e9 [&hellip;]<\/p>\n","protected":false},"author":1,"featured_media":0,"parent":42477,"menu_order":0,"comment_status":"closed","ping_status":"closed","template":"","meta":{"site-sidebar-layout":"default","site-content-layout":"","ast-site-content-layout":"default","site-content-style":"default","site-sidebar-style":"default","ast-global-header-display":"","ast-banner-title-visibility":"","ast-main-header-display":"","ast-hfb-above-header-display":"","ast-hfb-below-header-display":"","ast-hfb-mobile-header-display":"","site-post-title":"","ast-breadcrumbs-content":"","ast-featured-img":"","footer-sml-layout":"","ast-disable-related-posts":"","theme-transparent-header-meta":"","adv-header-id-meta":"","stick-header-meta":"","header-above-stick-meta":"","header-main-stick-meta":"","header-below-stick-meta":"","astra-migrate-meta-layouts":"default","ast-page-background-enabled":"default","ast-page-background-meta":{"desktop":{"background-color":"var(--ast-global-color-5)","background-image":"","background-repeat":"repeat","background-position":"center center","background-size":"auto","background-attachment":"scroll","background-type":"","background-media":"","overlay-type":"","overlay-color":"","overlay-opacity":"","overlay-gradient":""},"tablet":{"background-color":"","background-image":"","background-repeat":"repeat","background-position":"center center","background-size":"auto","background-attachment":"scroll","background-type":"","background-media":"","overlay-type":"","overlay-color":"","overlay-opacity":"","overlay-gradient":""},"mobile":{"background-color":"","background-image":"","background-repeat":"repeat","background-position":"center center","background-size":"auto","background-attachment":"scroll","background-type":"","background-media":"","overlay-type":"","overlay-color":"","overlay-opacity":"","overlay-gradient":""}},"ast-content-background-meta":{"desktop":{"background-color":"var(--ast-global-color-4)","background-image":"","background-repeat":"repeat","background-position":"center center","background-size":"auto","background-attachment":"scroll","background-type":"","background-media":"","overlay-type":"","overlay-color":"","overlay-opacity":"","overlay-gradient":""},"tablet":{"background-color":"var(--ast-global-color-4)","background-image":"","background-repeat":"repeat","background-position":"center center","background-size":"auto","background-attachment":"scroll","background-type":"","background-media":"","overlay-type":"","overlay-color":"","overlay-opacity":"","overlay-gradient":""},"mobile":{"background-color":"var(--ast-global-color-4)","background-image":"","background-repeat":"repeat","background-position":"center center","background-size":"auto","background-attachment":"scroll","background-type":"","background-media":"","overlay-type":"","overlay-color":"","overlay-opacity":"","overlay-gradient":""}},"footnotes":""},"class_list":["post-76797","page","type-page","status-publish","hentry"],"_links":{"self":[{"href":"https:\/\/mavideniz.com.tr\/fr\/wp-json\/wp\/v2\/pages\/76797","targetHints":{"allow":["GET"]}}],"collection":[{"href":"https:\/\/mavideniz.com.tr\/fr\/wp-json\/wp\/v2\/pages"}],"about":[{"href":"https:\/\/mavideniz.com.tr\/fr\/wp-json\/wp\/v2\/types\/page"}],"author":[{"embeddable":true,"href":"https:\/\/mavideniz.com.tr\/fr\/wp-json\/wp\/v2\/users\/1"}],"replies":[{"embeddable":true,"href":"https:\/\/mavideniz.com.tr\/fr\/wp-json\/wp\/v2\/comments?post=76797"}],"version-history":[{"count":0,"href":"https:\/\/mavideniz.com.tr\/fr\/wp-json\/wp\/v2\/pages\/76797\/revisions"}],"up":[{"embeddable":true,"href":"https:\/\/mavideniz.com.tr\/fr\/wp-json\/wp\/v2\/pages\/42477"}],"wp:attachment":[{"href":"https:\/\/mavideniz.com.tr\/fr\/wp-json\/wp\/v2\/media?parent=76797"}],"curies":[{"name":"wp","href":"https:\/\/api.w.org\/{rel}","templated":true}]}}