{"id":76832,"date":"2025-04-06T16:33:56","date_gmt":"2025-04-06T16:33:56","guid":{"rendered":"https:\/\/mavideniz.com.tr\/?page_id=76832"},"modified":"2025-04-06T16:33:57","modified_gmt":"2025-04-06T16:33:57","slug":"deversement-de-petrole-au-port-de-ttk","status":"publish","type":"page","link":"https:\/\/mavideniz.com.tr\/fr\/services-mavi-deniz\/intervention-7-24-en-cas-de-deversement-dhydrocarbures\/operations-gestion-de-la-lutte-contre-les-deversements-dhydrocarbures\/deversement-de-petrole-au-port-de-ttk\/","title":{"rendered":"D\u00e9versement de p\u00e9trole au port de TTK"},"content":{"rendered":"<p>Le 16 ao\u00fbt 2017, le port de TTK a signal\u00e9 une pollution \u00e0 notre entreprise. Notre \u00e9quipe d&rsquo;intervention d&rsquo;urgence de la r\u00e9gion de Zonguldak est arriv\u00e9e sur place et la pollution a \u00e9t\u00e9 ma\u00eetris\u00e9e gr\u00e2ce \u00e0 la pose d&rsquo;environ 500 m\u00e8tres de barri\u00e8re, en collaboration avec les garde-c\u00f4tes et les remorqueurs de TTK.<\/p>\n<p>La zone de contact du chenal avec la mer a \u00e9t\u00e9 nettoy\u00e9e \u00e0 l&rsquo;aide de divers produits chimiques, de jets d&rsquo;eau et de tampons absorbants. Des boudins absorbants ont \u00e9t\u00e9 utilis\u00e9s pour emp\u00eacher la pollution d&rsquo;atteindre les rochers. La pollution \u00e0 la surface de la mer a \u00e9t\u00e9 collect\u00e9e \u00e0 l&rsquo;aide d&rsquo;absorbants.<\/p>\n<p>Les d\u00e9chets ont \u00e9t\u00e9 achemin\u00e9s vers le navire de collecte agr\u00e9\u00e9 et l&rsquo;op\u00e9ration a dur\u00e9 environ 8 jours.<\/p>\n","protected":false},"excerpt":{"rendered":"<p>Le 16 ao\u00fbt 2017, le port de TTK a signal\u00e9 une pollution \u00e0 notre entreprise. Notre \u00e9quipe d&rsquo;intervention d&rsquo;urgence de [&hellip;]<\/p>\n","protected":false},"author":1,"featured_media":0,"parent":42477,"menu_order":0,"comment_status":"closed","ping_status":"closed","template":"","meta":{"site-sidebar-layout":"default","site-content-layout":"","ast-site-content-layout":"default","site-content-style":"default","site-sidebar-style":"default","ast-global-header-display":"","ast-banner-title-visibility":"","ast-main-header-display":"","ast-hfb-above-header-display":"","ast-hfb-below-header-display":"","ast-hfb-mobile-header-display":"","site-post-title":"","ast-breadcrumbs-content":"","ast-featured-img":"","footer-sml-layout":"","ast-disable-related-posts":"","theme-transparent-header-meta":"","adv-header-id-meta":"","stick-header-meta":"","header-above-stick-meta":"","header-main-stick-meta":"","header-below-stick-meta":"","astra-migrate-meta-layouts":"default","ast-page-background-enabled":"default","ast-page-background-meta":{"desktop":{"background-color":"var(--ast-global-color-5)","background-image":"","background-repeat":"repeat","background-position":"center center","background-size":"auto","background-attachment":"scroll","background-type":"","background-media":"","overlay-type":"","overlay-color":"","overlay-opacity":"","overlay-gradient":""},"tablet":{"background-color":"","background-image":"","background-repeat":"repeat","background-position":"center center","background-size":"auto","background-attachment":"scroll","background-type":"","background-media":"","overlay-type":"","overlay-color":"","overlay-opacity":"","overlay-gradient":""},"mobile":{"background-color":"","background-image":"","background-repeat":"repeat","background-position":"center center","background-size":"auto","background-attachment":"scroll","background-type":"","background-media":"","overlay-type":"","overlay-color":"","overlay-opacity":"","overlay-gradient":""}},"ast-content-background-meta":{"desktop":{"background-color":"var(--ast-global-color-4)","background-image":"","background-repeat":"repeat","background-position":"center center","background-size":"auto","background-attachment":"scroll","background-type":"","background-media":"","overlay-type":"","overlay-color":"","overlay-opacity":"","overlay-gradient":""},"tablet":{"background-color":"var(--ast-global-color-4)","background-image":"","background-repeat":"repeat","background-position":"center center","background-size":"auto","background-attachment":"scroll","background-type":"","background-media":"","overlay-type":"","overlay-color":"","overlay-opacity":"","overlay-gradient":""},"mobile":{"background-color":"var(--ast-global-color-4)","background-image":"","background-repeat":"repeat","background-position":"center center","background-size":"auto","background-attachment":"scroll","background-type":"","background-media":"","overlay-type":"","overlay-color":"","overlay-opacity":"","overlay-gradient":""}},"footnotes":""},"class_list":["post-76832","page","type-page","status-publish","hentry"],"_links":{"self":[{"href":"https:\/\/mavideniz.com.tr\/fr\/wp-json\/wp\/v2\/pages\/76832","targetHints":{"allow":["GET"]}}],"collection":[{"href":"https:\/\/mavideniz.com.tr\/fr\/wp-json\/wp\/v2\/pages"}],"about":[{"href":"https:\/\/mavideniz.com.tr\/fr\/wp-json\/wp\/v2\/types\/page"}],"author":[{"embeddable":true,"href":"https:\/\/mavideniz.com.tr\/fr\/wp-json\/wp\/v2\/users\/1"}],"replies":[{"embeddable":true,"href":"https:\/\/mavideniz.com.tr\/fr\/wp-json\/wp\/v2\/comments?post=76832"}],"version-history":[{"count":0,"href":"https:\/\/mavideniz.com.tr\/fr\/wp-json\/wp\/v2\/pages\/76832\/revisions"}],"up":[{"embeddable":true,"href":"https:\/\/mavideniz.com.tr\/fr\/wp-json\/wp\/v2\/pages\/42477"}],"wp:attachment":[{"href":"https:\/\/mavideniz.com.tr\/fr\/wp-json\/wp\/v2\/media?parent=76832"}],"curies":[{"name":"wp","href":"https:\/\/api.w.org\/{rel}","templated":true}]}}