{"id":76857,"date":"2025-04-06T17:12:39","date_gmt":"2025-04-06T17:12:39","guid":{"rendered":"https:\/\/mavideniz.com.tr\/?page_id=76857"},"modified":"2025-04-06T17:12:40","modified_gmt":"2025-04-06T17:12:40","slug":"renflouement-du-cargo-alican-s","status":"publish","type":"page","link":"https:\/\/mavideniz.com.tr\/fr\/services-mavi-deniz\/intervention-7-24-en-cas-de-deversement-dhydrocarbures\/operations-gestion-de-la-lutte-contre-les-deversements-dhydrocarbures\/renflouement-du-cargo-alican-s\/","title":{"rendered":"Renflouement du cargo ALICAN S"},"content":{"rendered":"<p>Les op\u00e9rations de renflouement de l&rsquo;ALICAN S, long de 89 m\u00e8tres et large de 11 m\u00e8tres, qui a coul\u00e9 lat\u00e9ralement lors du d\u00e9chargement de ciment provenant de Zonguldak dans le port de Limank\u00f6y, district de \u00c7ayeli \u00e0 Rize, le 18 janvier 2013, ont \u00e9t\u00e9 men\u00e9es par RE\u0130S DALGI\u00c7LIK SAN.T\u0130C.LTD.\u015eT\u0130. et KARADEN\u0130Z GEM\u0130 \u0130N\u015eA A.\u015e. Notre entreprise a assur\u00e9 sa s\u00e9curit\u00e9 gr\u00e2ce \u00e0 une barri\u00e8re anti-pollution.<\/p>\n<p>Le renflouement et le retrait du navire ont \u00e9t\u00e9 r\u00e9alis\u00e9s plus rapidement que pr\u00e9vu et le trafic portuaire de \u00c7ayeli est redevenu normal. Les pr\u00e9paratifs ont commenc\u00e9 pour que l&rsquo;ALICAN-S soit remorqu\u00e9 vers le chantier naval d&rsquo;\u00dcnye, appartenant \u00e0 Karadeniz Shipbuilding Industry, dans les prochains jours, par un remorqueur.<\/p>\n","protected":false},"excerpt":{"rendered":"<p>Les op\u00e9rations de renflouement de l&rsquo;ALICAN S, long de 89 m\u00e8tres et large de 11 m\u00e8tres, qui a coul\u00e9 lat\u00e9ralement [&hellip;]<\/p>\n","protected":false},"author":1,"featured_media":0,"parent":42477,"menu_order":0,"comment_status":"closed","ping_status":"closed","template":"","meta":{"site-sidebar-layout":"default","site-content-layout":"","ast-site-content-layout":"default","site-content-style":"default","site-sidebar-style":"default","ast-global-header-display":"","ast-banner-title-visibility":"","ast-main-header-display":"","ast-hfb-above-header-display":"","ast-hfb-below-header-display":"","ast-hfb-mobile-header-display":"","site-post-title":"","ast-breadcrumbs-content":"","ast-featured-img":"","footer-sml-layout":"","ast-disable-related-posts":"","theme-transparent-header-meta":"","adv-header-id-meta":"","stick-header-meta":"","header-above-stick-meta":"","header-main-stick-meta":"","header-below-stick-meta":"","astra-migrate-meta-layouts":"default","ast-page-background-enabled":"default","ast-page-background-meta":{"desktop":{"background-color":"var(--ast-global-color-5)","background-image":"","background-repeat":"repeat","background-position":"center center","background-size":"auto","background-attachment":"scroll","background-type":"","background-media":"","overlay-type":"","overlay-color":"","overlay-opacity":"","overlay-gradient":""},"tablet":{"background-color":"","background-image":"","background-repeat":"repeat","background-position":"center center","background-size":"auto","background-attachment":"scroll","background-type":"","background-media":"","overlay-type":"","overlay-color":"","overlay-opacity":"","overlay-gradient":""},"mobile":{"background-color":"","background-image":"","background-repeat":"repeat","background-position":"center center","background-size":"auto","background-attachment":"scroll","background-type":"","background-media":"","overlay-type":"","overlay-color":"","overlay-opacity":"","overlay-gradient":""}},"ast-content-background-meta":{"desktop":{"background-color":"var(--ast-global-color-4)","background-image":"","background-repeat":"repeat","background-position":"center center","background-size":"auto","background-attachment":"scroll","background-type":"","background-media":"","overlay-type":"","overlay-color":"","overlay-opacity":"","overlay-gradient":""},"tablet":{"background-color":"var(--ast-global-color-4)","background-image":"","background-repeat":"repeat","background-position":"center center","background-size":"auto","background-attachment":"scroll","background-type":"","background-media":"","overlay-type":"","overlay-color":"","overlay-opacity":"","overlay-gradient":""},"mobile":{"background-color":"var(--ast-global-color-4)","background-image":"","background-repeat":"repeat","background-position":"center center","background-size":"auto","background-attachment":"scroll","background-type":"","background-media":"","overlay-type":"","overlay-color":"","overlay-opacity":"","overlay-gradient":""}},"footnotes":""},"class_list":["post-76857","page","type-page","status-publish","hentry"],"_links":{"self":[{"href":"https:\/\/mavideniz.com.tr\/fr\/wp-json\/wp\/v2\/pages\/76857","targetHints":{"allow":["GET"]}}],"collection":[{"href":"https:\/\/mavideniz.com.tr\/fr\/wp-json\/wp\/v2\/pages"}],"about":[{"href":"https:\/\/mavideniz.com.tr\/fr\/wp-json\/wp\/v2\/types\/page"}],"author":[{"embeddable":true,"href":"https:\/\/mavideniz.com.tr\/fr\/wp-json\/wp\/v2\/users\/1"}],"replies":[{"embeddable":true,"href":"https:\/\/mavideniz.com.tr\/fr\/wp-json\/wp\/v2\/comments?post=76857"}],"version-history":[{"count":0,"href":"https:\/\/mavideniz.com.tr\/fr\/wp-json\/wp\/v2\/pages\/76857\/revisions"}],"up":[{"embeddable":true,"href":"https:\/\/mavideniz.com.tr\/fr\/wp-json\/wp\/v2\/pages\/42477"}],"wp:attachment":[{"href":"https:\/\/mavideniz.com.tr\/fr\/wp-json\/wp\/v2\/media?parent=76857"}],"curies":[{"name":"wp","href":"https:\/\/api.w.org\/{rel}","templated":true}]}}