{"id":77818,"date":"2025-05-03T13:29:52","date_gmt":"2025-05-03T13:29:52","guid":{"rendered":"https:\/\/mavideniz.com.tr\/?page_id=77818"},"modified":"2025-10-05T00:07:39","modified_gmt":"2025-10-05T00:07:39","slug":"maquina-anfibia","status":"publish","type":"page","link":"https:\/\/mavideniz.com.tr\/pt-pt\/embarcacoes-barcos\/anfibio\/maquina-anfibia\/","title":{"rendered":"M\u00e1quina anf\u00edbia"},"content":{"rendered":"\n<p>A Mavideniz Amphibious Machine tem sido apreciada em todo o mundo desde que a primeira m\u00e1quina foi exportada em 2003. Esta m\u00e1quina anf\u00edbia, combinada com uma ampla gama de acess\u00f3rios, tornou o Amphibex \u00fanico no mercado. Anfibex pode cortar e coletar ervas daninhas aqu\u00e1ticas e crescimento de juncos, dragagem, escavar, limpar derramamentos de \u00f3leo e muito mais com uma ampla gama de ferramentas f\u00e1ceis de encaixar. A natureza anf\u00edbia do Amphibex, combinada com a baixa press\u00e3o do solo, permite que ele opere em \u00e1reas sens\u00edveis sem danificar o ambiente.<\/p>\n<p>Esta m\u00e1quina anf\u00edbia \u00e9 ideal para trabalhar em reservas de vida selvagem, campos de golfe e outras \u00e1reas sens\u00edveis normalmente inacess\u00edveis a m\u00e1quinas convencionais. Viajar de terra para \u00e1gua \u00e9 um excelente ativo na gest\u00e3o da conserva\u00e7\u00e3o de zonas \u00famidas. A dire\u00e7\u00e3o sens\u00edvel do joystick da Amphibex d\u00e1 ao operador o controle perfeito em canais estreitos e perto de obst\u00e1culos.<\/p>\n<p>M\u00e1quina Anf\u00edbia pode rapidamente girar em seu eixo. Anfibex vai parar em menos de meio metro de velocidade total para a frente.<\/p>\n<p>O suporte AM no bra\u00e7o de eleva\u00e7\u00e3o da m\u00e1quina permite que o operador mude as ferramentas de forma r\u00e1pida e f\u00e1cil. Uma pessoa pode facilmente manusear a m\u00e1quina. Amphibious Machine \u00e9 projetado para &#8216;caminhar&#8217; sobre e fora de um reboque de estrada tornando o transporte muito econ\u00f4mico.<\/p>\n<p><strong>Esta m\u00e1quina anf\u00edbia pode operar em qualquer profundidade de \u00e1gua, exclusivamente de zero a profundidade ilimitada.<\/strong><\/p>\n<ul>\n<li>Corte de ervas daninhas (a uma profundidade de aproximadamente 2,2 m)<\/li>\n<li>Corta de canavial em margens e a profundidades de \u00e1gua de at\u00e9 2m<\/li>\n<li>Redu\u00e7\u00e3o e reforma dos bancos<\/li>\n<li>Trabalhos de escava\u00e7\u00e3o e de dragagem de menor import\u00e2ncia; e<\/li>\n<li>Colheita de ervas daninhas flutuantes.<\/li>\n<\/ul>\n<p>A m\u00e1quina anf\u00edbia \u00e9 projetada para manter e restaurar portos, marinas, canais, vias naveg\u00e1veis, p\u00e2ntanos, lagoas, represas, terras inundadas, etc.<\/p>\n<p>Equipamentos f\u00e1ceis de conectar facilitam a r\u00e1pida instala\u00e7\u00e3o do kit de ferramentas apropriado, transformando a m\u00e1quina em uma draga, cortador, colhedora ou escavadora em minutos.<\/p>\n<p>\u00c9 totalmente multifuncional, permitindo que a Harbour Clean explore totalmente o potencial da m\u00e1quina.<\/p>\n<p><strong>Esta m\u00e1quina anf\u00edbia pode usar para v\u00e1rias opera\u00e7\u00f5es:<\/strong><\/p>\n<ul>\n<li>Corte e Colheita<\/li>\n<li>Dragagem<\/li>\n<li>Escavando<\/li>\n<li>Limpeza de derramamento de \u00f3leo<\/li>\n<li>Manuten\u00e7\u00e3o no local mar\u00edtimo<\/li>\n<\/ul>\n<p>Esta m\u00e1quina anf\u00edbia pode ser operada tanto em terra como na \u00e1gua. M\u00e1quina Anf\u00edbia \u00e9 muito manobr\u00e1vel e pode girar em seu eixo na \u00e1gua. \u00c9, portanto, ideal para uso em \u00e1reas de p\u00e2ntanos inacess\u00edveis e \u00e1guas rasas.<\/p>\n<p>Sua distribui\u00e7\u00e3o leve em duas trilhas largas \u00e9 adequada para \u00e1reas sens\u00edveis, como parques, jardins cultivados e campos de golfe. A press\u00e3o m\u00ednima do solo da m\u00e1quina anf\u00edbia n\u00e3o causa praticamente nenhum dano ao substrato durante a opera\u00e7\u00e3o.<\/p>\n<p><strong>Acess\u00f3rios<\/strong><\/p>\n<p>Dependendo do tipo de trabalho, as ferramentas relevantes s\u00e3o ligadas ao bra\u00e7o esquerdo ou, se apropriado, diretamente acopladas ao sistema hidr\u00e1ulico do navio.<\/p>\n<p>Amphibious Machine est\u00e1 equipado com ;<\/p>\n<ul>\n<li>Cortadores diferentes para cortar<\/li>\n<li>Racks para limpeza\/recolha do material cortado<\/li>\n<li>Escumadeira para derramamento de \u00f3leo ou algas azuis<\/li>\n<li>Bomba de dragagem para dragagem<\/li>\n<li>Unidade de escava\u00e7\u00e3o com v\u00e1rios baldes para dragagem, restaura\u00e7\u00e3o de bancos, manuseio de materiais, etc.<\/li>\n<\/ul>\n<p>Oferecemos tr\u00eas modelos Amphibex, cada um com diferentes motores, sistemas hidr\u00e1ulicos e acess\u00f3rios. Anfibex tem um sistema hidr\u00e1ulico hidrost\u00e1tico. O Amphibex AM 4700, 5000 e 5500 tem um sistema de detec\u00e7\u00e3o de carga que fornece mais pot\u00eancia para ferramentas exigentes como bombas, fresadoras e mulchers.<\/p>\n<p>A Organiza\u00e7\u00e3o Mar\u00edtima Internacional anunciou uma estrat\u00e9gia para reduzir as emiss\u00f5es de gases de efeito estufa (GEE) a zero at\u00e9 o final deste s\u00e9culo, e as regulamenta\u00e7\u00f5es ambientais marinhas foram endurecidas em todo o mundo. A implementa\u00e7\u00e3o de zonas de controlo das emiss\u00f5es come\u00e7ou a afetar as opera\u00e7\u00f5es dos navios. A Mavi Deniz iniciou com sucesso novos regulamentos de controle de emiss\u00f5es desenvolvendo solu\u00e7\u00f5es de duplo combust\u00edvel e tecnologias de energia verde mais limpas. Mavi Deniz&#8217;s Green Power Options; Sistema de Energia Solar, Sistema de Energia da Bateria, Sistema de C\u00e9lula a Combust\u00edvel de Hidrog\u00eanio e Sistema de GPL podem se integrar completamente \u00e0 M\u00e1quina Anf\u00edbia, incluindo equipamento de conv\u00e9s e sistema de propuls\u00e3o.<\/p>\n<p><strong>Op\u00e7\u00f5es de energia verde da m\u00e1quina anf\u00edbia<\/strong><\/p>\n<ul>\n<li>Alimentado por Sistema de Energia Solar<\/li>\n<li>Alimentado por sistema de alimenta\u00e7\u00e3o de bateria<\/li>\n<li>Alimentado por sistema de c\u00e9lula de combust\u00edvel de hidrog\u00eanio<\/li>\n<li>Alimentado por sistema de GPL<\/li>\n<\/ul>\n<p><strong>Equipamento opcional<\/strong><\/p>\n<ul>\n<li>Transmiss\u00e3o da h\u00e9lice<\/li>\n<li>Reboque<\/li>\n<li>Sistema de pulveriza\u00e7\u00e3o<\/li>\n<li>Corrente de engrenagem<\/li>\n<li>Cama de transporte<\/li>\n<li>Cortadores<\/li>\n<li>Rakes de coleta<\/li>\n<li>Unidade escavadora<\/li>\n<li>Bomba de dragagem<\/li>\n<li>Equipamento para derrame de petr\u00f3leo<\/li>\n<li>Esteira de madeira<\/li>\n<li>Miller<\/li>\n<li>Martelo Hidr\u00e1ulico<\/li>\n<li>Reboque<\/li>\n<\/ul>\n<p>[id de wptm=85]<\/p>\n","protected":false},"excerpt":{"rendered":"<p>A Mavideniz Amphibious Machine tem sido apreciada em todo o mundo desde que a primeira m\u00e1quina foi exportada em 2003. [&hellip;]<\/p>\n","protected":false},"author":1,"featured_media":0,"parent":77816,"menu_order":0,"comment_status":"closed","ping_status":"closed","template":"","meta":{"site-sidebar-layout":"default","site-content-layout":"","ast-site-content-layout":"default","site-content-style":"default","site-sidebar-style":"default","ast-global-header-display":"","ast-banner-title-visibility":"","ast-main-header-display":"","ast-hfb-above-header-display":"","ast-hfb-below-header-display":"","ast-hfb-mobile-header-display":"","site-post-title":"","ast-breadcrumbs-content":"","ast-featured-img":"","footer-sml-layout":"","ast-disable-related-posts":"","theme-transparent-header-meta":"","adv-header-id-meta":"","stick-header-meta":"","header-above-stick-meta":"","header-main-stick-meta":"","header-below-stick-meta":"","astra-migrate-meta-layouts":"default","ast-page-background-enabled":"default","ast-page-background-meta":{"desktop":{"background-color":"var(--ast-global-color-5)","background-image":"","background-repeat":"repeat","background-position":"center center","background-size":"auto","background-attachment":"scroll","background-type":"","background-media":"","overlay-type":"","overlay-color":"","overlay-opacity":"","overlay-gradient":""},"tablet":{"background-color":"","background-image":"","background-repeat":"repeat","background-position":"center center","background-size":"auto","background-attachment":"scroll","background-type":"","background-media":"","overlay-type":"","overlay-color":"","overlay-opacity":"","overlay-gradient":""},"mobile":{"background-color":"","background-image":"","background-repeat":"repeat","background-position":"center center","background-size":"auto","background-attachment":"scroll","background-type":"","background-media":"","overlay-type":"","overlay-color":"","overlay-opacity":"","overlay-gradient":""}},"ast-content-background-meta":{"desktop":{"background-color":"var(--ast-global-color-4)","background-image":"","background-repeat":"repeat","background-position":"center center","background-size":"auto","background-attachment":"scroll","background-type":"","background-media":"","overlay-type":"","overlay-color":"","overlay-opacity":"","overlay-gradient":""},"tablet":{"background-color":"var(--ast-global-color-4)","background-image":"","background-repeat":"repeat","background-position":"center center","background-size":"auto","background-attachment":"scroll","background-type":"","background-media":"","overlay-type":"","overlay-color":"","overlay-opacity":"","overlay-gradient":""},"mobile":{"background-color":"var(--ast-global-color-4)","background-image":"","background-repeat":"repeat","background-position":"center center","background-size":"auto","background-attachment":"scroll","background-type":"","background-media":"","overlay-type":"","overlay-color":"","overlay-opacity":"","overlay-gradient":""}},"footnotes":""},"class_list":["post-77818","page","type-page","status-publish","hentry"],"_links":{"self":[{"href":"https:\/\/mavideniz.com.tr\/pt-pt\/wp-json\/wp\/v2\/pages\/77818","targetHints":{"allow":["GET"]}}],"collection":[{"href":"https:\/\/mavideniz.com.tr\/pt-pt\/wp-json\/wp\/v2\/pages"}],"about":[{"href":"https:\/\/mavideniz.com.tr\/pt-pt\/wp-json\/wp\/v2\/types\/page"}],"author":[{"embeddable":true,"href":"https:\/\/mavideniz.com.tr\/pt-pt\/wp-json\/wp\/v2\/users\/1"}],"replies":[{"embeddable":true,"href":"https:\/\/mavideniz.com.tr\/pt-pt\/wp-json\/wp\/v2\/comments?post=77818"}],"version-history":[{"count":0,"href":"https:\/\/mavideniz.com.tr\/pt-pt\/wp-json\/wp\/v2\/pages\/77818\/revisions"}],"up":[{"embeddable":true,"href":"https:\/\/mavideniz.com.tr\/pt-pt\/wp-json\/wp\/v2\/pages\/77816"}],"wp:attachment":[{"href":"https:\/\/mavideniz.com.tr\/pt-pt\/wp-json\/wp\/v2\/media?parent=77818"}],"curies":[{"name":"wp","href":"https:\/\/api.w.org\/{rel}","templated":true}]}}