{"id":77819,"date":"2025-05-03T13:29:31","date_gmt":"2025-05-03T13:29:31","guid":{"rendered":"https:\/\/mavideniz.com.tr\/?page_id=77819"},"modified":"2025-10-05T00:07:39","modified_gmt":"2025-10-05T00:07:39","slug":"embarcacao-de-desembarque","status":"publish","type":"page","link":"https:\/\/mavideniz.com.tr\/pt-pt\/embarcacoes-barcos\/anfibio\/embarcacao-de-desembarque\/","title":{"rendered":"Embarca\u00e7\u00e3o de desembarque"},"content":{"rendered":"\n<p>O Mavi Deniz Landing Craft \u00e9 projetado de acordo com o propriet\u00e1rio do navio, requisitos de classe e opera\u00e7\u00f5es de bandeira. O navio de desembarque \u00e9 adequado para trabalhos profissionais, transporte, resposta a derramamento de petr\u00f3leo, levantamento, mergulho, pesquisa de pesca e opera\u00e7\u00f5es militares. A embarca\u00e7\u00e3o de aterrissagem \u00e9 uma plataforma altamente manobr\u00e1vel, e um rascunho raso est\u00e1 em andamento. O material das embarca\u00e7\u00f5es de desembarque \u00e9 de alum\u00ednio ou a\u00e7o.<\/p>\n<p>O projeto pode ser modificado para se adequar ao requisito do armador com &#8211; sem uma cabine + Mergulho + Piscina lunar + C\u00e2none de fogo + Gancho de reboque + Puxar, Capacidade do conv\u00e9s de carga + A-Frame + Davit + Guinchos + Guindaste + Fender + Gerador + Ancoragem + Armazenamento + Lado &#8211; Porta de arco + Design interior ou exterior.<\/p>\n<p>A embarca\u00e7\u00e3o de pouso pode ser alimentada com qualquer sistema de propuls\u00e3o; monomotor ou bimotor, interno-externo, sterndrive, jato de \u00e1gua ou h\u00e9lice de passo fixo.<\/p>\n<p>Depois de entregar o navio, voc\u00ea ver\u00e1 o mesmo desempenho e qualidade anos e anos depois, sem altera\u00e7\u00f5es; h\u00e1 uma raz\u00e3o para capturar o desempenho e a qualidade. N\u00e3o escolhemos produtos baratos; escolhemos o melhor material e produtos para a constru\u00e7\u00e3o do Barco de Embarque de Desembarque + Embarca\u00e7\u00e3o de Embarque de Desembarque e selecionamos os melhores trabalhadores e engenheiros. Podemos organizar os projetos para seu perfil operacional e requisitos.<\/p>\n<p><strong>Recursos<\/strong><\/p>\n<ul>\n<li>Embarca\u00e7\u00e3o de desembarque + Embarca\u00e7\u00e3o de desembarque, ideal para opera\u00e7\u00f5es em terminais mar\u00edtimos, portos e rios.<\/li>\n<li>Embarca\u00e7\u00e3o de aterrissagem, Todas as constru\u00e7\u00f5es de alum\u00ednio marinhas soldadas.<\/li>\n<li>A embarca\u00e7\u00e3o de desembarque tem um conv\u00e9s grande e plano para capacidade de carga.<\/li>\n<li>Rampa de proa suspensa<\/li>\n<li>Calado raso, manobrabilidade superior.<\/li>\n<li>Velocidades de tr\u00e2nsito altas com entrada de energia relativamente baixa. ,<\/li>\n<li>Variedade de modelos de casa do leme\/console.<\/li>\n<li>Para as embarca\u00e7\u00f5es de desembarque, est\u00e3o dispon\u00edveis tamanhos personalizados.<\/li>\n<\/ul>\n<p>[id de wptm=83]<\/p>\n","protected":false},"excerpt":{"rendered":"<p>O Mavi Deniz Landing Craft \u00e9 projetado de acordo com o propriet\u00e1rio do navio, requisitos de classe e opera\u00e7\u00f5es de [&hellip;]<\/p>\n","protected":false},"author":1,"featured_media":0,"parent":77816,"menu_order":0,"comment_status":"closed","ping_status":"closed","template":"","meta":{"site-sidebar-layout":"default","site-content-layout":"","ast-site-content-layout":"default","site-content-style":"default","site-sidebar-style":"default","ast-global-header-display":"","ast-banner-title-visibility":"","ast-main-header-display":"","ast-hfb-above-header-display":"","ast-hfb-below-header-display":"","ast-hfb-mobile-header-display":"","site-post-title":"","ast-breadcrumbs-content":"","ast-featured-img":"","footer-sml-layout":"","ast-disable-related-posts":"","theme-transparent-header-meta":"","adv-header-id-meta":"","stick-header-meta":"","header-above-stick-meta":"","header-main-stick-meta":"","header-below-stick-meta":"","astra-migrate-meta-layouts":"default","ast-page-background-enabled":"default","ast-page-background-meta":{"desktop":{"background-color":"var(--ast-global-color-5)","background-image":"","background-repeat":"repeat","background-position":"center center","background-size":"auto","background-attachment":"scroll","background-type":"","background-media":"","overlay-type":"","overlay-color":"","overlay-opacity":"","overlay-gradient":""},"tablet":{"background-color":"","background-image":"","background-repeat":"repeat","background-position":"center center","background-size":"auto","background-attachment":"scroll","background-type":"","background-media":"","overlay-type":"","overlay-color":"","overlay-opacity":"","overlay-gradient":""},"mobile":{"background-color":"","background-image":"","background-repeat":"repeat","background-position":"center center","background-size":"auto","background-attachment":"scroll","background-type":"","background-media":"","overlay-type":"","overlay-color":"","overlay-opacity":"","overlay-gradient":""}},"ast-content-background-meta":{"desktop":{"background-color":"var(--ast-global-color-4)","background-image":"","background-repeat":"repeat","background-position":"center center","background-size":"auto","background-attachment":"scroll","background-type":"","background-media":"","overlay-type":"","overlay-color":"","overlay-opacity":"","overlay-gradient":""},"tablet":{"background-color":"var(--ast-global-color-4)","background-image":"","background-repeat":"repeat","background-position":"center center","background-size":"auto","background-attachment":"scroll","background-type":"","background-media":"","overlay-type":"","overlay-color":"","overlay-opacity":"","overlay-gradient":""},"mobile":{"background-color":"var(--ast-global-color-4)","background-image":"","background-repeat":"repeat","background-position":"center center","background-size":"auto","background-attachment":"scroll","background-type":"","background-media":"","overlay-type":"","overlay-color":"","overlay-opacity":"","overlay-gradient":""}},"footnotes":""},"class_list":["post-77819","page","type-page","status-publish","hentry"],"_links":{"self":[{"href":"https:\/\/mavideniz.com.tr\/pt-pt\/wp-json\/wp\/v2\/pages\/77819","targetHints":{"allow":["GET"]}}],"collection":[{"href":"https:\/\/mavideniz.com.tr\/pt-pt\/wp-json\/wp\/v2\/pages"}],"about":[{"href":"https:\/\/mavideniz.com.tr\/pt-pt\/wp-json\/wp\/v2\/types\/page"}],"author":[{"embeddable":true,"href":"https:\/\/mavideniz.com.tr\/pt-pt\/wp-json\/wp\/v2\/users\/1"}],"replies":[{"embeddable":true,"href":"https:\/\/mavideniz.com.tr\/pt-pt\/wp-json\/wp\/v2\/comments?post=77819"}],"version-history":[{"count":0,"href":"https:\/\/mavideniz.com.tr\/pt-pt\/wp-json\/wp\/v2\/pages\/77819\/revisions"}],"up":[{"embeddable":true,"href":"https:\/\/mavideniz.com.tr\/pt-pt\/wp-json\/wp\/v2\/pages\/77816"}],"wp:attachment":[{"href":"https:\/\/mavideniz.com.tr\/pt-pt\/wp-json\/wp\/v2\/media?parent=77819"}],"curies":[{"name":"wp","href":"https:\/\/api.w.org\/{rel}","templated":true}]}}